{"id":1022,"date":"2019-05-07T09:38:34","date_gmt":"2019-05-07T09:38:34","guid":{"rendered":"https:\/\/familywines.cetrexmarketing.com\/producto\/martinet-especial-cabernet-1993-3\/"},"modified":"2019-05-07T09:38:34","modified_gmt":"2019-05-07T09:38:34","slug":"martinet-especial-cabernet-1993-3","status":"publish","type":"product","link":"https:\/\/familywines.cetrexmarketing.com\/ca\/producto\/martinet-especial-cabernet-1993-3\/","title":{"rendered":"Martinet Especial Cabernet 1993"},"content":{"rendered":"<p style=\"text-align:left;\">Una estructura que solo se puede dar en el Priorat. Un vino \u00fanico. La\u00a0sequ\u00eda del 1993\u00a0redujo la baya, disminuyendo la producci\u00f3n a 650 gr. por cepa.\u00a0<\/p>\n<p>Una experiencia \u00fanica que nos demuestra\u00a0que los taninos, en nuestra zona, evolucionan en la piel, ya que con tan solo 8 meses de madera ja podemos disfrutarlos. Y dec\u00edamos que en 10 a\u00f1os ser\u00eda un vino excelente. \u00a1Compru\u00e9benlo!<\/p>\n","protected":false},"excerpt":{"rendered":"<p>Una estructura que solo se puede dar en el Priorat. Un vino \u00fanico. La\u00a0sequ\u00eda del 1993\u00a0redujo la baya, disminuyendo la producci\u00f3n a 650 gr. por cepa.\u00a0 Una experiencia \u00fanica que nos demuestra\u00a0que los taninos, en nuestra zona, evolucionan en la piel, ya que con tan solo 8 meses de madera ja podemos disfrutarlos. Y dec\u00edamos&hellip;<\/p>\n","protected":false},"featured_media":752,"comment_status":"open","ping_status":"closed","template":"","meta":[],"product_cat":[212,203,197,188,164,200],"product_tag":[],"yoast_head":"<!-- This site is optimized with the Yoast SEO plugin v19.1 - https:\/\/yoast.com\/wordpress\/plugins\/seo\/ -->\n<title>Martinet Especial Cabernet 1993 - Family Wines<\/title>\n<meta name=\"robots\" content=\"noindex, follow, max-snippet:-1, max-image-preview:large, max-video-preview:-1\" \/>\n<meta property=\"og:locale\" content=\"ca_ES\" \/>\n<meta property=\"og:type\" content=\"article\" \/>\n<meta property=\"og:title\" content=\"Martinet Especial Cabernet 1993 - Family Wines\" \/>\n<meta property=\"og:description\" content=\"Una estructura que solo se puede dar en el Priorat. Un vino \u00fanico. La\u00a0sequ\u00eda del 1993\u00a0redujo la baya, disminuyendo la producci\u00f3n a 650 gr. por cepa.\u00a0 Una experiencia \u00fanica que nos demuestra\u00a0que los taninos, en nuestra zona, evolucionan en la piel, ya que con tan solo 8 meses de madera ja podemos disfrutarlos. Y dec\u00edamos&hellip;\" \/>\n<meta property=\"og:url\" content=\"https:\/\/familywines.cetrexmarketing.com\/producto\/martinet-especial-cabernet-1993-3\/\" \/>\n<meta property=\"og:site_name\" content=\"Family Wines\" \/>\n<meta name=\"twitter:card\" content=\"summary_large_image\" \/>\n<script type=\"application\/ld+json\" class=\"yoast-schema-graph\">{\"@context\":\"https:\/\/schema.org\",\"@graph\":[{\"@type\":\"WebSite\",\"@id\":\"https:\/\/familywines.cetrexmarketing.com\/#website\",\"url\":\"https:\/\/familywines.cetrexmarketing.com\/\",\"name\":\"Family Wines\",\"description\":\"\",\"potentialAction\":[{\"@type\":\"SearchAction\",\"target\":{\"@type\":\"EntryPoint\",\"urlTemplate\":\"https:\/\/familywines.cetrexmarketing.com\/?s={search_term_string}\"},\"query-input\":\"required name=search_term_string\"}],\"inLanguage\":\"ca\"},{\"@type\":\"ImageObject\",\"inLanguage\":\"ca\",\"@id\":\"https:\/\/familywines.cetrexmarketing.com\/producto\/martinet-especial-cabernet-1993-3\/#primaryimage\",\"url\":\"https:\/\/familywines.cetrexmarketing.com\/wp-content\/uploads\/2019\/05\/67-thickbox_default-Martinet-Especial-Cabernet-1993.jpg\",\"contentUrl\":\"https:\/\/familywines.cetrexmarketing.com\/wp-content\/uploads\/2019\/05\/67-thickbox_default-Martinet-Especial-Cabernet-1993.jpg\",\"width\":700,\"height\":800},{\"@type\":\"WebPage\",\"@id\":\"https:\/\/familywines.cetrexmarketing.com\/producto\/martinet-especial-cabernet-1993-3\/#webpage\",\"url\":\"https:\/\/familywines.cetrexmarketing.com\/producto\/martinet-especial-cabernet-1993-3\/\",\"name\":\"Martinet Especial Cabernet 1993 - Family Wines\",\"isPartOf\":{\"@id\":\"https:\/\/familywines.cetrexmarketing.com\/#website\"},\"primaryImageOfPage\":{\"@id\":\"https:\/\/familywines.cetrexmarketing.com\/producto\/martinet-especial-cabernet-1993-3\/#primaryimage\"},\"datePublished\":\"2019-05-07T09:38:34+00:00\",\"dateModified\":\"2019-05-07T09:38:34+00:00\",\"breadcrumb\":{\"@id\":\"https:\/\/familywines.cetrexmarketing.com\/producto\/martinet-especial-cabernet-1993-3\/#breadcrumb\"},\"inLanguage\":\"ca\",\"potentialAction\":[{\"@type\":\"ReadAction\",\"target\":[\"https:\/\/familywines.cetrexmarketing.com\/producto\/martinet-especial-cabernet-1993-3\/\"]}]},{\"@type\":\"BreadcrumbList\",\"@id\":\"https:\/\/familywines.cetrexmarketing.com\/producto\/martinet-especial-cabernet-1993-3\/#breadcrumb\",\"itemListElement\":[{\"@type\":\"ListItem\",\"position\":1,\"name\":\"Home\",\"item\":\"https:\/\/familywines.cetrexmarketing.com\/ca\/test\/\"},{\"@type\":\"ListItem\",\"position\":2,\"name\":\"Tienda\",\"item\":\"https:\/\/familywines.cetrexmarketing.com\/tienda\/\"},{\"@type\":\"ListItem\",\"position\":3,\"name\":\"Martinet Especial Cabernet 1993\"}]}]}<\/script>\n<!-- \/ Yoast SEO plugin. -->","yoast_head_json":{"title":"Martinet Especial Cabernet 1993 - Family Wines","robots":{"index":"noindex","follow":"follow","max-snippet":"max-snippet:-1","max-image-preview":"max-image-preview:large","max-video-preview":"max-video-preview:-1"},"og_locale":"ca_ES","og_type":"article","og_title":"Martinet Especial Cabernet 1993 - Family Wines","og_description":"Una estructura que solo se puede dar en el Priorat. Un vino \u00fanico. La\u00a0sequ\u00eda del 1993\u00a0redujo la baya, disminuyendo la producci\u00f3n a 650 gr. por cepa.\u00a0 Una experiencia \u00fanica que nos demuestra\u00a0que los taninos, en nuestra zona, evolucionan en la piel, ya que con tan solo 8 meses de madera ja podemos disfrutarlos. Y dec\u00edamos&hellip;","og_url":"https:\/\/familywines.cetrexmarketing.com\/producto\/martinet-especial-cabernet-1993-3\/","og_site_name":"Family Wines","twitter_card":"summary_large_image","schema":{"@context":"https:\/\/schema.org","@graph":[{"@type":"WebSite","@id":"https:\/\/familywines.cetrexmarketing.com\/#website","url":"https:\/\/familywines.cetrexmarketing.com\/","name":"Family Wines","description":"","potentialAction":[{"@type":"SearchAction","target":{"@type":"EntryPoint","urlTemplate":"https:\/\/familywines.cetrexmarketing.com\/?s={search_term_string}"},"query-input":"required name=search_term_string"}],"inLanguage":"ca"},{"@type":"ImageObject","inLanguage":"ca","@id":"https:\/\/familywines.cetrexmarketing.com\/producto\/martinet-especial-cabernet-1993-3\/#primaryimage","url":"https:\/\/familywines.cetrexmarketing.com\/wp-content\/uploads\/2019\/05\/67-thickbox_default-Martinet-Especial-Cabernet-1993.jpg","contentUrl":"https:\/\/familywines.cetrexmarketing.com\/wp-content\/uploads\/2019\/05\/67-thickbox_default-Martinet-Especial-Cabernet-1993.jpg","width":700,"height":800},{"@type":"WebPage","@id":"https:\/\/familywines.cetrexmarketing.com\/producto\/martinet-especial-cabernet-1993-3\/#webpage","url":"https:\/\/familywines.cetrexmarketing.com\/producto\/martinet-especial-cabernet-1993-3\/","name":"Martinet Especial Cabernet 1993 - Family Wines","isPartOf":{"@id":"https:\/\/familywines.cetrexmarketing.com\/#website"},"primaryImageOfPage":{"@id":"https:\/\/familywines.cetrexmarketing.com\/producto\/martinet-especial-cabernet-1993-3\/#primaryimage"},"datePublished":"2019-05-07T09:38:34+00:00","dateModified":"2019-05-07T09:38:34+00:00","breadcrumb":{"@id":"https:\/\/familywines.cetrexmarketing.com\/producto\/martinet-especial-cabernet-1993-3\/#breadcrumb"},"inLanguage":"ca","potentialAction":[{"@type":"ReadAction","target":["https:\/\/familywines.cetrexmarketing.com\/producto\/martinet-especial-cabernet-1993-3\/"]}]},{"@type":"BreadcrumbList","@id":"https:\/\/familywines.cetrexmarketing.com\/producto\/martinet-especial-cabernet-1993-3\/#breadcrumb","itemListElement":[{"@type":"ListItem","position":1,"name":"Home","item":"https:\/\/familywines.cetrexmarketing.com\/ca\/test\/"},{"@type":"ListItem","position":2,"name":"Tienda","item":"https:\/\/familywines.cetrexmarketing.com\/tienda\/"},{"@type":"ListItem","position":3,"name":"Martinet Especial Cabernet 1993"}]}]}},"_links":{"self":[{"href":"https:\/\/familywines.cetrexmarketing.com\/ca\/wp-json\/wp\/v2\/product\/1022"}],"collection":[{"href":"https:\/\/familywines.cetrexmarketing.com\/ca\/wp-json\/wp\/v2\/product"}],"about":[{"href":"https:\/\/familywines.cetrexmarketing.com\/ca\/wp-json\/wp\/v2\/types\/product"}],"replies":[{"embeddable":true,"href":"https:\/\/familywines.cetrexmarketing.com\/ca\/wp-json\/wp\/v2\/comments?post=1022"}],"wp:featuredmedia":[{"embeddable":true,"href":"https:\/\/familywines.cetrexmarketing.com\/ca\/wp-json\/wp\/v2\/media\/752"}],"wp:attachment":[{"href":"https:\/\/familywines.cetrexmarketing.com\/ca\/wp-json\/wp\/v2\/media?parent=1022"}],"wp:term":[{"taxonomy":"product_cat","embeddable":true,"href":"https:\/\/familywines.cetrexmarketing.com\/ca\/wp-json\/wp\/v2\/product_cat?post=1022"},{"taxonomy":"product_tag","embeddable":true,"href":"https:\/\/familywines.cetrexmarketing.com\/ca\/wp-json\/wp\/v2\/product_tag?post=1022"}],"curies":[{"name":"wp","href":"https:\/\/api.w.org\/{rel}","templated":true}]}}