{"id":1026,"date":"2019-10-11T15:08:47","date_gmt":"2019-10-11T15:08:47","guid":{"rendered":"https:\/\/familywines.cetrexmarketing.com\/producto\/dido-blanc-2010\/"},"modified":"2019-10-11T15:08:47","modified_gmt":"2019-10-11T15:08:47","slug":"dido-blanc-2010","status":"publish","type":"product","link":"https:\/\/familywines.cetrexmarketing.com\/ca\/producto\/dido-blanc-2010\/","title":{"rendered":"Dido blanc 2010"},"content":{"rendered":"<p><span><span>Aquest vi \u00e9s fruit d\u2019un desig, d\u2019una intu\u00efci\u00f3. Fidels a la traject\u00f2ria d\u2019anar recuperant part de la nostra hist\u00f2ria, de la nostra tradici\u00f3, vam voler fer un vi blanc mediterrani de varietats locals: Garnatxa blanca, Macabeu (Viura) i Cartoix\u00e0 (Xarel\u00b7lo). La voluptuositat, l\u2019eleg\u00e0ncia i la rectitud&#8230;<\/span><\/span><span><span> <\/span><\/span><span><span>Paraules majors.<\/span><\/span><\/p>\n<p><span><span><\/span><span><span>Ha fermentat en fusta, amb llevats no seleccionats, que han estat els responsables d\u2019una fermentaci\u00f3 alcoh\u00f2lica que ha durat\u2026 10 mesos!!\u00a0Un gran vi blanc mediterrani de guarda.<\/span><\/span><\/span><\/p>\n","protected":false},"excerpt":{"rendered":"<p>Aquest vi \u00e9s fruit d\u2019un desig, d\u2019una intu\u00efci\u00f3. Fidels a la traject\u00f2ria d\u2019anar recuperant part de la nostra hist\u00f2ria, de la nostra tradici\u00f3, vam voler fer un vi blanc mediterrani de varietats locals: Garnatxa blanca, Macabeu (Viura) i Cartoix\u00e0 (Xarel\u00b7lo). La voluptuositat, l\u2019eleg\u00e0ncia i la rectitud&#8230; Paraules majors. Ha fermentat en fusta, amb llevats no&hellip;<\/p>\n","protected":false},"featured_media":756,"comment_status":"open","ping_status":"closed","template":"","meta":[],"product_cat":[237,207,216,162,213,198],"product_tag":[332,331,333,330],"yoast_head":"<!-- This site is optimized with the Yoast SEO plugin v19.1 - https:\/\/yoast.com\/wordpress\/plugins\/seo\/ -->\n<title>Dido blanc 2010 - Family Wines<\/title>\n<meta name=\"robots\" content=\"noindex, follow, max-snippet:-1, max-image-preview:large, max-video-preview:-1\" \/>\n<meta property=\"og:locale\" content=\"ca_ES\" \/>\n<meta property=\"og:type\" content=\"article\" \/>\n<meta property=\"og:title\" content=\"Dido blanc 2010 - Family Wines\" \/>\n<meta property=\"og:description\" content=\"Aquest vi \u00e9s fruit d\u2019un desig, d\u2019una intu\u00efci\u00f3. Fidels a la traject\u00f2ria d\u2019anar recuperant part de la nostra hist\u00f2ria, de la nostra tradici\u00f3, vam voler fer un vi blanc mediterrani de varietats locals: Garnatxa blanca, Macabeu (Viura) i Cartoix\u00e0 (Xarel\u00b7lo). La voluptuositat, l\u2019eleg\u00e0ncia i la rectitud&#8230; Paraules majors. Ha fermentat en fusta, amb llevats no&hellip;\" \/>\n<meta property=\"og:url\" content=\"https:\/\/familywines.cetrexmarketing.com\/producto\/dido-blanc-2010\/\" \/>\n<meta property=\"og:site_name\" content=\"Family Wines\" \/>\n<meta property=\"og:image\" content=\"https:\/\/familywines.cetrexmarketing.com\/wp-content\/uploads\/2019\/10\/98-thickbox_default-Dido-Blanc-2010.jpg\" \/>\n\t<meta property=\"og:image:width\" content=\"700\" \/>\n\t<meta property=\"og:image:height\" content=\"800\" \/>\n\t<meta property=\"og:image:type\" content=\"image\/jpeg\" \/>\n<meta name=\"twitter:card\" content=\"summary_large_image\" \/>\n<script type=\"application\/ld+json\" class=\"yoast-schema-graph\">{\"@context\":\"https:\/\/schema.org\",\"@graph\":[{\"@type\":\"WebSite\",\"@id\":\"https:\/\/familywines.cetrexmarketing.com\/#website\",\"url\":\"https:\/\/familywines.cetrexmarketing.com\/\",\"name\":\"Family Wines\",\"description\":\"\",\"potentialAction\":[{\"@type\":\"SearchAction\",\"target\":{\"@type\":\"EntryPoint\",\"urlTemplate\":\"https:\/\/familywines.cetrexmarketing.com\/?s={search_term_string}\"},\"query-input\":\"required name=search_term_string\"}],\"inLanguage\":\"ca\"},{\"@type\":\"ImageObject\",\"inLanguage\":\"ca\",\"@id\":\"https:\/\/familywines.cetrexmarketing.com\/producto\/dido-blanc-2010\/#primaryimage\",\"url\":\"https:\/\/familywines.cetrexmarketing.com\/wp-content\/uploads\/2019\/10\/98-thickbox_default-Dido-Blanc-2010.jpg\",\"contentUrl\":\"https:\/\/familywines.cetrexmarketing.com\/wp-content\/uploads\/2019\/10\/98-thickbox_default-Dido-Blanc-2010.jpg\",\"width\":700,\"height\":800},{\"@type\":\"WebPage\",\"@id\":\"https:\/\/familywines.cetrexmarketing.com\/producto\/dido-blanc-2010\/#webpage\",\"url\":\"https:\/\/familywines.cetrexmarketing.com\/producto\/dido-blanc-2010\/\",\"name\":\"Dido blanc 2010 - Family Wines\",\"isPartOf\":{\"@id\":\"https:\/\/familywines.cetrexmarketing.com\/#website\"},\"primaryImageOfPage\":{\"@id\":\"https:\/\/familywines.cetrexmarketing.com\/producto\/dido-blanc-2010\/#primaryimage\"},\"datePublished\":\"2019-10-11T15:08:47+00:00\",\"dateModified\":\"2019-10-11T15:08:47+00:00\",\"breadcrumb\":{\"@id\":\"https:\/\/familywines.cetrexmarketing.com\/producto\/dido-blanc-2010\/#breadcrumb\"},\"inLanguage\":\"ca\",\"potentialAction\":[{\"@type\":\"ReadAction\",\"target\":[\"https:\/\/familywines.cetrexmarketing.com\/producto\/dido-blanc-2010\/\"]}]},{\"@type\":\"BreadcrumbList\",\"@id\":\"https:\/\/familywines.cetrexmarketing.com\/producto\/dido-blanc-2010\/#breadcrumb\",\"itemListElement\":[{\"@type\":\"ListItem\",\"position\":1,\"name\":\"Home\",\"item\":\"https:\/\/familywines.cetrexmarketing.com\/ca\/test\/\"},{\"@type\":\"ListItem\",\"position\":2,\"name\":\"Tienda\",\"item\":\"https:\/\/familywines.cetrexmarketing.com\/tienda\/\"},{\"@type\":\"ListItem\",\"position\":3,\"name\":\"Dido blanc 2010\"}]}]}<\/script>\n<!-- \/ Yoast SEO plugin. -->","yoast_head_json":{"title":"Dido blanc 2010 - Family Wines","robots":{"index":"noindex","follow":"follow","max-snippet":"max-snippet:-1","max-image-preview":"max-image-preview:large","max-video-preview":"max-video-preview:-1"},"og_locale":"ca_ES","og_type":"article","og_title":"Dido blanc 2010 - Family Wines","og_description":"Aquest vi \u00e9s fruit d\u2019un desig, d\u2019una intu\u00efci\u00f3. Fidels a la traject\u00f2ria d\u2019anar recuperant part de la nostra hist\u00f2ria, de la nostra tradici\u00f3, vam voler fer un vi blanc mediterrani de varietats locals: Garnatxa blanca, Macabeu (Viura) i Cartoix\u00e0 (Xarel\u00b7lo). La voluptuositat, l\u2019eleg\u00e0ncia i la rectitud&#8230; Paraules majors. Ha fermentat en fusta, amb llevats no&hellip;","og_url":"https:\/\/familywines.cetrexmarketing.com\/producto\/dido-blanc-2010\/","og_site_name":"Family Wines","og_image":[{"width":700,"height":800,"url":"https:\/\/familywines.cetrexmarketing.com\/wp-content\/uploads\/2019\/10\/98-thickbox_default-Dido-Blanc-2010.jpg","type":"image\/jpeg"}],"twitter_card":"summary_large_image","schema":{"@context":"https:\/\/schema.org","@graph":[{"@type":"WebSite","@id":"https:\/\/familywines.cetrexmarketing.com\/#website","url":"https:\/\/familywines.cetrexmarketing.com\/","name":"Family Wines","description":"","potentialAction":[{"@type":"SearchAction","target":{"@type":"EntryPoint","urlTemplate":"https:\/\/familywines.cetrexmarketing.com\/?s={search_term_string}"},"query-input":"required name=search_term_string"}],"inLanguage":"ca"},{"@type":"ImageObject","inLanguage":"ca","@id":"https:\/\/familywines.cetrexmarketing.com\/producto\/dido-blanc-2010\/#primaryimage","url":"https:\/\/familywines.cetrexmarketing.com\/wp-content\/uploads\/2019\/10\/98-thickbox_default-Dido-Blanc-2010.jpg","contentUrl":"https:\/\/familywines.cetrexmarketing.com\/wp-content\/uploads\/2019\/10\/98-thickbox_default-Dido-Blanc-2010.jpg","width":700,"height":800},{"@type":"WebPage","@id":"https:\/\/familywines.cetrexmarketing.com\/producto\/dido-blanc-2010\/#webpage","url":"https:\/\/familywines.cetrexmarketing.com\/producto\/dido-blanc-2010\/","name":"Dido blanc 2010 - Family Wines","isPartOf":{"@id":"https:\/\/familywines.cetrexmarketing.com\/#website"},"primaryImageOfPage":{"@id":"https:\/\/familywines.cetrexmarketing.com\/producto\/dido-blanc-2010\/#primaryimage"},"datePublished":"2019-10-11T15:08:47+00:00","dateModified":"2019-10-11T15:08:47+00:00","breadcrumb":{"@id":"https:\/\/familywines.cetrexmarketing.com\/producto\/dido-blanc-2010\/#breadcrumb"},"inLanguage":"ca","potentialAction":[{"@type":"ReadAction","target":["https:\/\/familywines.cetrexmarketing.com\/producto\/dido-blanc-2010\/"]}]},{"@type":"BreadcrumbList","@id":"https:\/\/familywines.cetrexmarketing.com\/producto\/dido-blanc-2010\/#breadcrumb","itemListElement":[{"@type":"ListItem","position":1,"name":"Home","item":"https:\/\/familywines.cetrexmarketing.com\/ca\/test\/"},{"@type":"ListItem","position":2,"name":"Tienda","item":"https:\/\/familywines.cetrexmarketing.com\/tienda\/"},{"@type":"ListItem","position":3,"name":"Dido blanc 2010"}]}]}},"_links":{"self":[{"href":"https:\/\/familywines.cetrexmarketing.com\/ca\/wp-json\/wp\/v2\/product\/1026"}],"collection":[{"href":"https:\/\/familywines.cetrexmarketing.com\/ca\/wp-json\/wp\/v2\/product"}],"about":[{"href":"https:\/\/familywines.cetrexmarketing.com\/ca\/wp-json\/wp\/v2\/types\/product"}],"replies":[{"embeddable":true,"href":"https:\/\/familywines.cetrexmarketing.com\/ca\/wp-json\/wp\/v2\/comments?post=1026"}],"wp:featuredmedia":[{"embeddable":true,"href":"https:\/\/familywines.cetrexmarketing.com\/ca\/wp-json\/wp\/v2\/media\/756"}],"wp:attachment":[{"href":"https:\/\/familywines.cetrexmarketing.com\/ca\/wp-json\/wp\/v2\/media?parent=1026"}],"wp:term":[{"taxonomy":"product_cat","embeddable":true,"href":"https:\/\/familywines.cetrexmarketing.com\/ca\/wp-json\/wp\/v2\/product_cat?post=1026"},{"taxonomy":"product_tag","embeddable":true,"href":"https:\/\/familywines.cetrexmarketing.com\/ca\/wp-json\/wp\/v2\/product_tag?post=1026"}],"curies":[{"name":"wp","href":"https:\/\/api.w.org\/{rel}","templated":true}]}}