{"id":1050,"date":"2019-10-28T10:19:25","date_gmt":"2019-10-28T10:19:25","guid":{"rendered":"https:\/\/familywines.cetrexmarketing.com\/producto\/la-vinya-del-vuit-2007\/"},"modified":"2019-10-28T10:19:25","modified_gmt":"2019-10-28T10:19:25","slug":"la-vinya-del-vuit-2007","status":"publish","type":"product","link":"https:\/\/familywines.cetrexmarketing.com\/ca\/producto\/la-vinya-del-vuit-2007\/","title":{"rendered":"La Vinya del Vuit 2007"},"content":{"rendered":"<p><span>95% Carinyena de coster centenari i\u00a0<\/span>5% Garnatxa de coster, sobre llicorella esmicolada.<\/p>\n<p><span>Aroma agradable, amb una barreja de tabac i minerals combinats amb cireres confitades, c\u00edtrics i unes delicioses especies. Un sabor jove pero marcadament afruitat amb restes de pruna, especies i xocolata. T\u00e9 un final llarg amb una acidesa adequada per ser d&#8217;edat avan\u00e7ada.\u00a0<\/span><\/p>\n","protected":false},"excerpt":{"rendered":"<p>95% Carinyena de coster centenari i\u00a05% Garnatxa de coster, sobre llicorella esmicolada. Aroma agradable, amb una barreja de tabac i minerals combinats amb cireres confitades, c\u00edtrics i unes delicioses especies. Un sabor jove pero marcadament afruitat amb restes de pruna, especies i xocolata. T\u00e9 un final llarg amb una acidesa adequada per ser d&#8217;edat avan\u00e7ada.\u00a0<\/p>\n","protected":false},"featured_media":772,"comment_status":"open","ping_status":"closed","template":"","meta":[],"product_cat":[222,201,249,186,162,198],"product_tag":[343,337,336,342],"yoast_head":"<!-- This site is optimized with the Yoast SEO plugin v19.1 - https:\/\/yoast.com\/wordpress\/plugins\/seo\/ -->\n<title>La Vinya del Vuit 2007 - Family Wines<\/title>\n<meta name=\"robots\" content=\"noindex, follow, max-snippet:-1, max-image-preview:large, max-video-preview:-1\" \/>\n<meta property=\"og:locale\" content=\"ca_ES\" \/>\n<meta property=\"og:type\" content=\"article\" \/>\n<meta property=\"og:title\" content=\"La Vinya del Vuit 2007 - Family Wines\" \/>\n<meta property=\"og:description\" content=\"95% Carinyena de coster centenari i\u00a05% Garnatxa de coster, sobre llicorella esmicolada. Aroma agradable, amb una barreja de tabac i minerals combinats amb cireres confitades, c\u00edtrics i unes delicioses especies. Un sabor jove pero marcadament afruitat amb restes de pruna, especies i xocolata. T\u00e9 un final llarg amb una acidesa adequada per ser d&#8217;edat avan\u00e7ada.\u00a0\" \/>\n<meta property=\"og:url\" content=\"https:\/\/familywines.cetrexmarketing.com\/producto\/la-vinya-del-vuit-2007\/\" \/>\n<meta property=\"og:site_name\" content=\"Family Wines\" \/>\n<meta property=\"og:image\" content=\"https:\/\/familywines.cetrexmarketing.com\/wp-content\/uploads\/2019\/10\/100-thickbox_default-La-Vinya-del-Vuit-2007.jpg\" \/>\n\t<meta property=\"og:image:width\" content=\"700\" \/>\n\t<meta property=\"og:image:height\" content=\"800\" \/>\n\t<meta property=\"og:image:type\" content=\"image\/jpeg\" \/>\n<meta name=\"twitter:card\" content=\"summary_large_image\" \/>\n<script type=\"application\/ld+json\" class=\"yoast-schema-graph\">{\"@context\":\"https:\/\/schema.org\",\"@graph\":[{\"@type\":\"WebSite\",\"@id\":\"https:\/\/familywines.cetrexmarketing.com\/#website\",\"url\":\"https:\/\/familywines.cetrexmarketing.com\/\",\"name\":\"Family Wines\",\"description\":\"\",\"potentialAction\":[{\"@type\":\"SearchAction\",\"target\":{\"@type\":\"EntryPoint\",\"urlTemplate\":\"https:\/\/familywines.cetrexmarketing.com\/?s={search_term_string}\"},\"query-input\":\"required name=search_term_string\"}],\"inLanguage\":\"ca\"},{\"@type\":\"ImageObject\",\"inLanguage\":\"ca\",\"@id\":\"https:\/\/familywines.cetrexmarketing.com\/producto\/la-vinya-del-vuit-2007\/#primaryimage\",\"url\":\"https:\/\/familywines.cetrexmarketing.com\/wp-content\/uploads\/2019\/10\/100-thickbox_default-La-Vinya-del-Vuit-2007.jpg\",\"contentUrl\":\"https:\/\/familywines.cetrexmarketing.com\/wp-content\/uploads\/2019\/10\/100-thickbox_default-La-Vinya-del-Vuit-2007.jpg\",\"width\":700,\"height\":800},{\"@type\":\"WebPage\",\"@id\":\"https:\/\/familywines.cetrexmarketing.com\/producto\/la-vinya-del-vuit-2007\/#webpage\",\"url\":\"https:\/\/familywines.cetrexmarketing.com\/producto\/la-vinya-del-vuit-2007\/\",\"name\":\"La Vinya del Vuit 2007 - Family Wines\",\"isPartOf\":{\"@id\":\"https:\/\/familywines.cetrexmarketing.com\/#website\"},\"primaryImageOfPage\":{\"@id\":\"https:\/\/familywines.cetrexmarketing.com\/producto\/la-vinya-del-vuit-2007\/#primaryimage\"},\"datePublished\":\"2019-10-28T10:19:25+00:00\",\"dateModified\":\"2019-10-28T10:19:25+00:00\",\"breadcrumb\":{\"@id\":\"https:\/\/familywines.cetrexmarketing.com\/producto\/la-vinya-del-vuit-2007\/#breadcrumb\"},\"inLanguage\":\"ca\",\"potentialAction\":[{\"@type\":\"ReadAction\",\"target\":[\"https:\/\/familywines.cetrexmarketing.com\/producto\/la-vinya-del-vuit-2007\/\"]}]},{\"@type\":\"BreadcrumbList\",\"@id\":\"https:\/\/familywines.cetrexmarketing.com\/producto\/la-vinya-del-vuit-2007\/#breadcrumb\",\"itemListElement\":[{\"@type\":\"ListItem\",\"position\":1,\"name\":\"Home\",\"item\":\"https:\/\/familywines.cetrexmarketing.com\/ca\/test\/\"},{\"@type\":\"ListItem\",\"position\":2,\"name\":\"Tienda\",\"item\":\"https:\/\/familywines.cetrexmarketing.com\/tienda\/\"},{\"@type\":\"ListItem\",\"position\":3,\"name\":\"La Vinya del Vuit 2007\"}]}]}<\/script>\n<!-- \/ Yoast SEO plugin. -->","yoast_head_json":{"title":"La Vinya del Vuit 2007 - Family Wines","robots":{"index":"noindex","follow":"follow","max-snippet":"max-snippet:-1","max-image-preview":"max-image-preview:large","max-video-preview":"max-video-preview:-1"},"og_locale":"ca_ES","og_type":"article","og_title":"La Vinya del Vuit 2007 - Family Wines","og_description":"95% Carinyena de coster centenari i\u00a05% Garnatxa de coster, sobre llicorella esmicolada. Aroma agradable, amb una barreja de tabac i minerals combinats amb cireres confitades, c\u00edtrics i unes delicioses especies. Un sabor jove pero marcadament afruitat amb restes de pruna, especies i xocolata. T\u00e9 un final llarg amb una acidesa adequada per ser d&#8217;edat avan\u00e7ada.\u00a0","og_url":"https:\/\/familywines.cetrexmarketing.com\/producto\/la-vinya-del-vuit-2007\/","og_site_name":"Family Wines","og_image":[{"width":700,"height":800,"url":"https:\/\/familywines.cetrexmarketing.com\/wp-content\/uploads\/2019\/10\/100-thickbox_default-La-Vinya-del-Vuit-2007.jpg","type":"image\/jpeg"}],"twitter_card":"summary_large_image","schema":{"@context":"https:\/\/schema.org","@graph":[{"@type":"WebSite","@id":"https:\/\/familywines.cetrexmarketing.com\/#website","url":"https:\/\/familywines.cetrexmarketing.com\/","name":"Family Wines","description":"","potentialAction":[{"@type":"SearchAction","target":{"@type":"EntryPoint","urlTemplate":"https:\/\/familywines.cetrexmarketing.com\/?s={search_term_string}"},"query-input":"required name=search_term_string"}],"inLanguage":"ca"},{"@type":"ImageObject","inLanguage":"ca","@id":"https:\/\/familywines.cetrexmarketing.com\/producto\/la-vinya-del-vuit-2007\/#primaryimage","url":"https:\/\/familywines.cetrexmarketing.com\/wp-content\/uploads\/2019\/10\/100-thickbox_default-La-Vinya-del-Vuit-2007.jpg","contentUrl":"https:\/\/familywines.cetrexmarketing.com\/wp-content\/uploads\/2019\/10\/100-thickbox_default-La-Vinya-del-Vuit-2007.jpg","width":700,"height":800},{"@type":"WebPage","@id":"https:\/\/familywines.cetrexmarketing.com\/producto\/la-vinya-del-vuit-2007\/#webpage","url":"https:\/\/familywines.cetrexmarketing.com\/producto\/la-vinya-del-vuit-2007\/","name":"La Vinya del Vuit 2007 - Family Wines","isPartOf":{"@id":"https:\/\/familywines.cetrexmarketing.com\/#website"},"primaryImageOfPage":{"@id":"https:\/\/familywines.cetrexmarketing.com\/producto\/la-vinya-del-vuit-2007\/#primaryimage"},"datePublished":"2019-10-28T10:19:25+00:00","dateModified":"2019-10-28T10:19:25+00:00","breadcrumb":{"@id":"https:\/\/familywines.cetrexmarketing.com\/producto\/la-vinya-del-vuit-2007\/#breadcrumb"},"inLanguage":"ca","potentialAction":[{"@type":"ReadAction","target":["https:\/\/familywines.cetrexmarketing.com\/producto\/la-vinya-del-vuit-2007\/"]}]},{"@type":"BreadcrumbList","@id":"https:\/\/familywines.cetrexmarketing.com\/producto\/la-vinya-del-vuit-2007\/#breadcrumb","itemListElement":[{"@type":"ListItem","position":1,"name":"Home","item":"https:\/\/familywines.cetrexmarketing.com\/ca\/test\/"},{"@type":"ListItem","position":2,"name":"Tienda","item":"https:\/\/familywines.cetrexmarketing.com\/tienda\/"},{"@type":"ListItem","position":3,"name":"La Vinya del Vuit 2007"}]}]}},"_links":{"self":[{"href":"https:\/\/familywines.cetrexmarketing.com\/ca\/wp-json\/wp\/v2\/product\/1050"}],"collection":[{"href":"https:\/\/familywines.cetrexmarketing.com\/ca\/wp-json\/wp\/v2\/product"}],"about":[{"href":"https:\/\/familywines.cetrexmarketing.com\/ca\/wp-json\/wp\/v2\/types\/product"}],"replies":[{"embeddable":true,"href":"https:\/\/familywines.cetrexmarketing.com\/ca\/wp-json\/wp\/v2\/comments?post=1050"}],"wp:featuredmedia":[{"embeddable":true,"href":"https:\/\/familywines.cetrexmarketing.com\/ca\/wp-json\/wp\/v2\/media\/772"}],"wp:attachment":[{"href":"https:\/\/familywines.cetrexmarketing.com\/ca\/wp-json\/wp\/v2\/media?parent=1050"}],"wp:term":[{"taxonomy":"product_cat","embeddable":true,"href":"https:\/\/familywines.cetrexmarketing.com\/ca\/wp-json\/wp\/v2\/product_cat?post=1050"},{"taxonomy":"product_tag","embeddable":true,"href":"https:\/\/familywines.cetrexmarketing.com\/ca\/wp-json\/wp\/v2\/product_tag?post=1050"}],"curies":[{"name":"wp","href":"https:\/\/api.w.org\/{rel}","templated":true}]}}