{"id":1065,"date":"2021-04-26T13:08:07","date_gmt":"2021-04-26T13:08:07","guid":{"rendered":"https:\/\/familywines.cetrexmarketing.com\/producto\/cims-de-porrera-classic-2013\/"},"modified":"2021-04-26T13:08:07","modified_gmt":"2021-04-26T13:08:07","slug":"cims-de-porrera-classic-2013","status":"publish","type":"product","link":"https:\/\/familywines.cetrexmarketing.com\/ca\/producto\/cims-de-porrera-classic-2013\/","title":{"rendered":"Cims de Porrera Classic 2013"},"content":{"rendered":"<p>Al 1996, Cims de Porrera neix de la preocupaci\u00f3 per l&#8217;abandonament de la vinya centen\u00e0ria iaut\u00f2ctona de Porrera\u00a0(carinyena\u00a0i garnatxa) que creix en terres de pissarra, a una al\u00e7ada d&#8217;entre 350-600 metres, un desnivell en pendents d&#8217;un 40-50%\u00a0i una producci\u00f3 mitjana de 300-500 gr. de ra\u00efm per cep. Les dif\u00edcils condicions de treball, juntament amb\u00a0la baixa rentabilitat econ\u00f2mica que obtenien els viticultors, van fer que la gent del poble fan\u00e9s abandonant aquelles vinyes.<\/p>\n<p>La iniciativa per a la recuperaci\u00f3 d&#8217;aquestes vinyes i l&#8217;aposta per vins d&#8217;alta qualitat es va iniciar juntament amb els socis de la Cooperativa del poble, a qui Cims de Porrera els compra el ra\u00efm. El resultat del treball de la Fam\u00edlia P\u00e9rez i dels viticultors que durant generacions han treballat aquelles terres, \u00e9s Cims de Porrera: un cam\u00ed de reconeixement cap al que nosaltres entenem per \u201cla pr\u00f2pia expressi\u00f3 del Priorat&#8221;<\/p>\n","protected":false},"excerpt":{"rendered":"<p>Al 1996, Cims de Porrera neix de la preocupaci\u00f3 per l&#8217;abandonament de la vinya centen\u00e0ria iaut\u00f2ctona de Porrera\u00a0(carinyena\u00a0i garnatxa) que creix en terres de pissarra, a una al\u00e7ada d&#8217;entre 350-600 metres, un desnivell en pendents d&#8217;un 40-50%\u00a0i una producci\u00f3 mitjana de 300-500 gr. de ra\u00efm per cep. Les dif\u00edcils condicions de treball, juntament amb\u00a0la baixa&hellip;<\/p>\n","protected":false},"featured_media":782,"comment_status":"open","ping_status":"closed","template":"","meta":[],"product_cat":[237,159,228,201,156,186,162,198],"product_tag":[],"yoast_head":"<!-- This site is optimized with the Yoast SEO plugin v19.1 - https:\/\/yoast.com\/wordpress\/plugins\/seo\/ -->\n<title>Cims de Porrera Classic 2013 - Family Wines<\/title>\n<meta name=\"robots\" content=\"noindex, follow, max-snippet:-1, max-image-preview:large, max-video-preview:-1\" \/>\n<meta property=\"og:locale\" content=\"ca_ES\" \/>\n<meta property=\"og:type\" content=\"article\" \/>\n<meta property=\"og:title\" content=\"Cims de Porrera Classic 2013 - Family Wines\" \/>\n<meta property=\"og:description\" content=\"Al 1996, Cims de Porrera neix de la preocupaci\u00f3 per l&#8217;abandonament de la vinya centen\u00e0ria iaut\u00f2ctona de Porrera\u00a0(carinyena\u00a0i garnatxa) que creix en terres de pissarra, a una al\u00e7ada d&#8217;entre 350-600 metres, un desnivell en pendents d&#8217;un 40-50%\u00a0i una producci\u00f3 mitjana de 300-500 gr. de ra\u00efm per cep. Les dif\u00edcils condicions de treball, juntament amb\u00a0la baixa&hellip;\" \/>\n<meta property=\"og:url\" content=\"https:\/\/familywines.cetrexmarketing.com\/producto\/cims-de-porrera-classic-2013\/\" \/>\n<meta property=\"og:site_name\" content=\"Family Wines\" \/>\n<meta property=\"og:image\" content=\"https:\/\/familywines.cetrexmarketing.com\/wp-content\/uploads\/2021\/04\/293-thickbox_default-Cims-de-Porrera-Classic-2013.jpg\" \/>\n\t<meta property=\"og:image:width\" content=\"700\" \/>\n\t<meta property=\"og:image:height\" content=\"800\" \/>\n\t<meta property=\"og:image:type\" content=\"image\/jpeg\" \/>\n<meta name=\"twitter:card\" content=\"summary_large_image\" \/>\n<meta name=\"twitter:label1\" content=\"Temps estimat de lectura\" \/>\n\t<meta name=\"twitter:data1\" content=\"1 minut\" \/>\n<script type=\"application\/ld+json\" class=\"yoast-schema-graph\">{\"@context\":\"https:\/\/schema.org\",\"@graph\":[{\"@type\":\"WebSite\",\"@id\":\"https:\/\/familywines.cetrexmarketing.com\/#website\",\"url\":\"https:\/\/familywines.cetrexmarketing.com\/\",\"name\":\"Family Wines\",\"description\":\"\",\"potentialAction\":[{\"@type\":\"SearchAction\",\"target\":{\"@type\":\"EntryPoint\",\"urlTemplate\":\"https:\/\/familywines.cetrexmarketing.com\/?s={search_term_string}\"},\"query-input\":\"required name=search_term_string\"}],\"inLanguage\":\"ca\"},{\"@type\":\"ImageObject\",\"inLanguage\":\"ca\",\"@id\":\"https:\/\/familywines.cetrexmarketing.com\/producto\/cims-de-porrera-classic-2013\/#primaryimage\",\"url\":\"https:\/\/familywines.cetrexmarketing.com\/wp-content\/uploads\/2021\/04\/293-thickbox_default-Cims-de-Porrera-Classic-2013.jpg\",\"contentUrl\":\"https:\/\/familywines.cetrexmarketing.com\/wp-content\/uploads\/2021\/04\/293-thickbox_default-Cims-de-Porrera-Classic-2013.jpg\",\"width\":700,\"height\":800},{\"@type\":\"WebPage\",\"@id\":\"https:\/\/familywines.cetrexmarketing.com\/producto\/cims-de-porrera-classic-2013\/#webpage\",\"url\":\"https:\/\/familywines.cetrexmarketing.com\/producto\/cims-de-porrera-classic-2013\/\",\"name\":\"Cims de Porrera Classic 2013 - Family Wines\",\"isPartOf\":{\"@id\":\"https:\/\/familywines.cetrexmarketing.com\/#website\"},\"primaryImageOfPage\":{\"@id\":\"https:\/\/familywines.cetrexmarketing.com\/producto\/cims-de-porrera-classic-2013\/#primaryimage\"},\"datePublished\":\"2021-04-26T13:08:07+00:00\",\"dateModified\":\"2021-04-26T13:08:07+00:00\",\"breadcrumb\":{\"@id\":\"https:\/\/familywines.cetrexmarketing.com\/producto\/cims-de-porrera-classic-2013\/#breadcrumb\"},\"inLanguage\":\"ca\",\"potentialAction\":[{\"@type\":\"ReadAction\",\"target\":[\"https:\/\/familywines.cetrexmarketing.com\/producto\/cims-de-porrera-classic-2013\/\"]}]},{\"@type\":\"BreadcrumbList\",\"@id\":\"https:\/\/familywines.cetrexmarketing.com\/producto\/cims-de-porrera-classic-2013\/#breadcrumb\",\"itemListElement\":[{\"@type\":\"ListItem\",\"position\":1,\"name\":\"Home\",\"item\":\"https:\/\/familywines.cetrexmarketing.com\/ca\/test\/\"},{\"@type\":\"ListItem\",\"position\":2,\"name\":\"Tienda\",\"item\":\"https:\/\/familywines.cetrexmarketing.com\/tienda\/\"},{\"@type\":\"ListItem\",\"position\":3,\"name\":\"Cims de Porrera Classic 2013\"}]}]}<\/script>\n<!-- \/ Yoast SEO plugin. -->","yoast_head_json":{"title":"Cims de Porrera Classic 2013 - Family Wines","robots":{"index":"noindex","follow":"follow","max-snippet":"max-snippet:-1","max-image-preview":"max-image-preview:large","max-video-preview":"max-video-preview:-1"},"og_locale":"ca_ES","og_type":"article","og_title":"Cims de Porrera Classic 2013 - Family Wines","og_description":"Al 1996, Cims de Porrera neix de la preocupaci\u00f3 per l&#8217;abandonament de la vinya centen\u00e0ria iaut\u00f2ctona de Porrera\u00a0(carinyena\u00a0i garnatxa) que creix en terres de pissarra, a una al\u00e7ada d&#8217;entre 350-600 metres, un desnivell en pendents d&#8217;un 40-50%\u00a0i una producci\u00f3 mitjana de 300-500 gr. de ra\u00efm per cep. Les dif\u00edcils condicions de treball, juntament amb\u00a0la baixa&hellip;","og_url":"https:\/\/familywines.cetrexmarketing.com\/producto\/cims-de-porrera-classic-2013\/","og_site_name":"Family Wines","og_image":[{"width":700,"height":800,"url":"https:\/\/familywines.cetrexmarketing.com\/wp-content\/uploads\/2021\/04\/293-thickbox_default-Cims-de-Porrera-Classic-2013.jpg","type":"image\/jpeg"}],"twitter_card":"summary_large_image","twitter_misc":{"Temps estimat de lectura":"1 minut"},"schema":{"@context":"https:\/\/schema.org","@graph":[{"@type":"WebSite","@id":"https:\/\/familywines.cetrexmarketing.com\/#website","url":"https:\/\/familywines.cetrexmarketing.com\/","name":"Family Wines","description":"","potentialAction":[{"@type":"SearchAction","target":{"@type":"EntryPoint","urlTemplate":"https:\/\/familywines.cetrexmarketing.com\/?s={search_term_string}"},"query-input":"required name=search_term_string"}],"inLanguage":"ca"},{"@type":"ImageObject","inLanguage":"ca","@id":"https:\/\/familywines.cetrexmarketing.com\/producto\/cims-de-porrera-classic-2013\/#primaryimage","url":"https:\/\/familywines.cetrexmarketing.com\/wp-content\/uploads\/2021\/04\/293-thickbox_default-Cims-de-Porrera-Classic-2013.jpg","contentUrl":"https:\/\/familywines.cetrexmarketing.com\/wp-content\/uploads\/2021\/04\/293-thickbox_default-Cims-de-Porrera-Classic-2013.jpg","width":700,"height":800},{"@type":"WebPage","@id":"https:\/\/familywines.cetrexmarketing.com\/producto\/cims-de-porrera-classic-2013\/#webpage","url":"https:\/\/familywines.cetrexmarketing.com\/producto\/cims-de-porrera-classic-2013\/","name":"Cims de Porrera Classic 2013 - Family Wines","isPartOf":{"@id":"https:\/\/familywines.cetrexmarketing.com\/#website"},"primaryImageOfPage":{"@id":"https:\/\/familywines.cetrexmarketing.com\/producto\/cims-de-porrera-classic-2013\/#primaryimage"},"datePublished":"2021-04-26T13:08:07+00:00","dateModified":"2021-04-26T13:08:07+00:00","breadcrumb":{"@id":"https:\/\/familywines.cetrexmarketing.com\/producto\/cims-de-porrera-classic-2013\/#breadcrumb"},"inLanguage":"ca","potentialAction":[{"@type":"ReadAction","target":["https:\/\/familywines.cetrexmarketing.com\/producto\/cims-de-porrera-classic-2013\/"]}]},{"@type":"BreadcrumbList","@id":"https:\/\/familywines.cetrexmarketing.com\/producto\/cims-de-porrera-classic-2013\/#breadcrumb","itemListElement":[{"@type":"ListItem","position":1,"name":"Home","item":"https:\/\/familywines.cetrexmarketing.com\/ca\/test\/"},{"@type":"ListItem","position":2,"name":"Tienda","item":"https:\/\/familywines.cetrexmarketing.com\/tienda\/"},{"@type":"ListItem","position":3,"name":"Cims de Porrera Classic 2013"}]}]}},"_links":{"self":[{"href":"https:\/\/familywines.cetrexmarketing.com\/ca\/wp-json\/wp\/v2\/product\/1065"}],"collection":[{"href":"https:\/\/familywines.cetrexmarketing.com\/ca\/wp-json\/wp\/v2\/product"}],"about":[{"href":"https:\/\/familywines.cetrexmarketing.com\/ca\/wp-json\/wp\/v2\/types\/product"}],"replies":[{"embeddable":true,"href":"https:\/\/familywines.cetrexmarketing.com\/ca\/wp-json\/wp\/v2\/comments?post=1065"}],"wp:featuredmedia":[{"embeddable":true,"href":"https:\/\/familywines.cetrexmarketing.com\/ca\/wp-json\/wp\/v2\/media\/782"}],"wp:attachment":[{"href":"https:\/\/familywines.cetrexmarketing.com\/ca\/wp-json\/wp\/v2\/media?parent=1065"}],"wp:term":[{"taxonomy":"product_cat","embeddable":true,"href":"https:\/\/familywines.cetrexmarketing.com\/ca\/wp-json\/wp\/v2\/product_cat?post=1065"},{"taxonomy":"product_tag","embeddable":true,"href":"https:\/\/familywines.cetrexmarketing.com\/ca\/wp-json\/wp\/v2\/product_tag?post=1065"}],"curies":[{"name":"wp","href":"https:\/\/api.w.org\/{rel}","templated":true}]}}