{"id":1124,"date":"2021-04-26T13:08:07","date_gmt":"2021-04-26T13:08:07","guid":{"rendered":"https:\/\/familywines.cetrexmarketing.com\/producto\/els-escurcons-2006-3\/"},"modified":"2021-04-26T13:08:07","modified_gmt":"2021-04-26T13:08:07","slug":"els-escurcons-2006-3","status":"publish","type":"product","link":"https:\/\/familywines.cetrexmarketing.com\/ca\/producto\/els-escurcons-2006-3\/","title":{"rendered":"Els Escur\u00e7ons 2006"},"content":{"rendered":"<p>Escur\u00e7ons es un vino de Garnacha\u00a0negra exclusivamente de la finca que\u00a0lleva el mismo nombre, situada en la zona dels vinos de vila de Gratallops, en el punto geogr\u00e1fico de la Serra Alta.<\/p>\n<p>El suelo de licorella ferruginosa, la altitud\u00a0de\u00a0601 metres y la exposici\u00f3n sur, sur-oeste de la vi\u00f1a le confieren una extra\u00f1a sensaci\u00f3n de fragilidad et\u00e9rea, mineralidad\u00a0y\u00a0contundencia, madurez, que hace dif\u00edcil confundirlo.<\/p>\n<p>Escur\u00e7ons es un viaje en el tiempo&#8230; un espejismo, un reflejo de aquel vino que elaboraban (antes de la filoxera los de Ca l\u2019Olives) en esta finca tan especial.<\/p>\n","protected":false},"excerpt":{"rendered":"<p>Escur\u00e7ons es un vino de Garnacha\u00a0negra exclusivamente de la finca que\u00a0lleva el mismo nombre, situada en la zona dels vinos de vila de Gratallops, en el punto geogr\u00e1fico de la Serra Alta. El suelo de licorella ferruginosa, la altitud\u00a0de\u00a0601 metres y la exposici\u00f3n sur, sur-oeste de la vi\u00f1a le confieren una extra\u00f1a sensaci\u00f3n de fragilidad&hellip;<\/p>\n","protected":false},"featured_media":814,"comment_status":"open","ping_status":"closed","template":"","meta":[],"product_cat":[224,203,197,188,164,200],"product_tag":[],"yoast_head":"<!-- This site is optimized with the Yoast SEO plugin v19.1 - https:\/\/yoast.com\/wordpress\/plugins\/seo\/ -->\n<title>Els Escur\u00e7ons 2006 - Family Wines<\/title>\n<meta name=\"robots\" content=\"noindex, follow, max-snippet:-1, max-image-preview:large, max-video-preview:-1\" \/>\n<meta property=\"og:locale\" content=\"ca_ES\" \/>\n<meta property=\"og:type\" content=\"article\" \/>\n<meta property=\"og:title\" content=\"Els Escur\u00e7ons 2006 - Family Wines\" \/>\n<meta property=\"og:description\" content=\"Escur\u00e7ons es un vino de Garnacha\u00a0negra exclusivamente de la finca que\u00a0lleva el mismo nombre, situada en la zona dels vinos de vila de Gratallops, en el punto geogr\u00e1fico de la Serra Alta. El suelo de licorella ferruginosa, la altitud\u00a0de\u00a0601 metres y la exposici\u00f3n sur, sur-oeste de la vi\u00f1a le confieren una extra\u00f1a sensaci\u00f3n de fragilidad&hellip;\" \/>\n<meta property=\"og:url\" content=\"https:\/\/familywines.cetrexmarketing.com\/producto\/els-escurcons-2006-3\/\" \/>\n<meta property=\"og:site_name\" content=\"Family Wines\" \/>\n<meta name=\"twitter:card\" content=\"summary_large_image\" \/>\n<meta name=\"twitter:label1\" content=\"Temps estimat de lectura\" \/>\n\t<meta name=\"twitter:data1\" content=\"1 minut\" \/>\n<script type=\"application\/ld+json\" class=\"yoast-schema-graph\">{\"@context\":\"https:\/\/schema.org\",\"@graph\":[{\"@type\":\"WebSite\",\"@id\":\"https:\/\/familywines.cetrexmarketing.com\/#website\",\"url\":\"https:\/\/familywines.cetrexmarketing.com\/\",\"name\":\"Family Wines\",\"description\":\"\",\"potentialAction\":[{\"@type\":\"SearchAction\",\"target\":{\"@type\":\"EntryPoint\",\"urlTemplate\":\"https:\/\/familywines.cetrexmarketing.com\/?s={search_term_string}\"},\"query-input\":\"required name=search_term_string\"}],\"inLanguage\":\"ca\"},{\"@type\":\"ImageObject\",\"inLanguage\":\"ca\",\"@id\":\"https:\/\/familywines.cetrexmarketing.com\/producto\/els-escurcons-2006-3\/#primaryimage\",\"url\":\"https:\/\/familywines.cetrexmarketing.com\/wp-content\/uploads\/2021\/04\/164-thickbox_default-Els-Escurcons-2006.jpg\",\"contentUrl\":\"https:\/\/familywines.cetrexmarketing.com\/wp-content\/uploads\/2021\/04\/164-thickbox_default-Els-Escurcons-2006.jpg\",\"width\":700,\"height\":800},{\"@type\":\"WebPage\",\"@id\":\"https:\/\/familywines.cetrexmarketing.com\/producto\/els-escurcons-2006-3\/#webpage\",\"url\":\"https:\/\/familywines.cetrexmarketing.com\/producto\/els-escurcons-2006-3\/\",\"name\":\"Els Escur\u00e7ons 2006 - Family Wines\",\"isPartOf\":{\"@id\":\"https:\/\/familywines.cetrexmarketing.com\/#website\"},\"primaryImageOfPage\":{\"@id\":\"https:\/\/familywines.cetrexmarketing.com\/producto\/els-escurcons-2006-3\/#primaryimage\"},\"datePublished\":\"2021-04-26T13:08:07+00:00\",\"dateModified\":\"2021-04-26T13:08:07+00:00\",\"breadcrumb\":{\"@id\":\"https:\/\/familywines.cetrexmarketing.com\/producto\/els-escurcons-2006-3\/#breadcrumb\"},\"inLanguage\":\"ca\",\"potentialAction\":[{\"@type\":\"ReadAction\",\"target\":[\"https:\/\/familywines.cetrexmarketing.com\/producto\/els-escurcons-2006-3\/\"]}]},{\"@type\":\"BreadcrumbList\",\"@id\":\"https:\/\/familywines.cetrexmarketing.com\/producto\/els-escurcons-2006-3\/#breadcrumb\",\"itemListElement\":[{\"@type\":\"ListItem\",\"position\":1,\"name\":\"Home\",\"item\":\"https:\/\/familywines.cetrexmarketing.com\/ca\/test\/\"},{\"@type\":\"ListItem\",\"position\":2,\"name\":\"Tienda\",\"item\":\"https:\/\/familywines.cetrexmarketing.com\/tienda\/\"},{\"@type\":\"ListItem\",\"position\":3,\"name\":\"Els Escur\u00e7ons 2006\"}]}]}<\/script>\n<!-- \/ Yoast SEO plugin. -->","yoast_head_json":{"title":"Els Escur\u00e7ons 2006 - Family Wines","robots":{"index":"noindex","follow":"follow","max-snippet":"max-snippet:-1","max-image-preview":"max-image-preview:large","max-video-preview":"max-video-preview:-1"},"og_locale":"ca_ES","og_type":"article","og_title":"Els Escur\u00e7ons 2006 - Family Wines","og_description":"Escur\u00e7ons es un vino de Garnacha\u00a0negra exclusivamente de la finca que\u00a0lleva el mismo nombre, situada en la zona dels vinos de vila de Gratallops, en el punto geogr\u00e1fico de la Serra Alta. El suelo de licorella ferruginosa, la altitud\u00a0de\u00a0601 metres y la exposici\u00f3n sur, sur-oeste de la vi\u00f1a le confieren una extra\u00f1a sensaci\u00f3n de fragilidad&hellip;","og_url":"https:\/\/familywines.cetrexmarketing.com\/producto\/els-escurcons-2006-3\/","og_site_name":"Family Wines","twitter_card":"summary_large_image","twitter_misc":{"Temps estimat de lectura":"1 minut"},"schema":{"@context":"https:\/\/schema.org","@graph":[{"@type":"WebSite","@id":"https:\/\/familywines.cetrexmarketing.com\/#website","url":"https:\/\/familywines.cetrexmarketing.com\/","name":"Family Wines","description":"","potentialAction":[{"@type":"SearchAction","target":{"@type":"EntryPoint","urlTemplate":"https:\/\/familywines.cetrexmarketing.com\/?s={search_term_string}"},"query-input":"required name=search_term_string"}],"inLanguage":"ca"},{"@type":"ImageObject","inLanguage":"ca","@id":"https:\/\/familywines.cetrexmarketing.com\/producto\/els-escurcons-2006-3\/#primaryimage","url":"https:\/\/familywines.cetrexmarketing.com\/wp-content\/uploads\/2021\/04\/164-thickbox_default-Els-Escurcons-2006.jpg","contentUrl":"https:\/\/familywines.cetrexmarketing.com\/wp-content\/uploads\/2021\/04\/164-thickbox_default-Els-Escurcons-2006.jpg","width":700,"height":800},{"@type":"WebPage","@id":"https:\/\/familywines.cetrexmarketing.com\/producto\/els-escurcons-2006-3\/#webpage","url":"https:\/\/familywines.cetrexmarketing.com\/producto\/els-escurcons-2006-3\/","name":"Els Escur\u00e7ons 2006 - Family Wines","isPartOf":{"@id":"https:\/\/familywines.cetrexmarketing.com\/#website"},"primaryImageOfPage":{"@id":"https:\/\/familywines.cetrexmarketing.com\/producto\/els-escurcons-2006-3\/#primaryimage"},"datePublished":"2021-04-26T13:08:07+00:00","dateModified":"2021-04-26T13:08:07+00:00","breadcrumb":{"@id":"https:\/\/familywines.cetrexmarketing.com\/producto\/els-escurcons-2006-3\/#breadcrumb"},"inLanguage":"ca","potentialAction":[{"@type":"ReadAction","target":["https:\/\/familywines.cetrexmarketing.com\/producto\/els-escurcons-2006-3\/"]}]},{"@type":"BreadcrumbList","@id":"https:\/\/familywines.cetrexmarketing.com\/producto\/els-escurcons-2006-3\/#breadcrumb","itemListElement":[{"@type":"ListItem","position":1,"name":"Home","item":"https:\/\/familywines.cetrexmarketing.com\/ca\/test\/"},{"@type":"ListItem","position":2,"name":"Tienda","item":"https:\/\/familywines.cetrexmarketing.com\/tienda\/"},{"@type":"ListItem","position":3,"name":"Els Escur\u00e7ons 2006"}]}]}},"_links":{"self":[{"href":"https:\/\/familywines.cetrexmarketing.com\/ca\/wp-json\/wp\/v2\/product\/1124"}],"collection":[{"href":"https:\/\/familywines.cetrexmarketing.com\/ca\/wp-json\/wp\/v2\/product"}],"about":[{"href":"https:\/\/familywines.cetrexmarketing.com\/ca\/wp-json\/wp\/v2\/types\/product"}],"replies":[{"embeddable":true,"href":"https:\/\/familywines.cetrexmarketing.com\/ca\/wp-json\/wp\/v2\/comments?post=1124"}],"wp:featuredmedia":[{"embeddable":true,"href":"https:\/\/familywines.cetrexmarketing.com\/ca\/wp-json\/wp\/v2\/media\/814"}],"wp:attachment":[{"href":"https:\/\/familywines.cetrexmarketing.com\/ca\/wp-json\/wp\/v2\/media?parent=1124"}],"wp:term":[{"taxonomy":"product_cat","embeddable":true,"href":"https:\/\/familywines.cetrexmarketing.com\/ca\/wp-json\/wp\/v2\/product_cat?post=1124"},{"taxonomy":"product_tag","embeddable":true,"href":"https:\/\/familywines.cetrexmarketing.com\/ca\/wp-json\/wp\/v2\/product_tag?post=1124"}],"curies":[{"name":"wp","href":"https:\/\/api.w.org\/{rel}","templated":true}]}}