{"id":1140,"date":"2021-04-26T13:08:07","date_gmt":"2021-04-26T13:08:07","guid":{"rendered":"https:\/\/familywines.cetrexmarketing.com\/producto\/ranci-dolc\/"},"modified":"2021-04-26T13:08:07","modified_gmt":"2021-04-26T13:08:07","slug":"ranci-dolc","status":"publish","type":"product","link":"https:\/\/familywines.cetrexmarketing.com\/ca\/producto\/ranci-dolc\/","title":{"rendered":"Ranci Dol\u00e7"},"content":{"rendered":"<p><span>Vermat quan el ra\u00efm t\u00e9 aproximadament 15\u00ba d\u2019alcohol probable (no cada any, nom\u00e9s els anys m\u00e9s calorosos), es deixa sobre canyissos, a l\u2019ombra, perqu\u00e8 s\u2019assequi lentament entre 7 i 21 dies, per aconseguir un ra\u00efm deshidratat, d\u2019alt contingut en sucre i, per tant, un dol\u00e7 natural.<\/span><\/p>\n<p><span>El ra\u00efm deshidratat, es xafa i es deixa fermentar amb els seus llevats naturals, despr\u00e9s es premsa i es posa en damajoanes o en una bota de fusta per acabar lentament la fermentaci\u00f3 fins<span>\u00a0<\/span>l\u2019any seg\u00fcent. Acabada la fermentaci\u00f3,\u00a0<\/span>es reomplen les primeres botes velles del celler (recollides pel Priorat) on es barreja amb vi m\u00e9s vell i amb les mares centen\u00e0ries.<\/p>\n<p>La primera lleva d\u2019aquest vi es va fer al 2017, amb m\u00e9s de 22 anys de crian\u00e7a.<\/p>\n","protected":false},"excerpt":{"rendered":"<p><span lang=\"ca\" xml:lang=\"ca\">Un vi que mostra l\u2019\u00e0nima de la hist\u00f2ria del Priorat. Una hist\u00f2ria que ens representa i permet arrelar-nos al territori, tot agraint i homenatjant aquelles generacions que han fet possible que avui siguem aqu\u00ed<\/span><\/p>\n<p>El Ranci Dol\u00e7 de Martinet \u00e9s un ranci dol\u00e7 fi, elegant, crem\u00f3s\u2026 \u00a0100% de garnatxa negra.<\/p>\n","protected":false},"featured_media":826,"comment_status":"open","ping_status":"closed","template":"","meta":[],"product_cat":[210,159,201,195,231,162,198],"product_tag":[],"yoast_head":"<!-- This site is optimized with the Yoast SEO plugin v19.1 - https:\/\/yoast.com\/wordpress\/plugins\/seo\/ -->\n<title>Ranci Dol\u00e7 - Family Wines<\/title>\n<meta name=\"robots\" content=\"noindex, follow, max-snippet:-1, max-image-preview:large, max-video-preview:-1\" \/>\n<meta property=\"og:locale\" content=\"ca_ES\" \/>\n<meta property=\"og:type\" content=\"article\" \/>\n<meta property=\"og:title\" content=\"Ranci Dol\u00e7 - Family Wines\" \/>\n<meta property=\"og:description\" content=\"Un vi que mostra l\u2019\u00e0nima de la hist\u00f2ria del Priorat. Una hist\u00f2ria que ens representa i permet arrelar-nos al territori, tot agraint i homenatjant aquelles generacions que han fet possible que avui siguem aqu\u00ed El Ranci Dol\u00e7 de Martinet \u00e9s un ranci dol\u00e7 fi, elegant, crem\u00f3s\u2026 \u00a0100% de garnatxa negra.\" \/>\n<meta property=\"og:url\" content=\"https:\/\/familywines.cetrexmarketing.com\/producto\/ranci-dolc\/\" \/>\n<meta property=\"og:site_name\" content=\"Family Wines\" \/>\n<meta property=\"og:image\" content=\"https:\/\/familywines.cetrexmarketing.com\/wp-content\/uploads\/2021\/04\/178-thickbox_default-Ranci-Dolc.jpg\" \/>\n\t<meta property=\"og:image:width\" content=\"700\" \/>\n\t<meta property=\"og:image:height\" content=\"800\" \/>\n\t<meta property=\"og:image:type\" content=\"image\/jpeg\" \/>\n<meta name=\"twitter:card\" content=\"summary_large_image\" \/>\n<meta name=\"twitter:label1\" content=\"Temps estimat de lectura\" \/>\n\t<meta name=\"twitter:data1\" content=\"1 minut\" \/>\n<script type=\"application\/ld+json\" class=\"yoast-schema-graph\">{\"@context\":\"https:\/\/schema.org\",\"@graph\":[{\"@type\":\"WebSite\",\"@id\":\"https:\/\/familywines.cetrexmarketing.com\/#website\",\"url\":\"https:\/\/familywines.cetrexmarketing.com\/\",\"name\":\"Family Wines\",\"description\":\"\",\"potentialAction\":[{\"@type\":\"SearchAction\",\"target\":{\"@type\":\"EntryPoint\",\"urlTemplate\":\"https:\/\/familywines.cetrexmarketing.com\/?s={search_term_string}\"},\"query-input\":\"required name=search_term_string\"}],\"inLanguage\":\"ca\"},{\"@type\":\"ImageObject\",\"inLanguage\":\"ca\",\"@id\":\"https:\/\/familywines.cetrexmarketing.com\/producto\/ranci-dolc\/#primaryimage\",\"url\":\"https:\/\/familywines.cetrexmarketing.com\/wp-content\/uploads\/2021\/04\/178-thickbox_default-Ranci-Dolc.jpg\",\"contentUrl\":\"https:\/\/familywines.cetrexmarketing.com\/wp-content\/uploads\/2021\/04\/178-thickbox_default-Ranci-Dolc.jpg\",\"width\":700,\"height\":800},{\"@type\":\"WebPage\",\"@id\":\"https:\/\/familywines.cetrexmarketing.com\/producto\/ranci-dolc\/#webpage\",\"url\":\"https:\/\/familywines.cetrexmarketing.com\/producto\/ranci-dolc\/\",\"name\":\"Ranci Dol\u00e7 - Family Wines\",\"isPartOf\":{\"@id\":\"https:\/\/familywines.cetrexmarketing.com\/#website\"},\"primaryImageOfPage\":{\"@id\":\"https:\/\/familywines.cetrexmarketing.com\/producto\/ranci-dolc\/#primaryimage\"},\"datePublished\":\"2021-04-26T13:08:07+00:00\",\"dateModified\":\"2021-04-26T13:08:07+00:00\",\"breadcrumb\":{\"@id\":\"https:\/\/familywines.cetrexmarketing.com\/producto\/ranci-dolc\/#breadcrumb\"},\"inLanguage\":\"ca\",\"potentialAction\":[{\"@type\":\"ReadAction\",\"target\":[\"https:\/\/familywines.cetrexmarketing.com\/producto\/ranci-dolc\/\"]}]},{\"@type\":\"BreadcrumbList\",\"@id\":\"https:\/\/familywines.cetrexmarketing.com\/producto\/ranci-dolc\/#breadcrumb\",\"itemListElement\":[{\"@type\":\"ListItem\",\"position\":1,\"name\":\"Home\",\"item\":\"https:\/\/familywines.cetrexmarketing.com\/ca\/test\/\"},{\"@type\":\"ListItem\",\"position\":2,\"name\":\"Tienda\",\"item\":\"https:\/\/familywines.cetrexmarketing.com\/tienda\/\"},{\"@type\":\"ListItem\",\"position\":3,\"name\":\"Ranci Dol\u00e7\"}]}]}<\/script>\n<!-- \/ Yoast SEO plugin. -->","yoast_head_json":{"title":"Ranci Dol\u00e7 - Family Wines","robots":{"index":"noindex","follow":"follow","max-snippet":"max-snippet:-1","max-image-preview":"max-image-preview:large","max-video-preview":"max-video-preview:-1"},"og_locale":"ca_ES","og_type":"article","og_title":"Ranci Dol\u00e7 - Family Wines","og_description":"Un vi que mostra l\u2019\u00e0nima de la hist\u00f2ria del Priorat. Una hist\u00f2ria que ens representa i permet arrelar-nos al territori, tot agraint i homenatjant aquelles generacions que han fet possible que avui siguem aqu\u00ed El Ranci Dol\u00e7 de Martinet \u00e9s un ranci dol\u00e7 fi, elegant, crem\u00f3s\u2026 \u00a0100% de garnatxa negra.","og_url":"https:\/\/familywines.cetrexmarketing.com\/producto\/ranci-dolc\/","og_site_name":"Family Wines","og_image":[{"width":700,"height":800,"url":"https:\/\/familywines.cetrexmarketing.com\/wp-content\/uploads\/2021\/04\/178-thickbox_default-Ranci-Dolc.jpg","type":"image\/jpeg"}],"twitter_card":"summary_large_image","twitter_misc":{"Temps estimat de lectura":"1 minut"},"schema":{"@context":"https:\/\/schema.org","@graph":[{"@type":"WebSite","@id":"https:\/\/familywines.cetrexmarketing.com\/#website","url":"https:\/\/familywines.cetrexmarketing.com\/","name":"Family Wines","description":"","potentialAction":[{"@type":"SearchAction","target":{"@type":"EntryPoint","urlTemplate":"https:\/\/familywines.cetrexmarketing.com\/?s={search_term_string}"},"query-input":"required name=search_term_string"}],"inLanguage":"ca"},{"@type":"ImageObject","inLanguage":"ca","@id":"https:\/\/familywines.cetrexmarketing.com\/producto\/ranci-dolc\/#primaryimage","url":"https:\/\/familywines.cetrexmarketing.com\/wp-content\/uploads\/2021\/04\/178-thickbox_default-Ranci-Dolc.jpg","contentUrl":"https:\/\/familywines.cetrexmarketing.com\/wp-content\/uploads\/2021\/04\/178-thickbox_default-Ranci-Dolc.jpg","width":700,"height":800},{"@type":"WebPage","@id":"https:\/\/familywines.cetrexmarketing.com\/producto\/ranci-dolc\/#webpage","url":"https:\/\/familywines.cetrexmarketing.com\/producto\/ranci-dolc\/","name":"Ranci Dol\u00e7 - Family Wines","isPartOf":{"@id":"https:\/\/familywines.cetrexmarketing.com\/#website"},"primaryImageOfPage":{"@id":"https:\/\/familywines.cetrexmarketing.com\/producto\/ranci-dolc\/#primaryimage"},"datePublished":"2021-04-26T13:08:07+00:00","dateModified":"2021-04-26T13:08:07+00:00","breadcrumb":{"@id":"https:\/\/familywines.cetrexmarketing.com\/producto\/ranci-dolc\/#breadcrumb"},"inLanguage":"ca","potentialAction":[{"@type":"ReadAction","target":["https:\/\/familywines.cetrexmarketing.com\/producto\/ranci-dolc\/"]}]},{"@type":"BreadcrumbList","@id":"https:\/\/familywines.cetrexmarketing.com\/producto\/ranci-dolc\/#breadcrumb","itemListElement":[{"@type":"ListItem","position":1,"name":"Home","item":"https:\/\/familywines.cetrexmarketing.com\/ca\/test\/"},{"@type":"ListItem","position":2,"name":"Tienda","item":"https:\/\/familywines.cetrexmarketing.com\/tienda\/"},{"@type":"ListItem","position":3,"name":"Ranci Dol\u00e7"}]}]}},"_links":{"self":[{"href":"https:\/\/familywines.cetrexmarketing.com\/ca\/wp-json\/wp\/v2\/product\/1140"}],"collection":[{"href":"https:\/\/familywines.cetrexmarketing.com\/ca\/wp-json\/wp\/v2\/product"}],"about":[{"href":"https:\/\/familywines.cetrexmarketing.com\/ca\/wp-json\/wp\/v2\/types\/product"}],"replies":[{"embeddable":true,"href":"https:\/\/familywines.cetrexmarketing.com\/ca\/wp-json\/wp\/v2\/comments?post=1140"}],"wp:featuredmedia":[{"embeddable":true,"href":"https:\/\/familywines.cetrexmarketing.com\/ca\/wp-json\/wp\/v2\/media\/826"}],"wp:attachment":[{"href":"https:\/\/familywines.cetrexmarketing.com\/ca\/wp-json\/wp\/v2\/media?parent=1140"}],"wp:term":[{"taxonomy":"product_cat","embeddable":true,"href":"https:\/\/familywines.cetrexmarketing.com\/ca\/wp-json\/wp\/v2\/product_cat?post=1140"},{"taxonomy":"product_tag","embeddable":true,"href":"https:\/\/familywines.cetrexmarketing.com\/ca\/wp-json\/wp\/v2\/product_tag?post=1140"}],"curies":[{"name":"wp","href":"https:\/\/api.w.org\/{rel}","templated":true}]}}