{"id":1152,"date":"2021-04-26T13:08:07","date_gmt":"2021-04-26T13:08:07","guid":{"rendered":"https:\/\/familywines.cetrexmarketing.com\/producto\/partida-bellvisos-2007-mg\/"},"modified":"2021-04-26T13:08:07","modified_gmt":"2021-04-26T13:08:07","slug":"partida-bellvisos-2007-mg","status":"publish","type":"product","link":"https:\/\/familywines.cetrexmarketing.com\/ca\/producto\/partida-bellvisos-2007-mg\/","title":{"rendered":"Partida Bellvisos 2007 1,5 lit."},"content":{"rendered":"<p>Despr\u00e9s de casi 15 anys, servim\u00a0 l\u2019anyada 2007. \u00c9s una anyada especialment bona per nosaltres, ens d\u00f3na calidesa en nas per\u00f2 el vi es mostra molt tens en boca i, tot i el temps que t\u00e9, augura molt potencial d\u2019envelliment.<\/p>\n<p>Un treball de recuperaci\u00f3 de carinyenes i garnatxes peludes treballades tant a la vinya com al celler segons el preceptes de l\u2019agroecologia per mostrar la singularitat d\u2019aquesta partida de vinya.<\/p>\n<p>Orientada al Nord, aquesta finca rep el sol de mat\u00ed, i es resguarda de les ponentades d\u2019estiu i de les escaldades en temps de maduresa. El vi parla d\u2019una zona fresca, delicada, de llicorella esmicolada, textures granuloses i de com va recuperant-de la vinya any, rera any\u2026<\/p>\n","protected":false},"excerpt":{"rendered":"<p>Despr\u00e9s de casi 15 anys, servim\u00a0 l\u2019anyada 2007. \u00c9s una anyada especialment bona per nosaltres, ens d\u00f3na calidesa en nas per\u00f2 el vi es mostra molt tens en boca i, tot i el temps que t\u00e9, augura molt potencial d\u2019envelliment. Un treball de recuperaci\u00f3 de carinyenes i garnatxes peludes treballades tant a la vinya com&hellip;<\/p>\n","protected":false},"featured_media":834,"comment_status":"open","ping_status":"closed","template":"","meta":[],"product_cat":[222,201,180,186,240,162,198],"product_tag":[],"yoast_head":"<!-- This site is optimized with the Yoast SEO plugin v19.1 - https:\/\/yoast.com\/wordpress\/plugins\/seo\/ -->\n<title>Partida Bellvisos 2007 1,5 lit. - Family Wines<\/title>\n<meta name=\"robots\" content=\"noindex, follow, max-snippet:-1, max-image-preview:large, max-video-preview:-1\" \/>\n<meta property=\"og:locale\" content=\"ca_ES\" \/>\n<meta property=\"og:type\" content=\"article\" \/>\n<meta property=\"og:title\" content=\"Partida Bellvisos 2007 1,5 lit. - Family Wines\" \/>\n<meta property=\"og:description\" content=\"Despr\u00e9s de casi 15 anys, servim\u00a0 l\u2019anyada 2007. \u00c9s una anyada especialment bona per nosaltres, ens d\u00f3na calidesa en nas per\u00f2 el vi es mostra molt tens en boca i, tot i el temps que t\u00e9, augura molt potencial d\u2019envelliment. Un treball de recuperaci\u00f3 de carinyenes i garnatxes peludes treballades tant a la vinya com&hellip;\" \/>\n<meta property=\"og:url\" content=\"https:\/\/familywines.cetrexmarketing.com\/producto\/partida-bellvisos-2007-mg\/\" \/>\n<meta property=\"og:site_name\" content=\"Family Wines\" \/>\n<meta property=\"og:image\" content=\"https:\/\/familywines.cetrexmarketing.com\/wp-content\/uploads\/2021\/04\/185-thickbox_default-Partida-Bellvisos-2007-15-lit.jpg\" \/>\n\t<meta property=\"og:image:width\" content=\"700\" \/>\n\t<meta property=\"og:image:height\" content=\"800\" \/>\n\t<meta property=\"og:image:type\" content=\"image\/jpeg\" \/>\n<meta name=\"twitter:card\" content=\"summary_large_image\" \/>\n<meta name=\"twitter:label1\" content=\"Temps estimat de lectura\" \/>\n\t<meta name=\"twitter:data1\" content=\"1 minut\" \/>\n<script type=\"application\/ld+json\" class=\"yoast-schema-graph\">{\"@context\":\"https:\/\/schema.org\",\"@graph\":[{\"@type\":\"WebSite\",\"@id\":\"https:\/\/familywines.cetrexmarketing.com\/#website\",\"url\":\"https:\/\/familywines.cetrexmarketing.com\/\",\"name\":\"Family Wines\",\"description\":\"\",\"potentialAction\":[{\"@type\":\"SearchAction\",\"target\":{\"@type\":\"EntryPoint\",\"urlTemplate\":\"https:\/\/familywines.cetrexmarketing.com\/?s={search_term_string}\"},\"query-input\":\"required name=search_term_string\"}],\"inLanguage\":\"ca\"},{\"@type\":\"ImageObject\",\"inLanguage\":\"ca\",\"@id\":\"https:\/\/familywines.cetrexmarketing.com\/producto\/partida-bellvisos-2007-mg\/#primaryimage\",\"url\":\"https:\/\/familywines.cetrexmarketing.com\/wp-content\/uploads\/2021\/04\/185-thickbox_default-Partida-Bellvisos-2007-15-lit.jpg\",\"contentUrl\":\"https:\/\/familywines.cetrexmarketing.com\/wp-content\/uploads\/2021\/04\/185-thickbox_default-Partida-Bellvisos-2007-15-lit.jpg\",\"width\":700,\"height\":800},{\"@type\":\"WebPage\",\"@id\":\"https:\/\/familywines.cetrexmarketing.com\/producto\/partida-bellvisos-2007-mg\/#webpage\",\"url\":\"https:\/\/familywines.cetrexmarketing.com\/producto\/partida-bellvisos-2007-mg\/\",\"name\":\"Partida Bellvisos 2007 1,5 lit. - Family Wines\",\"isPartOf\":{\"@id\":\"https:\/\/familywines.cetrexmarketing.com\/#website\"},\"primaryImageOfPage\":{\"@id\":\"https:\/\/familywines.cetrexmarketing.com\/producto\/partida-bellvisos-2007-mg\/#primaryimage\"},\"datePublished\":\"2021-04-26T13:08:07+00:00\",\"dateModified\":\"2021-04-26T13:08:07+00:00\",\"breadcrumb\":{\"@id\":\"https:\/\/familywines.cetrexmarketing.com\/producto\/partida-bellvisos-2007-mg\/#breadcrumb\"},\"inLanguage\":\"ca\",\"potentialAction\":[{\"@type\":\"ReadAction\",\"target\":[\"https:\/\/familywines.cetrexmarketing.com\/producto\/partida-bellvisos-2007-mg\/\"]}]},{\"@type\":\"BreadcrumbList\",\"@id\":\"https:\/\/familywines.cetrexmarketing.com\/producto\/partida-bellvisos-2007-mg\/#breadcrumb\",\"itemListElement\":[{\"@type\":\"ListItem\",\"position\":1,\"name\":\"Home\",\"item\":\"https:\/\/familywines.cetrexmarketing.com\/ca\/test\/\"},{\"@type\":\"ListItem\",\"position\":2,\"name\":\"Tienda\",\"item\":\"https:\/\/familywines.cetrexmarketing.com\/tienda\/\"},{\"@type\":\"ListItem\",\"position\":3,\"name\":\"Partida Bellvisos 2007 1,5 lit.\"}]}]}<\/script>\n<!-- \/ Yoast SEO plugin. -->","yoast_head_json":{"title":"Partida Bellvisos 2007 1,5 lit. - Family Wines","robots":{"index":"noindex","follow":"follow","max-snippet":"max-snippet:-1","max-image-preview":"max-image-preview:large","max-video-preview":"max-video-preview:-1"},"og_locale":"ca_ES","og_type":"article","og_title":"Partida Bellvisos 2007 1,5 lit. - Family Wines","og_description":"Despr\u00e9s de casi 15 anys, servim\u00a0 l\u2019anyada 2007. \u00c9s una anyada especialment bona per nosaltres, ens d\u00f3na calidesa en nas per\u00f2 el vi es mostra molt tens en boca i, tot i el temps que t\u00e9, augura molt potencial d\u2019envelliment. Un treball de recuperaci\u00f3 de carinyenes i garnatxes peludes treballades tant a la vinya com&hellip;","og_url":"https:\/\/familywines.cetrexmarketing.com\/producto\/partida-bellvisos-2007-mg\/","og_site_name":"Family Wines","og_image":[{"width":700,"height":800,"url":"https:\/\/familywines.cetrexmarketing.com\/wp-content\/uploads\/2021\/04\/185-thickbox_default-Partida-Bellvisos-2007-15-lit.jpg","type":"image\/jpeg"}],"twitter_card":"summary_large_image","twitter_misc":{"Temps estimat de lectura":"1 minut"},"schema":{"@context":"https:\/\/schema.org","@graph":[{"@type":"WebSite","@id":"https:\/\/familywines.cetrexmarketing.com\/#website","url":"https:\/\/familywines.cetrexmarketing.com\/","name":"Family Wines","description":"","potentialAction":[{"@type":"SearchAction","target":{"@type":"EntryPoint","urlTemplate":"https:\/\/familywines.cetrexmarketing.com\/?s={search_term_string}"},"query-input":"required name=search_term_string"}],"inLanguage":"ca"},{"@type":"ImageObject","inLanguage":"ca","@id":"https:\/\/familywines.cetrexmarketing.com\/producto\/partida-bellvisos-2007-mg\/#primaryimage","url":"https:\/\/familywines.cetrexmarketing.com\/wp-content\/uploads\/2021\/04\/185-thickbox_default-Partida-Bellvisos-2007-15-lit.jpg","contentUrl":"https:\/\/familywines.cetrexmarketing.com\/wp-content\/uploads\/2021\/04\/185-thickbox_default-Partida-Bellvisos-2007-15-lit.jpg","width":700,"height":800},{"@type":"WebPage","@id":"https:\/\/familywines.cetrexmarketing.com\/producto\/partida-bellvisos-2007-mg\/#webpage","url":"https:\/\/familywines.cetrexmarketing.com\/producto\/partida-bellvisos-2007-mg\/","name":"Partida Bellvisos 2007 1,5 lit. - Family Wines","isPartOf":{"@id":"https:\/\/familywines.cetrexmarketing.com\/#website"},"primaryImageOfPage":{"@id":"https:\/\/familywines.cetrexmarketing.com\/producto\/partida-bellvisos-2007-mg\/#primaryimage"},"datePublished":"2021-04-26T13:08:07+00:00","dateModified":"2021-04-26T13:08:07+00:00","breadcrumb":{"@id":"https:\/\/familywines.cetrexmarketing.com\/producto\/partida-bellvisos-2007-mg\/#breadcrumb"},"inLanguage":"ca","potentialAction":[{"@type":"ReadAction","target":["https:\/\/familywines.cetrexmarketing.com\/producto\/partida-bellvisos-2007-mg\/"]}]},{"@type":"BreadcrumbList","@id":"https:\/\/familywines.cetrexmarketing.com\/producto\/partida-bellvisos-2007-mg\/#breadcrumb","itemListElement":[{"@type":"ListItem","position":1,"name":"Home","item":"https:\/\/familywines.cetrexmarketing.com\/ca\/test\/"},{"@type":"ListItem","position":2,"name":"Tienda","item":"https:\/\/familywines.cetrexmarketing.com\/tienda\/"},{"@type":"ListItem","position":3,"name":"Partida Bellvisos 2007 1,5 lit."}]}]}},"_links":{"self":[{"href":"https:\/\/familywines.cetrexmarketing.com\/ca\/wp-json\/wp\/v2\/product\/1152"}],"collection":[{"href":"https:\/\/familywines.cetrexmarketing.com\/ca\/wp-json\/wp\/v2\/product"}],"about":[{"href":"https:\/\/familywines.cetrexmarketing.com\/ca\/wp-json\/wp\/v2\/types\/product"}],"replies":[{"embeddable":true,"href":"https:\/\/familywines.cetrexmarketing.com\/ca\/wp-json\/wp\/v2\/comments?post=1152"}],"wp:featuredmedia":[{"embeddable":true,"href":"https:\/\/familywines.cetrexmarketing.com\/ca\/wp-json\/wp\/v2\/media\/834"}],"wp:attachment":[{"href":"https:\/\/familywines.cetrexmarketing.com\/ca\/wp-json\/wp\/v2\/media?parent=1152"}],"wp:term":[{"taxonomy":"product_cat","embeddable":true,"href":"https:\/\/familywines.cetrexmarketing.com\/ca\/wp-json\/wp\/v2\/product_cat?post=1152"},{"taxonomy":"product_tag","embeddable":true,"href":"https:\/\/familywines.cetrexmarketing.com\/ca\/wp-json\/wp\/v2\/product_tag?post=1152"}],"curies":[{"name":"wp","href":"https:\/\/api.w.org\/{rel}","templated":true}]}}