{"id":1185,"date":"2021-04-26T13:08:07","date_gmt":"2021-04-26T13:08:07","guid":{"rendered":"https:\/\/familywines.cetrexmarketing.com\/producto\/venus-figuera-2017\/"},"modified":"2021-04-26T13:08:07","modified_gmt":"2021-04-26T13:08:07","slug":"venus-figuera-2017","status":"publish","type":"product","link":"https:\/\/familywines.cetrexmarketing.com\/ca\/producto\/venus-figuera-2017\/","title":{"rendered":"Venus de la Figuera 2017"},"content":{"rendered":"<p><span>El poble de la Figuera \u00e9s un poble on nom\u00e9s s\u2019hi troben garnatxes negres en finques que van des dels 380 m als 600m d\u2019al\u00e7ada. La majoria de les finques s\u00f3n de la Cooperativa de la Figuera que ara mateix est\u00e0 formada per 3 viticultors. Venus la Universal col\u00b7labora amb ells per ajudar-los amb el projecte cooperatiu i, a canvi, arrendem una de les seves finques de m\u00e9s al\u00e7ada.\u00a0<\/span>Venus de la Figuera \u00e9s un projecte \u00fanic i m\u00e0gic. <span>\u00a0<\/span>Seguim en la recerca de la feminitat i la terra.<\/p>\n<p><span>La finca del Guix\u00e0, \u00e9s una finca de s\u00f2l argilo calcari blanc a 600 metres d\u2019al\u00e7ada. L\u2019al\u00e7ada i el s\u00f2l produeixen una garnatxa molt fina, de menys estructura per\u00f2 amb tensi\u00f3 molt pronunciada.\u00a0<\/span>La finca est\u00e0 coronada per una bassa de la comunitat de regants enorme. Gr\u00e0cies a la Lily Brick, la seva paret de ciment s\u2019ha convertit en un quadre de\u00a0rural art de bellesa infinita. Una Venus d\u2019ulls penetrants, que convida a la reflexi\u00f3, a la pausa, al di\u00e0leg amb la natura i amb el vi. Una Venus que despr\u00e9s tindrem tamb\u00e9 a l\u2019ampolla de vi en forma d\u2019etiqueta.<\/p>\n","protected":false},"excerpt":{"rendered":"<p><span>El poble de la Figuera \u00e9s un poble on nom\u00e9s s\u2019hi troben garnatxes negres en finques que van des dels 380 m als 600 m d\u2019al\u00e7ada. La nostra \u00e9s una de les m\u00e9s altes i aconseguim una garnatxa molt fina, de menys estructura per\u00f2 amb una acidesa molt pronunciada. \u00c9s un projecte \u00fanic i m\u00e0gic.\u00a0 Seguint en la recerca de la feminitat i la terra.<\/span><\/p>\n","protected":false},"featured_media":852,"comment_status":"open","ping_status":"closed","template":"","meta":[],"product_cat":[237,159,216,186,162,213,198],"product_tag":[],"yoast_head":"<!-- This site is optimized with the Yoast SEO plugin v19.1 - https:\/\/yoast.com\/wordpress\/plugins\/seo\/ -->\n<title>Venus de la Figuera 2017 - Family Wines<\/title>\n<meta name=\"robots\" content=\"noindex, follow, max-snippet:-1, max-image-preview:large, max-video-preview:-1\" \/>\n<meta property=\"og:locale\" content=\"ca_ES\" \/>\n<meta property=\"og:type\" content=\"article\" \/>\n<meta property=\"og:title\" content=\"Venus de la Figuera 2017 - Family Wines\" \/>\n<meta property=\"og:description\" content=\"El poble de la Figuera \u00e9s un poble on nom\u00e9s s\u2019hi troben garnatxes negres en finques que van des dels 380 m als 600 m d\u2019al\u00e7ada. La nostra \u00e9s una de les m\u00e9s altes i aconseguim una garnatxa molt fina, de menys estructura per\u00f2 amb una acidesa molt pronunciada. \u00c9s un projecte \u00fanic i m\u00e0gic.\u00a0 Seguint en la recerca de la feminitat i la terra.\" \/>\n<meta property=\"og:url\" content=\"https:\/\/familywines.cetrexmarketing.com\/producto\/venus-figuera-2017\/\" \/>\n<meta property=\"og:site_name\" content=\"Family Wines\" \/>\n<meta property=\"og:image\" content=\"https:\/\/familywines.cetrexmarketing.com\/wp-content\/uploads\/2021\/04\/202-thickbox_default-Venus-de-la-Figuera-2017.jpg\" \/>\n\t<meta property=\"og:image:width\" content=\"700\" \/>\n\t<meta property=\"og:image:height\" content=\"800\" \/>\n\t<meta property=\"og:image:type\" content=\"image\/jpeg\" \/>\n<meta name=\"twitter:card\" content=\"summary_large_image\" \/>\n<meta name=\"twitter:label1\" content=\"Temps estimat de lectura\" \/>\n\t<meta name=\"twitter:data1\" content=\"1 minut\" \/>\n<script type=\"application\/ld+json\" class=\"yoast-schema-graph\">{\"@context\":\"https:\/\/schema.org\",\"@graph\":[{\"@type\":\"WebSite\",\"@id\":\"https:\/\/familywines.cetrexmarketing.com\/#website\",\"url\":\"https:\/\/familywines.cetrexmarketing.com\/\",\"name\":\"Family Wines\",\"description\":\"\",\"potentialAction\":[{\"@type\":\"SearchAction\",\"target\":{\"@type\":\"EntryPoint\",\"urlTemplate\":\"https:\/\/familywines.cetrexmarketing.com\/?s={search_term_string}\"},\"query-input\":\"required name=search_term_string\"}],\"inLanguage\":\"ca\"},{\"@type\":\"ImageObject\",\"inLanguage\":\"ca\",\"@id\":\"https:\/\/familywines.cetrexmarketing.com\/producto\/venus-figuera-2017\/#primaryimage\",\"url\":\"https:\/\/familywines.cetrexmarketing.com\/wp-content\/uploads\/2021\/04\/202-thickbox_default-Venus-de-la-Figuera-2017.jpg\",\"contentUrl\":\"https:\/\/familywines.cetrexmarketing.com\/wp-content\/uploads\/2021\/04\/202-thickbox_default-Venus-de-la-Figuera-2017.jpg\",\"width\":700,\"height\":800},{\"@type\":\"WebPage\",\"@id\":\"https:\/\/familywines.cetrexmarketing.com\/producto\/venus-figuera-2017\/#webpage\",\"url\":\"https:\/\/familywines.cetrexmarketing.com\/producto\/venus-figuera-2017\/\",\"name\":\"Venus de la Figuera 2017 - Family Wines\",\"isPartOf\":{\"@id\":\"https:\/\/familywines.cetrexmarketing.com\/#website\"},\"primaryImageOfPage\":{\"@id\":\"https:\/\/familywines.cetrexmarketing.com\/producto\/venus-figuera-2017\/#primaryimage\"},\"datePublished\":\"2021-04-26T13:08:07+00:00\",\"dateModified\":\"2021-04-26T13:08:07+00:00\",\"breadcrumb\":{\"@id\":\"https:\/\/familywines.cetrexmarketing.com\/producto\/venus-figuera-2017\/#breadcrumb\"},\"inLanguage\":\"ca\",\"potentialAction\":[{\"@type\":\"ReadAction\",\"target\":[\"https:\/\/familywines.cetrexmarketing.com\/producto\/venus-figuera-2017\/\"]}]},{\"@type\":\"BreadcrumbList\",\"@id\":\"https:\/\/familywines.cetrexmarketing.com\/producto\/venus-figuera-2017\/#breadcrumb\",\"itemListElement\":[{\"@type\":\"ListItem\",\"position\":1,\"name\":\"Home\",\"item\":\"https:\/\/familywines.cetrexmarketing.com\/ca\/test\/\"},{\"@type\":\"ListItem\",\"position\":2,\"name\":\"Tienda\",\"item\":\"https:\/\/familywines.cetrexmarketing.com\/tienda\/\"},{\"@type\":\"ListItem\",\"position\":3,\"name\":\"Venus de la Figuera 2017\"}]}]}<\/script>\n<!-- \/ Yoast SEO plugin. -->","yoast_head_json":{"title":"Venus de la Figuera 2017 - Family Wines","robots":{"index":"noindex","follow":"follow","max-snippet":"max-snippet:-1","max-image-preview":"max-image-preview:large","max-video-preview":"max-video-preview:-1"},"og_locale":"ca_ES","og_type":"article","og_title":"Venus de la Figuera 2017 - Family Wines","og_description":"El poble de la Figuera \u00e9s un poble on nom\u00e9s s\u2019hi troben garnatxes negres en finques que van des dels 380 m als 600 m d\u2019al\u00e7ada. La nostra \u00e9s una de les m\u00e9s altes i aconseguim una garnatxa molt fina, de menys estructura per\u00f2 amb una acidesa molt pronunciada. \u00c9s un projecte \u00fanic i m\u00e0gic.\u00a0 Seguint en la recerca de la feminitat i la terra.","og_url":"https:\/\/familywines.cetrexmarketing.com\/producto\/venus-figuera-2017\/","og_site_name":"Family Wines","og_image":[{"width":700,"height":800,"url":"https:\/\/familywines.cetrexmarketing.com\/wp-content\/uploads\/2021\/04\/202-thickbox_default-Venus-de-la-Figuera-2017.jpg","type":"image\/jpeg"}],"twitter_card":"summary_large_image","twitter_misc":{"Temps estimat de lectura":"1 minut"},"schema":{"@context":"https:\/\/schema.org","@graph":[{"@type":"WebSite","@id":"https:\/\/familywines.cetrexmarketing.com\/#website","url":"https:\/\/familywines.cetrexmarketing.com\/","name":"Family Wines","description":"","potentialAction":[{"@type":"SearchAction","target":{"@type":"EntryPoint","urlTemplate":"https:\/\/familywines.cetrexmarketing.com\/?s={search_term_string}"},"query-input":"required name=search_term_string"}],"inLanguage":"ca"},{"@type":"ImageObject","inLanguage":"ca","@id":"https:\/\/familywines.cetrexmarketing.com\/producto\/venus-figuera-2017\/#primaryimage","url":"https:\/\/familywines.cetrexmarketing.com\/wp-content\/uploads\/2021\/04\/202-thickbox_default-Venus-de-la-Figuera-2017.jpg","contentUrl":"https:\/\/familywines.cetrexmarketing.com\/wp-content\/uploads\/2021\/04\/202-thickbox_default-Venus-de-la-Figuera-2017.jpg","width":700,"height":800},{"@type":"WebPage","@id":"https:\/\/familywines.cetrexmarketing.com\/producto\/venus-figuera-2017\/#webpage","url":"https:\/\/familywines.cetrexmarketing.com\/producto\/venus-figuera-2017\/","name":"Venus de la Figuera 2017 - Family Wines","isPartOf":{"@id":"https:\/\/familywines.cetrexmarketing.com\/#website"},"primaryImageOfPage":{"@id":"https:\/\/familywines.cetrexmarketing.com\/producto\/venus-figuera-2017\/#primaryimage"},"datePublished":"2021-04-26T13:08:07+00:00","dateModified":"2021-04-26T13:08:07+00:00","breadcrumb":{"@id":"https:\/\/familywines.cetrexmarketing.com\/producto\/venus-figuera-2017\/#breadcrumb"},"inLanguage":"ca","potentialAction":[{"@type":"ReadAction","target":["https:\/\/familywines.cetrexmarketing.com\/producto\/venus-figuera-2017\/"]}]},{"@type":"BreadcrumbList","@id":"https:\/\/familywines.cetrexmarketing.com\/producto\/venus-figuera-2017\/#breadcrumb","itemListElement":[{"@type":"ListItem","position":1,"name":"Home","item":"https:\/\/familywines.cetrexmarketing.com\/ca\/test\/"},{"@type":"ListItem","position":2,"name":"Tienda","item":"https:\/\/familywines.cetrexmarketing.com\/tienda\/"},{"@type":"ListItem","position":3,"name":"Venus de la Figuera 2017"}]}]}},"_links":{"self":[{"href":"https:\/\/familywines.cetrexmarketing.com\/ca\/wp-json\/wp\/v2\/product\/1185"}],"collection":[{"href":"https:\/\/familywines.cetrexmarketing.com\/ca\/wp-json\/wp\/v2\/product"}],"about":[{"href":"https:\/\/familywines.cetrexmarketing.com\/ca\/wp-json\/wp\/v2\/types\/product"}],"replies":[{"embeddable":true,"href":"https:\/\/familywines.cetrexmarketing.com\/ca\/wp-json\/wp\/v2\/comments?post=1185"}],"wp:featuredmedia":[{"embeddable":true,"href":"https:\/\/familywines.cetrexmarketing.com\/ca\/wp-json\/wp\/v2\/media\/852"}],"wp:attachment":[{"href":"https:\/\/familywines.cetrexmarketing.com\/ca\/wp-json\/wp\/v2\/media?parent=1185"}],"wp:term":[{"taxonomy":"product_cat","embeddable":true,"href":"https:\/\/familywines.cetrexmarketing.com\/ca\/wp-json\/wp\/v2\/product_cat?post=1185"},{"taxonomy":"product_tag","embeddable":true,"href":"https:\/\/familywines.cetrexmarketing.com\/ca\/wp-json\/wp\/v2\/product_tag?post=1185"}],"curies":[{"name":"wp","href":"https:\/\/api.w.org\/{rel}","templated":true}]}}