{"id":1197,"date":"2021-04-26T13:08:07","date_gmt":"2021-04-26T13:08:07","guid":{"rendered":"https:\/\/familywines.cetrexmarketing.com\/producto\/venus-carenyana-crossos-2009-mg\/"},"modified":"2021-04-26T13:08:07","modified_gmt":"2021-04-26T13:08:07","slug":"venus-carenyana-crossos-2009-mg","status":"publish","type":"product","link":"https:\/\/familywines.cetrexmarketing.com\/ca\/producto\/venus-carenyana-crossos-2009-mg\/","title":{"rendered":"Venus especial Carenyana Crossos 2009 1,5 lit."},"content":{"rendered":"<p><span>Venus Crossos\u00a0\u00e9s\u00a0100%\u00a0carinyena vella\u00a0(de 50 a 80\u00a0anys)\u00a0que prov\u00e9\u00a0d&#8217;una finca\u00a0prop\u00a0de Mar\u00e7\u00e0, situada\u00a0a\u00a0la part m\u00e9s c\u00e0lida de la DO Montsant\u00a0i\u00a0de\u00a0s\u00f2l\u00a0argilo-calcari.<\/span><\/p>\n<p><span>Els\u00a0especials de Venus s\u00f3n el resultat de voler con\u00e8ixer els l\u00edmits de cada una de les finques que l&#8217;integren. Vol\u00edem\u00a0con\u00e8ixer el potencial del ra\u00efm tot cercant la seva expressi\u00f3 m\u00e0xima. En un principi, els especials no estaven destinatst al mercat per\u00f2 degut a la seva evoluci\u00f3 i al resultat inesperat obtingut, hem volgut\u00a0compartir-los amb alguns amics.<\/span><\/p>\n<p><span>El ra\u00efm es verema, es selecci\u00f3, es desrapa i es vinifca per separat. Fermenta amb llevats aut\u00f2ctons, amb lleugers\u00a0<\/span><em><span>pigeage\u00a0<\/span><\/em><span>durant la fermentaci\u00f3 i maceraci\u00f3 que dura entre 28 i 32 dies. Es vinifica en barriques\u00a0obertes de 500 l.\u00a0i\u00a0es\u00a0cria en\u00a0barriques ja usades.<\/span><\/p>\n","protected":false},"excerpt":{"rendered":"<p>Venus Crossos\u00a0\u00e9s\u00a0100%\u00a0carinyena vella\u00a0(de 50 a 80\u00a0anys)\u00a0que prov\u00e9\u00a0d&#8217;una finca\u00a0prop\u00a0de Mar\u00e7\u00e0, situada\u00a0a\u00a0la part m\u00e9s c\u00e0lida de la DO Montsant\u00a0i\u00a0de\u00a0s\u00f2l\u00a0argilo-calcari. Els\u00a0especials de Venus s\u00f3n el resultat de voler con\u00e8ixer els l\u00edmits de cada una de les finques que l&#8217;integren. Vol\u00edem\u00a0con\u00e8ixer el potencial del ra\u00efm tot cercant la seva expressi\u00f3 m\u00e0xima. En un principi, els especials no estaven destinatst&hellip;<\/p>\n","protected":false},"featured_media":860,"comment_status":"open","ping_status":"closed","template":"","meta":[],"product_cat":[222,216,180,186,162,213,198],"product_tag":[],"yoast_head":"<!-- This site is optimized with the Yoast SEO plugin v19.1 - https:\/\/yoast.com\/wordpress\/plugins\/seo\/ -->\n<title>Venus especial Carenyana Crossos 2009 1,5 lit. - Family Wines<\/title>\n<meta name=\"robots\" content=\"noindex, follow, max-snippet:-1, max-image-preview:large, max-video-preview:-1\" \/>\n<meta property=\"og:locale\" content=\"ca_ES\" \/>\n<meta property=\"og:type\" content=\"article\" \/>\n<meta property=\"og:title\" content=\"Venus especial Carenyana Crossos 2009 1,5 lit. - Family Wines\" \/>\n<meta property=\"og:description\" content=\"Venus Crossos\u00a0\u00e9s\u00a0100%\u00a0carinyena vella\u00a0(de 50 a 80\u00a0anys)\u00a0que prov\u00e9\u00a0d&#8217;una finca\u00a0prop\u00a0de Mar\u00e7\u00e0, situada\u00a0a\u00a0la part m\u00e9s c\u00e0lida de la DO Montsant\u00a0i\u00a0de\u00a0s\u00f2l\u00a0argilo-calcari. Els\u00a0especials de Venus s\u00f3n el resultat de voler con\u00e8ixer els l\u00edmits de cada una de les finques que l&#8217;integren. Vol\u00edem\u00a0con\u00e8ixer el potencial del ra\u00efm tot cercant la seva expressi\u00f3 m\u00e0xima. En un principi, els especials no estaven destinatst&hellip;\" \/>\n<meta property=\"og:url\" content=\"https:\/\/familywines.cetrexmarketing.com\/producto\/venus-carenyana-crossos-2009-mg\/\" \/>\n<meta property=\"og:site_name\" content=\"Family Wines\" \/>\n<meta property=\"og:image\" content=\"https:\/\/familywines.cetrexmarketing.com\/wp-content\/uploads\/2021\/04\/213-thickbox_default-Venus-especial-Carenyana-Crossos-2009-15-lit.jpg\" \/>\n\t<meta property=\"og:image:width\" content=\"700\" \/>\n\t<meta property=\"og:image:height\" content=\"800\" \/>\n\t<meta property=\"og:image:type\" content=\"image\/jpeg\" \/>\n<meta name=\"twitter:card\" content=\"summary_large_image\" \/>\n<meta name=\"twitter:label1\" content=\"Temps estimat de lectura\" \/>\n\t<meta name=\"twitter:data1\" content=\"1 minut\" \/>\n<script type=\"application\/ld+json\" class=\"yoast-schema-graph\">{\"@context\":\"https:\/\/schema.org\",\"@graph\":[{\"@type\":\"WebSite\",\"@id\":\"https:\/\/familywines.cetrexmarketing.com\/#website\",\"url\":\"https:\/\/familywines.cetrexmarketing.com\/\",\"name\":\"Family Wines\",\"description\":\"\",\"potentialAction\":[{\"@type\":\"SearchAction\",\"target\":{\"@type\":\"EntryPoint\",\"urlTemplate\":\"https:\/\/familywines.cetrexmarketing.com\/?s={search_term_string}\"},\"query-input\":\"required name=search_term_string\"}],\"inLanguage\":\"ca\"},{\"@type\":\"ImageObject\",\"inLanguage\":\"ca\",\"@id\":\"https:\/\/familywines.cetrexmarketing.com\/producto\/venus-carenyana-crossos-2009-mg\/#primaryimage\",\"url\":\"https:\/\/familywines.cetrexmarketing.com\/wp-content\/uploads\/2021\/04\/213-thickbox_default-Venus-especial-Carenyana-Crossos-2009-15-lit.jpg\",\"contentUrl\":\"https:\/\/familywines.cetrexmarketing.com\/wp-content\/uploads\/2021\/04\/213-thickbox_default-Venus-especial-Carenyana-Crossos-2009-15-lit.jpg\",\"width\":700,\"height\":800},{\"@type\":\"WebPage\",\"@id\":\"https:\/\/familywines.cetrexmarketing.com\/producto\/venus-carenyana-crossos-2009-mg\/#webpage\",\"url\":\"https:\/\/familywines.cetrexmarketing.com\/producto\/venus-carenyana-crossos-2009-mg\/\",\"name\":\"Venus especial Carenyana Crossos 2009 1,5 lit. - Family Wines\",\"isPartOf\":{\"@id\":\"https:\/\/familywines.cetrexmarketing.com\/#website\"},\"primaryImageOfPage\":{\"@id\":\"https:\/\/familywines.cetrexmarketing.com\/producto\/venus-carenyana-crossos-2009-mg\/#primaryimage\"},\"datePublished\":\"2021-04-26T13:08:07+00:00\",\"dateModified\":\"2021-04-26T13:08:07+00:00\",\"breadcrumb\":{\"@id\":\"https:\/\/familywines.cetrexmarketing.com\/producto\/venus-carenyana-crossos-2009-mg\/#breadcrumb\"},\"inLanguage\":\"ca\",\"potentialAction\":[{\"@type\":\"ReadAction\",\"target\":[\"https:\/\/familywines.cetrexmarketing.com\/producto\/venus-carenyana-crossos-2009-mg\/\"]}]},{\"@type\":\"BreadcrumbList\",\"@id\":\"https:\/\/familywines.cetrexmarketing.com\/producto\/venus-carenyana-crossos-2009-mg\/#breadcrumb\",\"itemListElement\":[{\"@type\":\"ListItem\",\"position\":1,\"name\":\"Home\",\"item\":\"https:\/\/familywines.cetrexmarketing.com\/ca\/test\/\"},{\"@type\":\"ListItem\",\"position\":2,\"name\":\"Tienda\",\"item\":\"https:\/\/familywines.cetrexmarketing.com\/tienda\/\"},{\"@type\":\"ListItem\",\"position\":3,\"name\":\"Venus especial Carenyana Crossos 2009 1,5 lit.\"}]}]}<\/script>\n<!-- \/ Yoast SEO plugin. -->","yoast_head_json":{"title":"Venus especial Carenyana Crossos 2009 1,5 lit. - Family Wines","robots":{"index":"noindex","follow":"follow","max-snippet":"max-snippet:-1","max-image-preview":"max-image-preview:large","max-video-preview":"max-video-preview:-1"},"og_locale":"ca_ES","og_type":"article","og_title":"Venus especial Carenyana Crossos 2009 1,5 lit. - Family Wines","og_description":"Venus Crossos\u00a0\u00e9s\u00a0100%\u00a0carinyena vella\u00a0(de 50 a 80\u00a0anys)\u00a0que prov\u00e9\u00a0d&#8217;una finca\u00a0prop\u00a0de Mar\u00e7\u00e0, situada\u00a0a\u00a0la part m\u00e9s c\u00e0lida de la DO Montsant\u00a0i\u00a0de\u00a0s\u00f2l\u00a0argilo-calcari. Els\u00a0especials de Venus s\u00f3n el resultat de voler con\u00e8ixer els l\u00edmits de cada una de les finques que l&#8217;integren. Vol\u00edem\u00a0con\u00e8ixer el potencial del ra\u00efm tot cercant la seva expressi\u00f3 m\u00e0xima. En un principi, els especials no estaven destinatst&hellip;","og_url":"https:\/\/familywines.cetrexmarketing.com\/producto\/venus-carenyana-crossos-2009-mg\/","og_site_name":"Family Wines","og_image":[{"width":700,"height":800,"url":"https:\/\/familywines.cetrexmarketing.com\/wp-content\/uploads\/2021\/04\/213-thickbox_default-Venus-especial-Carenyana-Crossos-2009-15-lit.jpg","type":"image\/jpeg"}],"twitter_card":"summary_large_image","twitter_misc":{"Temps estimat de lectura":"1 minut"},"schema":{"@context":"https:\/\/schema.org","@graph":[{"@type":"WebSite","@id":"https:\/\/familywines.cetrexmarketing.com\/#website","url":"https:\/\/familywines.cetrexmarketing.com\/","name":"Family Wines","description":"","potentialAction":[{"@type":"SearchAction","target":{"@type":"EntryPoint","urlTemplate":"https:\/\/familywines.cetrexmarketing.com\/?s={search_term_string}"},"query-input":"required name=search_term_string"}],"inLanguage":"ca"},{"@type":"ImageObject","inLanguage":"ca","@id":"https:\/\/familywines.cetrexmarketing.com\/producto\/venus-carenyana-crossos-2009-mg\/#primaryimage","url":"https:\/\/familywines.cetrexmarketing.com\/wp-content\/uploads\/2021\/04\/213-thickbox_default-Venus-especial-Carenyana-Crossos-2009-15-lit.jpg","contentUrl":"https:\/\/familywines.cetrexmarketing.com\/wp-content\/uploads\/2021\/04\/213-thickbox_default-Venus-especial-Carenyana-Crossos-2009-15-lit.jpg","width":700,"height":800},{"@type":"WebPage","@id":"https:\/\/familywines.cetrexmarketing.com\/producto\/venus-carenyana-crossos-2009-mg\/#webpage","url":"https:\/\/familywines.cetrexmarketing.com\/producto\/venus-carenyana-crossos-2009-mg\/","name":"Venus especial Carenyana Crossos 2009 1,5 lit. - Family Wines","isPartOf":{"@id":"https:\/\/familywines.cetrexmarketing.com\/#website"},"primaryImageOfPage":{"@id":"https:\/\/familywines.cetrexmarketing.com\/producto\/venus-carenyana-crossos-2009-mg\/#primaryimage"},"datePublished":"2021-04-26T13:08:07+00:00","dateModified":"2021-04-26T13:08:07+00:00","breadcrumb":{"@id":"https:\/\/familywines.cetrexmarketing.com\/producto\/venus-carenyana-crossos-2009-mg\/#breadcrumb"},"inLanguage":"ca","potentialAction":[{"@type":"ReadAction","target":["https:\/\/familywines.cetrexmarketing.com\/producto\/venus-carenyana-crossos-2009-mg\/"]}]},{"@type":"BreadcrumbList","@id":"https:\/\/familywines.cetrexmarketing.com\/producto\/venus-carenyana-crossos-2009-mg\/#breadcrumb","itemListElement":[{"@type":"ListItem","position":1,"name":"Home","item":"https:\/\/familywines.cetrexmarketing.com\/ca\/test\/"},{"@type":"ListItem","position":2,"name":"Tienda","item":"https:\/\/familywines.cetrexmarketing.com\/tienda\/"},{"@type":"ListItem","position":3,"name":"Venus especial Carenyana Crossos 2009 1,5 lit."}]}]}},"_links":{"self":[{"href":"https:\/\/familywines.cetrexmarketing.com\/ca\/wp-json\/wp\/v2\/product\/1197"}],"collection":[{"href":"https:\/\/familywines.cetrexmarketing.com\/ca\/wp-json\/wp\/v2\/product"}],"about":[{"href":"https:\/\/familywines.cetrexmarketing.com\/ca\/wp-json\/wp\/v2\/types\/product"}],"replies":[{"embeddable":true,"href":"https:\/\/familywines.cetrexmarketing.com\/ca\/wp-json\/wp\/v2\/comments?post=1197"}],"wp:featuredmedia":[{"embeddable":true,"href":"https:\/\/familywines.cetrexmarketing.com\/ca\/wp-json\/wp\/v2\/media\/860"}],"wp:attachment":[{"href":"https:\/\/familywines.cetrexmarketing.com\/ca\/wp-json\/wp\/v2\/media?parent=1197"}],"wp:term":[{"taxonomy":"product_cat","embeddable":true,"href":"https:\/\/familywines.cetrexmarketing.com\/ca\/wp-json\/wp\/v2\/product_cat?post=1197"},{"taxonomy":"product_tag","embeddable":true,"href":"https:\/\/familywines.cetrexmarketing.com\/ca\/wp-json\/wp\/v2\/product_tag?post=1197"}],"curies":[{"name":"wp","href":"https:\/\/api.w.org\/{rel}","templated":true}]}}