{"id":1217,"date":"2021-04-28T16:36:32","date_gmt":"2021-04-28T16:36:32","guid":{"rendered":"https:\/\/familywines.cetrexmarketing.com\/producto\/sindicat-la-figuera-2020-3\/"},"modified":"2021-04-28T16:36:32","modified_gmt":"2021-04-28T16:36:32","slug":"sindicat-la-figuera-2020-3","status":"publish","type":"product","link":"https:\/\/familywines.cetrexmarketing.com\/ca\/producto\/sindicat-la-figuera-2020-3\/","title":{"rendered":"Sindicat La Figuera 2020"},"content":{"rendered":"<p style=\"text-align:left;\">La frescura de la altitud aporta a sus vinos toques de c\u00edtricos y flores que no se encuentran en el resto de vinos de la zona. Si a\u00f1adimos su tradicional forma de elaborar el vino en dep\u00f3sitos de cemento subterr\u00e1neos, tenemos como resultado un vino ligero y fresco.\u00a0<\/p>\n<p>La a\u00f1ada 2018 se caracteriza por unas temperaturas suaves durante todo el verano, lo que nos permiti\u00f3 una madurez lenta y \u00f3ptima de los\u00a0granos de uva. Y por una pluviometr\u00eda generosa durante todo el a\u00f1o que como resultado nos di\u00f3 un vino fragante y preciso. Con un paso por boca fluido y largo que nos evoca, a\u00b4n m\u00e1s, las grandes garnachas en altitud de la zona mediterr\u00e1nea.<\/p>\n","protected":false},"excerpt":{"rendered":"<p>La frescura de la altitud aporta a sus vinos toques de c\u00edtricos y flores que no se encuentran en el resto de vinos de la zona. Si a\u00f1adimos su tradicional forma de elaborar el vino en dep\u00f3sitos de cemento subterr\u00e1neos, tenemos como resultado un vino ligero y fresco.\u00a0 La a\u00f1ada 2018 se caracteriza por unas&hellip;<\/p>\n","protected":false},"featured_media":872,"comment_status":"open","ping_status":"closed","template":"","meta":[],"product_cat":[239,161,218,257,188,164,200],"product_tag":[],"yoast_head":"<!-- This site is optimized with the Yoast SEO plugin v19.1 - https:\/\/yoast.com\/wordpress\/plugins\/seo\/ -->\n<title>Sindicat La Figuera 2020 - Family Wines<\/title>\n<meta name=\"robots\" content=\"noindex, follow, max-snippet:-1, max-image-preview:large, max-video-preview:-1\" \/>\n<meta property=\"og:locale\" content=\"ca_ES\" \/>\n<meta property=\"og:type\" content=\"article\" \/>\n<meta property=\"og:title\" content=\"Sindicat La Figuera 2020 - Family Wines\" \/>\n<meta property=\"og:description\" content=\"La frescura de la altitud aporta a sus vinos toques de c\u00edtricos y flores que no se encuentran en el resto de vinos de la zona. Si a\u00f1adimos su tradicional forma de elaborar el vino en dep\u00f3sitos de cemento subterr\u00e1neos, tenemos como resultado un vino ligero y fresco.\u00a0 La a\u00f1ada 2018 se caracteriza por unas&hellip;\" \/>\n<meta property=\"og:url\" content=\"https:\/\/familywines.cetrexmarketing.com\/producto\/sindicat-la-figuera-2020-3\/\" \/>\n<meta property=\"og:site_name\" content=\"Family Wines\" \/>\n<meta name=\"twitter:card\" content=\"summary_large_image\" \/>\n<meta name=\"twitter:label1\" content=\"Temps estimat de lectura\" \/>\n\t<meta name=\"twitter:data1\" content=\"1 minut\" \/>\n<script type=\"application\/ld+json\" class=\"yoast-schema-graph\">{\"@context\":\"https:\/\/schema.org\",\"@graph\":[{\"@type\":\"WebSite\",\"@id\":\"https:\/\/familywines.cetrexmarketing.com\/#website\",\"url\":\"https:\/\/familywines.cetrexmarketing.com\/\",\"name\":\"Family Wines\",\"description\":\"\",\"potentialAction\":[{\"@type\":\"SearchAction\",\"target\":{\"@type\":\"EntryPoint\",\"urlTemplate\":\"https:\/\/familywines.cetrexmarketing.com\/?s={search_term_string}\"},\"query-input\":\"required name=search_term_string\"}],\"inLanguage\":\"ca\"},{\"@type\":\"ImageObject\",\"inLanguage\":\"ca\",\"@id\":\"https:\/\/familywines.cetrexmarketing.com\/producto\/sindicat-la-figuera-2020-3\/#primaryimage\",\"url\":\"https:\/\/familywines.cetrexmarketing.com\/wp-content\/uploads\/2021\/04\/302-thickbox_default-Sindicat-La-Figuera-2020.jpg\",\"contentUrl\":\"https:\/\/familywines.cetrexmarketing.com\/wp-content\/uploads\/2021\/04\/302-thickbox_default-Sindicat-La-Figuera-2020.jpg\",\"width\":700,\"height\":800},{\"@type\":\"WebPage\",\"@id\":\"https:\/\/familywines.cetrexmarketing.com\/producto\/sindicat-la-figuera-2020-3\/#webpage\",\"url\":\"https:\/\/familywines.cetrexmarketing.com\/producto\/sindicat-la-figuera-2020-3\/\",\"name\":\"Sindicat La Figuera 2020 - Family Wines\",\"isPartOf\":{\"@id\":\"https:\/\/familywines.cetrexmarketing.com\/#website\"},\"primaryImageOfPage\":{\"@id\":\"https:\/\/familywines.cetrexmarketing.com\/producto\/sindicat-la-figuera-2020-3\/#primaryimage\"},\"datePublished\":\"2021-04-28T16:36:32+00:00\",\"dateModified\":\"2021-04-28T16:36:32+00:00\",\"breadcrumb\":{\"@id\":\"https:\/\/familywines.cetrexmarketing.com\/producto\/sindicat-la-figuera-2020-3\/#breadcrumb\"},\"inLanguage\":\"ca\",\"potentialAction\":[{\"@type\":\"ReadAction\",\"target\":[\"https:\/\/familywines.cetrexmarketing.com\/producto\/sindicat-la-figuera-2020-3\/\"]}]},{\"@type\":\"BreadcrumbList\",\"@id\":\"https:\/\/familywines.cetrexmarketing.com\/producto\/sindicat-la-figuera-2020-3\/#breadcrumb\",\"itemListElement\":[{\"@type\":\"ListItem\",\"position\":1,\"name\":\"Home\",\"item\":\"https:\/\/familywines.cetrexmarketing.com\/ca\/test\/\"},{\"@type\":\"ListItem\",\"position\":2,\"name\":\"Tienda\",\"item\":\"https:\/\/familywines.cetrexmarketing.com\/tienda\/\"},{\"@type\":\"ListItem\",\"position\":3,\"name\":\"Sindicat La Figuera 2020\"}]}]}<\/script>\n<!-- \/ Yoast SEO plugin. -->","yoast_head_json":{"title":"Sindicat La Figuera 2020 - Family Wines","robots":{"index":"noindex","follow":"follow","max-snippet":"max-snippet:-1","max-image-preview":"max-image-preview:large","max-video-preview":"max-video-preview:-1"},"og_locale":"ca_ES","og_type":"article","og_title":"Sindicat La Figuera 2020 - Family Wines","og_description":"La frescura de la altitud aporta a sus vinos toques de c\u00edtricos y flores que no se encuentran en el resto de vinos de la zona. Si a\u00f1adimos su tradicional forma de elaborar el vino en dep\u00f3sitos de cemento subterr\u00e1neos, tenemos como resultado un vino ligero y fresco.\u00a0 La a\u00f1ada 2018 se caracteriza por unas&hellip;","og_url":"https:\/\/familywines.cetrexmarketing.com\/producto\/sindicat-la-figuera-2020-3\/","og_site_name":"Family Wines","twitter_card":"summary_large_image","twitter_misc":{"Temps estimat de lectura":"1 minut"},"schema":{"@context":"https:\/\/schema.org","@graph":[{"@type":"WebSite","@id":"https:\/\/familywines.cetrexmarketing.com\/#website","url":"https:\/\/familywines.cetrexmarketing.com\/","name":"Family Wines","description":"","potentialAction":[{"@type":"SearchAction","target":{"@type":"EntryPoint","urlTemplate":"https:\/\/familywines.cetrexmarketing.com\/?s={search_term_string}"},"query-input":"required name=search_term_string"}],"inLanguage":"ca"},{"@type":"ImageObject","inLanguage":"ca","@id":"https:\/\/familywines.cetrexmarketing.com\/producto\/sindicat-la-figuera-2020-3\/#primaryimage","url":"https:\/\/familywines.cetrexmarketing.com\/wp-content\/uploads\/2021\/04\/302-thickbox_default-Sindicat-La-Figuera-2020.jpg","contentUrl":"https:\/\/familywines.cetrexmarketing.com\/wp-content\/uploads\/2021\/04\/302-thickbox_default-Sindicat-La-Figuera-2020.jpg","width":700,"height":800},{"@type":"WebPage","@id":"https:\/\/familywines.cetrexmarketing.com\/producto\/sindicat-la-figuera-2020-3\/#webpage","url":"https:\/\/familywines.cetrexmarketing.com\/producto\/sindicat-la-figuera-2020-3\/","name":"Sindicat La Figuera 2020 - Family Wines","isPartOf":{"@id":"https:\/\/familywines.cetrexmarketing.com\/#website"},"primaryImageOfPage":{"@id":"https:\/\/familywines.cetrexmarketing.com\/producto\/sindicat-la-figuera-2020-3\/#primaryimage"},"datePublished":"2021-04-28T16:36:32+00:00","dateModified":"2021-04-28T16:36:32+00:00","breadcrumb":{"@id":"https:\/\/familywines.cetrexmarketing.com\/producto\/sindicat-la-figuera-2020-3\/#breadcrumb"},"inLanguage":"ca","potentialAction":[{"@type":"ReadAction","target":["https:\/\/familywines.cetrexmarketing.com\/producto\/sindicat-la-figuera-2020-3\/"]}]},{"@type":"BreadcrumbList","@id":"https:\/\/familywines.cetrexmarketing.com\/producto\/sindicat-la-figuera-2020-3\/#breadcrumb","itemListElement":[{"@type":"ListItem","position":1,"name":"Home","item":"https:\/\/familywines.cetrexmarketing.com\/ca\/test\/"},{"@type":"ListItem","position":2,"name":"Tienda","item":"https:\/\/familywines.cetrexmarketing.com\/tienda\/"},{"@type":"ListItem","position":3,"name":"Sindicat La Figuera 2020"}]}]}},"_links":{"self":[{"href":"https:\/\/familywines.cetrexmarketing.com\/ca\/wp-json\/wp\/v2\/product\/1217"}],"collection":[{"href":"https:\/\/familywines.cetrexmarketing.com\/ca\/wp-json\/wp\/v2\/product"}],"about":[{"href":"https:\/\/familywines.cetrexmarketing.com\/ca\/wp-json\/wp\/v2\/types\/product"}],"replies":[{"embeddable":true,"href":"https:\/\/familywines.cetrexmarketing.com\/ca\/wp-json\/wp\/v2\/comments?post=1217"}],"wp:featuredmedia":[{"embeddable":true,"href":"https:\/\/familywines.cetrexmarketing.com\/ca\/wp-json\/wp\/v2\/media\/872"}],"wp:attachment":[{"href":"https:\/\/familywines.cetrexmarketing.com\/ca\/wp-json\/wp\/v2\/media?parent=1217"}],"wp:term":[{"taxonomy":"product_cat","embeddable":true,"href":"https:\/\/familywines.cetrexmarketing.com\/ca\/wp-json\/wp\/v2\/product_cat?post=1217"},{"taxonomy":"product_tag","embeddable":true,"href":"https:\/\/familywines.cetrexmarketing.com\/ca\/wp-json\/wp\/v2\/product_tag?post=1217"}],"curies":[{"name":"wp","href":"https:\/\/api.w.org\/{rel}","templated":true}]}}