{"id":1361,"date":"2022-01-19T09:45:21","date_gmt":"2022-01-19T09:45:21","guid":{"rendered":"https:\/\/familywines.cetrexmarketing.com\/producto\/sagesse-2017-3\/"},"modified":"2022-01-19T09:45:21","modified_gmt":"2022-01-19T09:45:21","slug":"sagesse-2017-3","status":"publish","type":"product","link":"https:\/\/familywines.cetrexmarketing.com\/ca\/producto\/sagesse-2017-3\/","title":{"rendered":"Sagesse 2017"},"content":{"rendered":"<p>LES COUSINS MARC &amp; ADRI\u00c0 es un proyecto situado en el pueblo de Porrera y creado por dos primos de la misma edad que\u00a0han compartido desde peque\u00f1os experiencias, amigos y trabajo. Una b\u00fasqueda de diferentes emociones que ellos intentan\u00a0retener en cada botella. Un vino, un momento: \u201cL\u2019INCONSCIENT\u201d, \u201cSAGESSE\u201d y \u201cL\u2019ANTAGONIQUE\u201d.<\/p>\n<p><strong>Variedades<\/strong>: 60% Garnacha vieja\/ 40% Cari\u00f1ena joven (todo del pueblo de Porrera)<\/p>\n<p><strong>Vinificaci\u00f3n<\/strong>: se vendimia a mano en cajas de 12 kg. Antes de entrar en la bodega, la uva pasa por una mesa de selecci\u00f3n. Ambas variedades se derrapan, y se meten, por separado, la garnacha en una tina de acero inoxidable y la cari\u00f1ena en una tina de cemento, donde empiezan la fermentaci\u00f3n. Una vez prensadas, se cupean y se trasvasan a una tina de cemento de 2000L. dejaremos reposar la mezcla durante 6 meses en la tina de cemento y despu\u00e9s del embotellado, esta a\u00f1ada de Sagesse supone un cambio, sobre todo en la filosof\u00eda y metodolog\u00eda de envejecimiento y crianza. Una vez embotellado, lo dejamos &#8220;descansar&#8221; en la bodega durante 3 a\u00f1os antes de sacarlo al mercado.<\/p>\n<p><strong>Embotellada<\/strong>: Abril 2017<\/p>\n<p><strong>\u00bfPor qu\u00e9\u00a0Sagesse?<\/strong> \u201csavoir douter est la moiti\u00e9 de la sagesse\u201d son las primeras l\u00edneas de la etiqueta (\u201csaber dudar es la\u00a0mitad de la sabidur\u00eda\u201d). Para momentos compartidos con personas que nos hacen mejores.\u00a0<\/p>\n","protected":false},"excerpt":{"rendered":"<p>&#8220;Savoir douter hi ha la moiti\u00e9 de la sagesse&#8221; son las primeras l\u00edneas de la etiqueta (saber dudar es la mmitad de la sabiduria). Para momentos compartidos con las personas que nos hacen mejores.<\/p>\n","protected":false},"featured_media":912,"comment_status":"open","ping_status":"closed","template":"","meta":[],"product_cat":[239,203,236,188,164,200],"product_tag":[],"yoast_head":"<!-- This site is optimized with the Yoast SEO plugin v19.1 - https:\/\/yoast.com\/wordpress\/plugins\/seo\/ -->\n<title>Sagesse 2017 - Family Wines<\/title>\n<meta name=\"robots\" content=\"noindex, follow, max-snippet:-1, max-image-preview:large, max-video-preview:-1\" \/>\n<meta property=\"og:locale\" content=\"ca_ES\" \/>\n<meta property=\"og:type\" content=\"article\" \/>\n<meta property=\"og:title\" content=\"Sagesse 2017 - Family Wines\" \/>\n<meta property=\"og:description\" content=\"&quot;Savoir douter hi ha la moiti\u00e9 de la sagesse&quot; son las primeras l\u00edneas de la etiqueta (saber dudar es la mmitad de la sabiduria). Para momentos compartidos con las personas que nos hacen mejores.\" \/>\n<meta property=\"og:url\" content=\"https:\/\/familywines.cetrexmarketing.com\/producto\/sagesse-2017-3\/\" \/>\n<meta property=\"og:site_name\" content=\"Family Wines\" \/>\n<meta name=\"twitter:card\" content=\"summary_large_image\" \/>\n<meta name=\"twitter:label1\" content=\"Temps estimat de lectura\" \/>\n\t<meta name=\"twitter:data1\" content=\"1 minut\" \/>\n<script type=\"application\/ld+json\" class=\"yoast-schema-graph\">{\"@context\":\"https:\/\/schema.org\",\"@graph\":[{\"@type\":\"WebSite\",\"@id\":\"https:\/\/familywines.cetrexmarketing.com\/#website\",\"url\":\"https:\/\/familywines.cetrexmarketing.com\/\",\"name\":\"Family Wines\",\"description\":\"\",\"potentialAction\":[{\"@type\":\"SearchAction\",\"target\":{\"@type\":\"EntryPoint\",\"urlTemplate\":\"https:\/\/familywines.cetrexmarketing.com\/?s={search_term_string}\"},\"query-input\":\"required name=search_term_string\"}],\"inLanguage\":\"ca\"},{\"@type\":\"ImageObject\",\"inLanguage\":\"ca\",\"@id\":\"https:\/\/familywines.cetrexmarketing.com\/producto\/sagesse-2017-3\/#primaryimage\",\"url\":\"https:\/\/familywines.cetrexmarketing.com\/wp-content\/uploads\/2022\/01\/292-thickbox_default-Sagesse-2017.jpg\",\"contentUrl\":\"https:\/\/familywines.cetrexmarketing.com\/wp-content\/uploads\/2022\/01\/292-thickbox_default-Sagesse-2017.jpg\",\"width\":700,\"height\":800},{\"@type\":\"WebPage\",\"@id\":\"https:\/\/familywines.cetrexmarketing.com\/producto\/sagesse-2017-3\/#webpage\",\"url\":\"https:\/\/familywines.cetrexmarketing.com\/producto\/sagesse-2017-3\/\",\"name\":\"Sagesse 2017 - Family Wines\",\"isPartOf\":{\"@id\":\"https:\/\/familywines.cetrexmarketing.com\/#website\"},\"primaryImageOfPage\":{\"@id\":\"https:\/\/familywines.cetrexmarketing.com\/producto\/sagesse-2017-3\/#primaryimage\"},\"datePublished\":\"2022-01-19T09:45:21+00:00\",\"dateModified\":\"2022-01-19T09:45:21+00:00\",\"breadcrumb\":{\"@id\":\"https:\/\/familywines.cetrexmarketing.com\/producto\/sagesse-2017-3\/#breadcrumb\"},\"inLanguage\":\"ca\",\"potentialAction\":[{\"@type\":\"ReadAction\",\"target\":[\"https:\/\/familywines.cetrexmarketing.com\/producto\/sagesse-2017-3\/\"]}]},{\"@type\":\"BreadcrumbList\",\"@id\":\"https:\/\/familywines.cetrexmarketing.com\/producto\/sagesse-2017-3\/#breadcrumb\",\"itemListElement\":[{\"@type\":\"ListItem\",\"position\":1,\"name\":\"Home\",\"item\":\"https:\/\/familywines.cetrexmarketing.com\/ca\/test\/\"},{\"@type\":\"ListItem\",\"position\":2,\"name\":\"Tienda\",\"item\":\"https:\/\/familywines.cetrexmarketing.com\/tienda\/\"},{\"@type\":\"ListItem\",\"position\":3,\"name\":\"Sagesse 2017\"}]}]}<\/script>\n<!-- \/ Yoast SEO plugin. -->","yoast_head_json":{"title":"Sagesse 2017 - Family Wines","robots":{"index":"noindex","follow":"follow","max-snippet":"max-snippet:-1","max-image-preview":"max-image-preview:large","max-video-preview":"max-video-preview:-1"},"og_locale":"ca_ES","og_type":"article","og_title":"Sagesse 2017 - Family Wines","og_description":"\"Savoir douter hi ha la moiti\u00e9 de la sagesse\" son las primeras l\u00edneas de la etiqueta (saber dudar es la mmitad de la sabiduria). Para momentos compartidos con las personas que nos hacen mejores.","og_url":"https:\/\/familywines.cetrexmarketing.com\/producto\/sagesse-2017-3\/","og_site_name":"Family Wines","twitter_card":"summary_large_image","twitter_misc":{"Temps estimat de lectura":"1 minut"},"schema":{"@context":"https:\/\/schema.org","@graph":[{"@type":"WebSite","@id":"https:\/\/familywines.cetrexmarketing.com\/#website","url":"https:\/\/familywines.cetrexmarketing.com\/","name":"Family Wines","description":"","potentialAction":[{"@type":"SearchAction","target":{"@type":"EntryPoint","urlTemplate":"https:\/\/familywines.cetrexmarketing.com\/?s={search_term_string}"},"query-input":"required name=search_term_string"}],"inLanguage":"ca"},{"@type":"ImageObject","inLanguage":"ca","@id":"https:\/\/familywines.cetrexmarketing.com\/producto\/sagesse-2017-3\/#primaryimage","url":"https:\/\/familywines.cetrexmarketing.com\/wp-content\/uploads\/2022\/01\/292-thickbox_default-Sagesse-2017.jpg","contentUrl":"https:\/\/familywines.cetrexmarketing.com\/wp-content\/uploads\/2022\/01\/292-thickbox_default-Sagesse-2017.jpg","width":700,"height":800},{"@type":"WebPage","@id":"https:\/\/familywines.cetrexmarketing.com\/producto\/sagesse-2017-3\/#webpage","url":"https:\/\/familywines.cetrexmarketing.com\/producto\/sagesse-2017-3\/","name":"Sagesse 2017 - Family Wines","isPartOf":{"@id":"https:\/\/familywines.cetrexmarketing.com\/#website"},"primaryImageOfPage":{"@id":"https:\/\/familywines.cetrexmarketing.com\/producto\/sagesse-2017-3\/#primaryimage"},"datePublished":"2022-01-19T09:45:21+00:00","dateModified":"2022-01-19T09:45:21+00:00","breadcrumb":{"@id":"https:\/\/familywines.cetrexmarketing.com\/producto\/sagesse-2017-3\/#breadcrumb"},"inLanguage":"ca","potentialAction":[{"@type":"ReadAction","target":["https:\/\/familywines.cetrexmarketing.com\/producto\/sagesse-2017-3\/"]}]},{"@type":"BreadcrumbList","@id":"https:\/\/familywines.cetrexmarketing.com\/producto\/sagesse-2017-3\/#breadcrumb","itemListElement":[{"@type":"ListItem","position":1,"name":"Home","item":"https:\/\/familywines.cetrexmarketing.com\/ca\/test\/"},{"@type":"ListItem","position":2,"name":"Tienda","item":"https:\/\/familywines.cetrexmarketing.com\/tienda\/"},{"@type":"ListItem","position":3,"name":"Sagesse 2017"}]}]}},"_links":{"self":[{"href":"https:\/\/familywines.cetrexmarketing.com\/ca\/wp-json\/wp\/v2\/product\/1361"}],"collection":[{"href":"https:\/\/familywines.cetrexmarketing.com\/ca\/wp-json\/wp\/v2\/product"}],"about":[{"href":"https:\/\/familywines.cetrexmarketing.com\/ca\/wp-json\/wp\/v2\/types\/product"}],"replies":[{"embeddable":true,"href":"https:\/\/familywines.cetrexmarketing.com\/ca\/wp-json\/wp\/v2\/comments?post=1361"}],"wp:featuredmedia":[{"embeddable":true,"href":"https:\/\/familywines.cetrexmarketing.com\/ca\/wp-json\/wp\/v2\/media\/912"}],"wp:attachment":[{"href":"https:\/\/familywines.cetrexmarketing.com\/ca\/wp-json\/wp\/v2\/media?parent=1361"}],"wp:term":[{"taxonomy":"product_cat","embeddable":true,"href":"https:\/\/familywines.cetrexmarketing.com\/ca\/wp-json\/wp\/v2\/product_cat?post=1361"},{"taxonomy":"product_tag","embeddable":true,"href":"https:\/\/familywines.cetrexmarketing.com\/ca\/wp-json\/wp\/v2\/product_tag?post=1361"}],"curies":[{"name":"wp","href":"https:\/\/api.w.org\/{rel}","templated":true}]}}