{"id":1434,"date":"2022-04-05T09:39:14","date_gmt":"2022-04-05T09:39:14","guid":{"rendered":"https:\/\/familywines.cetrexmarketing.com\/producto\/pesseroles-brisat-2019\/"},"modified":"2022-04-05T09:39:14","modified_gmt":"2022-04-05T09:39:14","slug":"pesseroles-brisat-2019","status":"publish","type":"product","link":"https:\/\/familywines.cetrexmarketing.com\/ca\/producto\/pesseroles-brisat-2019\/","title":{"rendered":"Pesseroles Brisat 2019"},"content":{"rendered":"<p class=\"Default\" align=\"center\" style=\"text-align:left;\"><span>El Pesseroles Brisat prov\u00e9 de la finca de blanc que tenim al cam\u00ed de Pesseroles, plantada l\u2019any 2002, amb varietats tradicionals del Priorat com el Picapoll blanc, el Pedro Ximenes i la Garnatxa blanca. El s\u00f2l de llicorella esmicolada de les vinyes al llarg del cam\u00ed de Pesseroles, amb un subs\u00f2l amb m\u00e9s pres\u00e8ncia d\u2019argiles que en d\u2019altres finques permet una estructura potent en boca que es real\u00e7a amb l\u2019orientaci\u00f3 sud oest de la parcel.la.<\/span><\/p>\n<\/p>\n<p class=\"Default\" align=\"center\" style=\"text-align:left;\"><span lang=\"en-us\" xml:lang=\"en-us\">2019, Com anyada ve marcada per la onada de calor de St. Joan, temperatures de 46\u00ba que van cremar moltes plantes sobretot de carinyena, molt ra\u00efm i molts sarments que l\u2019any seg\u00fcent no van brotar (ulls que es van cremar) i les que aparentment no es van cremar, ulls cremats i molta calentor al ra\u00efm. El ra\u00efm va tenir un cop de calor quan les fulles i el ra\u00efm estaven m\u00e9s tendres\u2026 i aix\u00f2 no ens ho hav\u00edem trobat mai. Les varietats de blanc van resistir molt b\u00e9 per\u00f2 el cicle va quedar alterat. I segurament \u00e9s per aquesta ra\u00f2, que sigui el Pesseroles amb m\u00e9s tensi\u00f3 que haguem fet mai<\/span><\/p><\/p>\n","protected":false},"excerpt":{"rendered":"<p>Un viatge emocional a la recuperaci\u00f3 dels brisats, vins de ra\u00efm blanc macerats amb la pell.<\/p>\n","protected":false},"featured_media":942,"comment_status":"open","ping_status":"closed","template":"","meta":[],"product_cat":[237,207,201,195,162,198],"product_tag":[],"yoast_head":"<!-- This site is optimized with the Yoast SEO plugin v19.1 - https:\/\/yoast.com\/wordpress\/plugins\/seo\/ -->\n<title>Pesseroles Brisat 2019 - Family Wines<\/title>\n<meta name=\"robots\" content=\"noindex, follow, max-snippet:-1, max-image-preview:large, max-video-preview:-1\" \/>\n<meta property=\"og:locale\" content=\"ca_ES\" \/>\n<meta property=\"og:type\" content=\"article\" \/>\n<meta property=\"og:title\" content=\"Pesseroles Brisat 2019 - Family Wines\" \/>\n<meta property=\"og:description\" content=\"Un viatge emocional a la recuperaci\u00f3 dels brisats, vins de ra\u00efm blanc macerats amb la pell.\" \/>\n<meta property=\"og:url\" content=\"https:\/\/familywines.cetrexmarketing.com\/producto\/pesseroles-brisat-2019\/\" \/>\n<meta property=\"og:site_name\" content=\"Family Wines\" \/>\n<meta property=\"og:image\" content=\"https:\/\/familywines.cetrexmarketing.com\/wp-content\/uploads\/2022\/04\/321-thickbox_default-Pesseroles-Brisat-2019.jpg\" \/>\n\t<meta property=\"og:image:width\" content=\"700\" \/>\n\t<meta property=\"og:image:height\" content=\"800\" \/>\n\t<meta property=\"og:image:type\" content=\"image\/jpeg\" \/>\n<meta name=\"twitter:card\" content=\"summary_large_image\" \/>\n<meta name=\"twitter:label1\" content=\"Temps estimat de lectura\" \/>\n\t<meta name=\"twitter:data1\" content=\"1 minut\" \/>\n<script type=\"application\/ld+json\" class=\"yoast-schema-graph\">{\"@context\":\"https:\/\/schema.org\",\"@graph\":[{\"@type\":\"WebSite\",\"@id\":\"https:\/\/familywines.cetrexmarketing.com\/#website\",\"url\":\"https:\/\/familywines.cetrexmarketing.com\/\",\"name\":\"Family Wines\",\"description\":\"\",\"potentialAction\":[{\"@type\":\"SearchAction\",\"target\":{\"@type\":\"EntryPoint\",\"urlTemplate\":\"https:\/\/familywines.cetrexmarketing.com\/?s={search_term_string}\"},\"query-input\":\"required name=search_term_string\"}],\"inLanguage\":\"ca\"},{\"@type\":\"ImageObject\",\"inLanguage\":\"ca\",\"@id\":\"https:\/\/familywines.cetrexmarketing.com\/producto\/pesseroles-brisat-2019\/#primaryimage\",\"url\":\"https:\/\/familywines.cetrexmarketing.com\/wp-content\/uploads\/2022\/04\/321-thickbox_default-Pesseroles-Brisat-2019.jpg\",\"contentUrl\":\"https:\/\/familywines.cetrexmarketing.com\/wp-content\/uploads\/2022\/04\/321-thickbox_default-Pesseroles-Brisat-2019.jpg\",\"width\":700,\"height\":800},{\"@type\":\"WebPage\",\"@id\":\"https:\/\/familywines.cetrexmarketing.com\/producto\/pesseroles-brisat-2019\/#webpage\",\"url\":\"https:\/\/familywines.cetrexmarketing.com\/producto\/pesseroles-brisat-2019\/\",\"name\":\"Pesseroles Brisat 2019 - Family Wines\",\"isPartOf\":{\"@id\":\"https:\/\/familywines.cetrexmarketing.com\/#website\"},\"primaryImageOfPage\":{\"@id\":\"https:\/\/familywines.cetrexmarketing.com\/producto\/pesseroles-brisat-2019\/#primaryimage\"},\"datePublished\":\"2022-04-05T09:39:14+00:00\",\"dateModified\":\"2022-04-05T09:39:14+00:00\",\"breadcrumb\":{\"@id\":\"https:\/\/familywines.cetrexmarketing.com\/producto\/pesseroles-brisat-2019\/#breadcrumb\"},\"inLanguage\":\"ca\",\"potentialAction\":[{\"@type\":\"ReadAction\",\"target\":[\"https:\/\/familywines.cetrexmarketing.com\/producto\/pesseroles-brisat-2019\/\"]}]},{\"@type\":\"BreadcrumbList\",\"@id\":\"https:\/\/familywines.cetrexmarketing.com\/producto\/pesseroles-brisat-2019\/#breadcrumb\",\"itemListElement\":[{\"@type\":\"ListItem\",\"position\":1,\"name\":\"Home\",\"item\":\"https:\/\/familywines.cetrexmarketing.com\/ca\/test\/\"},{\"@type\":\"ListItem\",\"position\":2,\"name\":\"Tienda\",\"item\":\"https:\/\/familywines.cetrexmarketing.com\/tienda\/\"},{\"@type\":\"ListItem\",\"position\":3,\"name\":\"Pesseroles Brisat 2019\"}]}]}<\/script>\n<!-- \/ Yoast SEO plugin. -->","yoast_head_json":{"title":"Pesseroles Brisat 2019 - Family Wines","robots":{"index":"noindex","follow":"follow","max-snippet":"max-snippet:-1","max-image-preview":"max-image-preview:large","max-video-preview":"max-video-preview:-1"},"og_locale":"ca_ES","og_type":"article","og_title":"Pesseroles Brisat 2019 - Family Wines","og_description":"Un viatge emocional a la recuperaci\u00f3 dels brisats, vins de ra\u00efm blanc macerats amb la pell.","og_url":"https:\/\/familywines.cetrexmarketing.com\/producto\/pesseroles-brisat-2019\/","og_site_name":"Family Wines","og_image":[{"width":700,"height":800,"url":"https:\/\/familywines.cetrexmarketing.com\/wp-content\/uploads\/2022\/04\/321-thickbox_default-Pesseroles-Brisat-2019.jpg","type":"image\/jpeg"}],"twitter_card":"summary_large_image","twitter_misc":{"Temps estimat de lectura":"1 minut"},"schema":{"@context":"https:\/\/schema.org","@graph":[{"@type":"WebSite","@id":"https:\/\/familywines.cetrexmarketing.com\/#website","url":"https:\/\/familywines.cetrexmarketing.com\/","name":"Family Wines","description":"","potentialAction":[{"@type":"SearchAction","target":{"@type":"EntryPoint","urlTemplate":"https:\/\/familywines.cetrexmarketing.com\/?s={search_term_string}"},"query-input":"required name=search_term_string"}],"inLanguage":"ca"},{"@type":"ImageObject","inLanguage":"ca","@id":"https:\/\/familywines.cetrexmarketing.com\/producto\/pesseroles-brisat-2019\/#primaryimage","url":"https:\/\/familywines.cetrexmarketing.com\/wp-content\/uploads\/2022\/04\/321-thickbox_default-Pesseroles-Brisat-2019.jpg","contentUrl":"https:\/\/familywines.cetrexmarketing.com\/wp-content\/uploads\/2022\/04\/321-thickbox_default-Pesseroles-Brisat-2019.jpg","width":700,"height":800},{"@type":"WebPage","@id":"https:\/\/familywines.cetrexmarketing.com\/producto\/pesseroles-brisat-2019\/#webpage","url":"https:\/\/familywines.cetrexmarketing.com\/producto\/pesseroles-brisat-2019\/","name":"Pesseroles Brisat 2019 - Family Wines","isPartOf":{"@id":"https:\/\/familywines.cetrexmarketing.com\/#website"},"primaryImageOfPage":{"@id":"https:\/\/familywines.cetrexmarketing.com\/producto\/pesseroles-brisat-2019\/#primaryimage"},"datePublished":"2022-04-05T09:39:14+00:00","dateModified":"2022-04-05T09:39:14+00:00","breadcrumb":{"@id":"https:\/\/familywines.cetrexmarketing.com\/producto\/pesseroles-brisat-2019\/#breadcrumb"},"inLanguage":"ca","potentialAction":[{"@type":"ReadAction","target":["https:\/\/familywines.cetrexmarketing.com\/producto\/pesseroles-brisat-2019\/"]}]},{"@type":"BreadcrumbList","@id":"https:\/\/familywines.cetrexmarketing.com\/producto\/pesseroles-brisat-2019\/#breadcrumb","itemListElement":[{"@type":"ListItem","position":1,"name":"Home","item":"https:\/\/familywines.cetrexmarketing.com\/ca\/test\/"},{"@type":"ListItem","position":2,"name":"Tienda","item":"https:\/\/familywines.cetrexmarketing.com\/tienda\/"},{"@type":"ListItem","position":3,"name":"Pesseroles Brisat 2019"}]}]}},"_links":{"self":[{"href":"https:\/\/familywines.cetrexmarketing.com\/ca\/wp-json\/wp\/v2\/product\/1434"}],"collection":[{"href":"https:\/\/familywines.cetrexmarketing.com\/ca\/wp-json\/wp\/v2\/product"}],"about":[{"href":"https:\/\/familywines.cetrexmarketing.com\/ca\/wp-json\/wp\/v2\/types\/product"}],"replies":[{"embeddable":true,"href":"https:\/\/familywines.cetrexmarketing.com\/ca\/wp-json\/wp\/v2\/comments?post=1434"}],"wp:featuredmedia":[{"embeddable":true,"href":"https:\/\/familywines.cetrexmarketing.com\/ca\/wp-json\/wp\/v2\/media\/942"}],"wp:attachment":[{"href":"https:\/\/familywines.cetrexmarketing.com\/ca\/wp-json\/wp\/v2\/media?parent=1434"}],"wp:term":[{"taxonomy":"product_cat","embeddable":true,"href":"https:\/\/familywines.cetrexmarketing.com\/ca\/wp-json\/wp\/v2\/product_cat?post=1434"},{"taxonomy":"product_tag","embeddable":true,"href":"https:\/\/familywines.cetrexmarketing.com\/ca\/wp-json\/wp\/v2\/product_tag?post=1434"}],"curies":[{"name":"wp","href":"https:\/\/api.w.org\/{rel}","templated":true}]}}