{"id":1436,"date":"2022-04-05T09:39:14","date_gmt":"2022-04-05T09:39:14","guid":{"rendered":"https:\/\/familywines.cetrexmarketing.com\/producto\/pesseroles-brisat-2019-3\/"},"modified":"2022-04-05T09:39:14","modified_gmt":"2022-04-05T09:39:14","slug":"pesseroles-brisat-2019-3","status":"publish","type":"product","link":"https:\/\/familywines.cetrexmarketing.com\/ca\/producto\/pesseroles-brisat-2019-3\/","title":{"rendered":"Pesseroles Brisat 2019"},"content":{"rendered":"<p class=\"Default\" align=\"center\" style=\"text-align:left;\"><em>Pesseroles Brisat<\/em> proviene de la finca de blanco que tenemos en el camino de <em>Pesseroles<\/em>, plantada en el a\u00f1o 2002, con variedades\u00a0tradicionales del Priorat como\u00a0<em>Picapoll blanc<\/em>, Pedro Jimenez\u00a0y\u00a0Garnacha blanca. El suelo de licorella desmenuzada de las vi\u00f1as a lo largo del camino de Pesseroles, con un subsuelo con m\u00e1s presencia de arcillas que en otras fincas permite una estructura potente en boca que se realza con la orientaci\u00f3n sur-oeste de la parcela.<\/p>\n<p class=\"Default\" align=\"center\" style=\"text-align:left;\"><span lang=\"en-us\" xml:lang=\"en-us\">2019, como a\u00f1ada viene marcada por la ola de calor de S. Juan, temperaturas de 46\u00ba que quemaron muchas plantas sobretodo0 de cari\u00f1ena, mucha\u00a0uva\u00a0y muchos sarmientos\u00a0que el a\u00f1o siguiente no brotaron (ojos que se quemaron) y las que, aparentemente no se quemaron, ojos quemados y mucho calor en la uva. La uva\u00a0tuvo un golpe de calor cuando las hojas y la uva estaban m\u00e1s tiernas. Las variedades de blanco resistieron muy bien pero el ciclo qued\u00f3 alterado.\u00a0<\/span><\/p>\n","protected":false},"excerpt":{"rendered":"<p>Un viaje emocional a la recuperaci\u00f3n dels brisados, vinos de uva blanca macerados con la pell.<\/p>\n","protected":false},"featured_media":942,"comment_status":"open","ping_status":"closed","template":"","meta":[],"product_cat":[239,209,203,197,164,200],"product_tag":[],"yoast_head":"<!-- This site is optimized with the Yoast SEO plugin v19.1 - https:\/\/yoast.com\/wordpress\/plugins\/seo\/ -->\n<title>Pesseroles Brisat 2019 - Family Wines<\/title>\n<meta name=\"robots\" content=\"noindex, follow, max-snippet:-1, max-image-preview:large, max-video-preview:-1\" \/>\n<meta property=\"og:locale\" content=\"ca_ES\" \/>\n<meta property=\"og:type\" content=\"article\" \/>\n<meta property=\"og:title\" content=\"Pesseroles Brisat 2019 - Family Wines\" \/>\n<meta property=\"og:description\" content=\"Un viaje emocional a la recuperaci\u00f3n dels brisados, vinos de uva blanca macerados con la pell.\" \/>\n<meta property=\"og:url\" content=\"https:\/\/familywines.cetrexmarketing.com\/producto\/pesseroles-brisat-2019-3\/\" \/>\n<meta property=\"og:site_name\" content=\"Family Wines\" \/>\n<meta name=\"twitter:card\" content=\"summary_large_image\" \/>\n<meta name=\"twitter:label1\" content=\"Temps estimat de lectura\" \/>\n\t<meta name=\"twitter:data1\" content=\"1 minut\" \/>\n<script type=\"application\/ld+json\" class=\"yoast-schema-graph\">{\"@context\":\"https:\/\/schema.org\",\"@graph\":[{\"@type\":\"WebSite\",\"@id\":\"https:\/\/familywines.cetrexmarketing.com\/#website\",\"url\":\"https:\/\/familywines.cetrexmarketing.com\/\",\"name\":\"Family Wines\",\"description\":\"\",\"potentialAction\":[{\"@type\":\"SearchAction\",\"target\":{\"@type\":\"EntryPoint\",\"urlTemplate\":\"https:\/\/familywines.cetrexmarketing.com\/?s={search_term_string}\"},\"query-input\":\"required name=search_term_string\"}],\"inLanguage\":\"ca\"},{\"@type\":\"ImageObject\",\"inLanguage\":\"ca\",\"@id\":\"https:\/\/familywines.cetrexmarketing.com\/producto\/pesseroles-brisat-2019-3\/#primaryimage\",\"url\":\"https:\/\/familywines.cetrexmarketing.com\/wp-content\/uploads\/2022\/04\/321-thickbox_default-Pesseroles-Brisat-2019.jpg\",\"contentUrl\":\"https:\/\/familywines.cetrexmarketing.com\/wp-content\/uploads\/2022\/04\/321-thickbox_default-Pesseroles-Brisat-2019.jpg\",\"width\":700,\"height\":800},{\"@type\":\"WebPage\",\"@id\":\"https:\/\/familywines.cetrexmarketing.com\/producto\/pesseroles-brisat-2019-3\/#webpage\",\"url\":\"https:\/\/familywines.cetrexmarketing.com\/producto\/pesseroles-brisat-2019-3\/\",\"name\":\"Pesseroles Brisat 2019 - Family Wines\",\"isPartOf\":{\"@id\":\"https:\/\/familywines.cetrexmarketing.com\/#website\"},\"primaryImageOfPage\":{\"@id\":\"https:\/\/familywines.cetrexmarketing.com\/producto\/pesseroles-brisat-2019-3\/#primaryimage\"},\"datePublished\":\"2022-04-05T09:39:14+00:00\",\"dateModified\":\"2022-04-05T09:39:14+00:00\",\"breadcrumb\":{\"@id\":\"https:\/\/familywines.cetrexmarketing.com\/producto\/pesseroles-brisat-2019-3\/#breadcrumb\"},\"inLanguage\":\"ca\",\"potentialAction\":[{\"@type\":\"ReadAction\",\"target\":[\"https:\/\/familywines.cetrexmarketing.com\/producto\/pesseroles-brisat-2019-3\/\"]}]},{\"@type\":\"BreadcrumbList\",\"@id\":\"https:\/\/familywines.cetrexmarketing.com\/producto\/pesseroles-brisat-2019-3\/#breadcrumb\",\"itemListElement\":[{\"@type\":\"ListItem\",\"position\":1,\"name\":\"Home\",\"item\":\"https:\/\/familywines.cetrexmarketing.com\/ca\/test\/\"},{\"@type\":\"ListItem\",\"position\":2,\"name\":\"Tienda\",\"item\":\"https:\/\/familywines.cetrexmarketing.com\/tienda\/\"},{\"@type\":\"ListItem\",\"position\":3,\"name\":\"Pesseroles Brisat 2019\"}]}]}<\/script>\n<!-- \/ Yoast SEO plugin. -->","yoast_head_json":{"title":"Pesseroles Brisat 2019 - Family Wines","robots":{"index":"noindex","follow":"follow","max-snippet":"max-snippet:-1","max-image-preview":"max-image-preview:large","max-video-preview":"max-video-preview:-1"},"og_locale":"ca_ES","og_type":"article","og_title":"Pesseroles Brisat 2019 - Family Wines","og_description":"Un viaje emocional a la recuperaci\u00f3n dels brisados, vinos de uva blanca macerados con la pell.","og_url":"https:\/\/familywines.cetrexmarketing.com\/producto\/pesseroles-brisat-2019-3\/","og_site_name":"Family Wines","twitter_card":"summary_large_image","twitter_misc":{"Temps estimat de lectura":"1 minut"},"schema":{"@context":"https:\/\/schema.org","@graph":[{"@type":"WebSite","@id":"https:\/\/familywines.cetrexmarketing.com\/#website","url":"https:\/\/familywines.cetrexmarketing.com\/","name":"Family Wines","description":"","potentialAction":[{"@type":"SearchAction","target":{"@type":"EntryPoint","urlTemplate":"https:\/\/familywines.cetrexmarketing.com\/?s={search_term_string}"},"query-input":"required name=search_term_string"}],"inLanguage":"ca"},{"@type":"ImageObject","inLanguage":"ca","@id":"https:\/\/familywines.cetrexmarketing.com\/producto\/pesseroles-brisat-2019-3\/#primaryimage","url":"https:\/\/familywines.cetrexmarketing.com\/wp-content\/uploads\/2022\/04\/321-thickbox_default-Pesseroles-Brisat-2019.jpg","contentUrl":"https:\/\/familywines.cetrexmarketing.com\/wp-content\/uploads\/2022\/04\/321-thickbox_default-Pesseroles-Brisat-2019.jpg","width":700,"height":800},{"@type":"WebPage","@id":"https:\/\/familywines.cetrexmarketing.com\/producto\/pesseroles-brisat-2019-3\/#webpage","url":"https:\/\/familywines.cetrexmarketing.com\/producto\/pesseroles-brisat-2019-3\/","name":"Pesseroles Brisat 2019 - Family Wines","isPartOf":{"@id":"https:\/\/familywines.cetrexmarketing.com\/#website"},"primaryImageOfPage":{"@id":"https:\/\/familywines.cetrexmarketing.com\/producto\/pesseroles-brisat-2019-3\/#primaryimage"},"datePublished":"2022-04-05T09:39:14+00:00","dateModified":"2022-04-05T09:39:14+00:00","breadcrumb":{"@id":"https:\/\/familywines.cetrexmarketing.com\/producto\/pesseroles-brisat-2019-3\/#breadcrumb"},"inLanguage":"ca","potentialAction":[{"@type":"ReadAction","target":["https:\/\/familywines.cetrexmarketing.com\/producto\/pesseroles-brisat-2019-3\/"]}]},{"@type":"BreadcrumbList","@id":"https:\/\/familywines.cetrexmarketing.com\/producto\/pesseroles-brisat-2019-3\/#breadcrumb","itemListElement":[{"@type":"ListItem","position":1,"name":"Home","item":"https:\/\/familywines.cetrexmarketing.com\/ca\/test\/"},{"@type":"ListItem","position":2,"name":"Tienda","item":"https:\/\/familywines.cetrexmarketing.com\/tienda\/"},{"@type":"ListItem","position":3,"name":"Pesseroles Brisat 2019"}]}]}},"_links":{"self":[{"href":"https:\/\/familywines.cetrexmarketing.com\/ca\/wp-json\/wp\/v2\/product\/1436"}],"collection":[{"href":"https:\/\/familywines.cetrexmarketing.com\/ca\/wp-json\/wp\/v2\/product"}],"about":[{"href":"https:\/\/familywines.cetrexmarketing.com\/ca\/wp-json\/wp\/v2\/types\/product"}],"replies":[{"embeddable":true,"href":"https:\/\/familywines.cetrexmarketing.com\/ca\/wp-json\/wp\/v2\/comments?post=1436"}],"wp:featuredmedia":[{"embeddable":true,"href":"https:\/\/familywines.cetrexmarketing.com\/ca\/wp-json\/wp\/v2\/media\/942"}],"wp:attachment":[{"href":"https:\/\/familywines.cetrexmarketing.com\/ca\/wp-json\/wp\/v2\/media?parent=1436"}],"wp:term":[{"taxonomy":"product_cat","embeddable":true,"href":"https:\/\/familywines.cetrexmarketing.com\/ca\/wp-json\/wp\/v2\/product_cat?post=1436"},{"taxonomy":"product_tag","embeddable":true,"href":"https:\/\/familywines.cetrexmarketing.com\/ca\/wp-json\/wp\/v2\/product_tag?post=1436"}],"curies":[{"name":"wp","href":"https:\/\/api.w.org\/{rel}","templated":true}]}}