{"id":993,"date":"2016-03-18T10:41:06","date_gmt":"2016-03-18T10:41:06","guid":{"rendered":"https:\/\/familywines.cetrexmarketing.com\/producto\/venus-2005\/"},"modified":"2016-03-18T10:41:06","modified_gmt":"2016-03-18T10:41:06","slug":"venus-2005","status":"publish","type":"product","link":"https:\/\/familywines.cetrexmarketing.com\/ca\/producto\/venus-2005\/","title":{"rendered":"Venus 2005"},"content":{"rendered":"<p><span>Un intent per interpretar la feminitat, la terra, a trav\u00e9s d\u2019una ampolla de vi: carinyena i sir\u00e0, misteri i seducci\u00f3, discurs i voluptuositat, pau, paci\u00e8ncia, equilibri i passi\u00f3.\u00a0<\/span>Un vi suc\u00f3s, pensat per acompanyar el menjar, especialment la cuina mediterr\u00e0nia.\u00a0Venus \u00e9s el resultat de la nostra recerca per la bellesa.<\/p>\n<p><span>Treballem 4 parceles de Carinyena de vinyes velles entre Pinyana i Crossos. Una vinya situada al cim que t\u00e9 les dues vessants, nord i sud, de terres argilocalcaris profunds i humits que permeten maduracions llargues i lentes. El Sir\u00e0 prov\u00e9 de la nostra finca de Venus La Universal, de terres gran\u00edtics que li aporten frescor i fruita.<\/span><\/p>\n<p><span>El 2005 va ser una anyada calenta i molt robusta. <\/span><\/p>\n","protected":false},"excerpt":{"rendered":"<p>Un intent per interpretar la feminitat, la terra, a trav\u00e9s d\u2019una ampolla de vi: carinyena i sir\u00e0, misteri i seducci\u00f3, discurs i voluptuositat, pau, paci\u00e8ncia, equilibri i passi\u00f3.\u00a0Un vi suc\u00f3s, pensat per acompanyar el menjar, especialment la cuina mediterr\u00e0nia.\u00a0Venus \u00e9s el resultat de la nostra recerca per la bellesa. Treballem 4 parceles de Carinyena de&hellip;<\/p>\n","protected":false},"featured_media":734,"comment_status":"open","ping_status":"closed","template":"","meta":[],"product_cat":[222,216,186,162,213,198],"product_tag":[],"yoast_head":"<!-- This site is optimized with the Yoast SEO plugin v19.1 - https:\/\/yoast.com\/wordpress\/plugins\/seo\/ -->\n<title>Venus 2005 - Family Wines<\/title>\n<meta name=\"robots\" content=\"noindex, follow, max-snippet:-1, max-image-preview:large, max-video-preview:-1\" \/>\n<meta property=\"og:locale\" content=\"ca_ES\" \/>\n<meta property=\"og:type\" content=\"article\" \/>\n<meta property=\"og:title\" content=\"Venus 2005 - Family Wines\" \/>\n<meta property=\"og:description\" content=\"Un intent per interpretar la feminitat, la terra, a trav\u00e9s d\u2019una ampolla de vi: carinyena i sir\u00e0, misteri i seducci\u00f3, discurs i voluptuositat, pau, paci\u00e8ncia, equilibri i passi\u00f3.\u00a0Un vi suc\u00f3s, pensat per acompanyar el menjar, especialment la cuina mediterr\u00e0nia.\u00a0Venus \u00e9s el resultat de la nostra recerca per la bellesa. Treballem 4 parceles de Carinyena de&hellip;\" \/>\n<meta property=\"og:url\" content=\"https:\/\/familywines.cetrexmarketing.com\/producto\/venus-2005\/\" \/>\n<meta property=\"og:site_name\" content=\"Family Wines\" \/>\n<meta property=\"og:image\" content=\"https:\/\/familywines.cetrexmarketing.com\/wp-content\/uploads\/2016\/03\/97-thickbox_default-Venus-2005.jpg\" \/>\n\t<meta property=\"og:image:width\" content=\"700\" \/>\n\t<meta property=\"og:image:height\" content=\"800\" \/>\n\t<meta property=\"og:image:type\" content=\"image\/jpeg\" \/>\n<meta name=\"twitter:card\" content=\"summary_large_image\" \/>\n<meta name=\"twitter:label1\" content=\"Temps estimat de lectura\" \/>\n\t<meta name=\"twitter:data1\" content=\"1 minut\" \/>\n<script type=\"application\/ld+json\" class=\"yoast-schema-graph\">{\"@context\":\"https:\/\/schema.org\",\"@graph\":[{\"@type\":\"WebSite\",\"@id\":\"https:\/\/familywines.cetrexmarketing.com\/#website\",\"url\":\"https:\/\/familywines.cetrexmarketing.com\/\",\"name\":\"Family Wines\",\"description\":\"\",\"potentialAction\":[{\"@type\":\"SearchAction\",\"target\":{\"@type\":\"EntryPoint\",\"urlTemplate\":\"https:\/\/familywines.cetrexmarketing.com\/?s={search_term_string}\"},\"query-input\":\"required name=search_term_string\"}],\"inLanguage\":\"ca\"},{\"@type\":\"ImageObject\",\"inLanguage\":\"ca\",\"@id\":\"https:\/\/familywines.cetrexmarketing.com\/producto\/venus-2005\/#primaryimage\",\"url\":\"https:\/\/familywines.cetrexmarketing.com\/wp-content\/uploads\/2016\/03\/97-thickbox_default-Venus-2005.jpg\",\"contentUrl\":\"https:\/\/familywines.cetrexmarketing.com\/wp-content\/uploads\/2016\/03\/97-thickbox_default-Venus-2005.jpg\",\"width\":700,\"height\":800},{\"@type\":\"WebPage\",\"@id\":\"https:\/\/familywines.cetrexmarketing.com\/producto\/venus-2005\/#webpage\",\"url\":\"https:\/\/familywines.cetrexmarketing.com\/producto\/venus-2005\/\",\"name\":\"Venus 2005 - Family Wines\",\"isPartOf\":{\"@id\":\"https:\/\/familywines.cetrexmarketing.com\/#website\"},\"primaryImageOfPage\":{\"@id\":\"https:\/\/familywines.cetrexmarketing.com\/producto\/venus-2005\/#primaryimage\"},\"datePublished\":\"2016-03-18T10:41:06+00:00\",\"dateModified\":\"2016-03-18T10:41:06+00:00\",\"breadcrumb\":{\"@id\":\"https:\/\/familywines.cetrexmarketing.com\/producto\/venus-2005\/#breadcrumb\"},\"inLanguage\":\"ca\",\"potentialAction\":[{\"@type\":\"ReadAction\",\"target\":[\"https:\/\/familywines.cetrexmarketing.com\/producto\/venus-2005\/\"]}]},{\"@type\":\"BreadcrumbList\",\"@id\":\"https:\/\/familywines.cetrexmarketing.com\/producto\/venus-2005\/#breadcrumb\",\"itemListElement\":[{\"@type\":\"ListItem\",\"position\":1,\"name\":\"Home\",\"item\":\"https:\/\/familywines.cetrexmarketing.com\/ca\/test\/\"},{\"@type\":\"ListItem\",\"position\":2,\"name\":\"Tienda\",\"item\":\"https:\/\/familywines.cetrexmarketing.com\/tienda\/\"},{\"@type\":\"ListItem\",\"position\":3,\"name\":\"Venus 2005\"}]}]}<\/script>\n<!-- \/ Yoast SEO plugin. -->","yoast_head_json":{"title":"Venus 2005 - Family Wines","robots":{"index":"noindex","follow":"follow","max-snippet":"max-snippet:-1","max-image-preview":"max-image-preview:large","max-video-preview":"max-video-preview:-1"},"og_locale":"ca_ES","og_type":"article","og_title":"Venus 2005 - Family Wines","og_description":"Un intent per interpretar la feminitat, la terra, a trav\u00e9s d\u2019una ampolla de vi: carinyena i sir\u00e0, misteri i seducci\u00f3, discurs i voluptuositat, pau, paci\u00e8ncia, equilibri i passi\u00f3.\u00a0Un vi suc\u00f3s, pensat per acompanyar el menjar, especialment la cuina mediterr\u00e0nia.\u00a0Venus \u00e9s el resultat de la nostra recerca per la bellesa. Treballem 4 parceles de Carinyena de&hellip;","og_url":"https:\/\/familywines.cetrexmarketing.com\/producto\/venus-2005\/","og_site_name":"Family Wines","og_image":[{"width":700,"height":800,"url":"https:\/\/familywines.cetrexmarketing.com\/wp-content\/uploads\/2016\/03\/97-thickbox_default-Venus-2005.jpg","type":"image\/jpeg"}],"twitter_card":"summary_large_image","twitter_misc":{"Temps estimat de lectura":"1 minut"},"schema":{"@context":"https:\/\/schema.org","@graph":[{"@type":"WebSite","@id":"https:\/\/familywines.cetrexmarketing.com\/#website","url":"https:\/\/familywines.cetrexmarketing.com\/","name":"Family Wines","description":"","potentialAction":[{"@type":"SearchAction","target":{"@type":"EntryPoint","urlTemplate":"https:\/\/familywines.cetrexmarketing.com\/?s={search_term_string}"},"query-input":"required name=search_term_string"}],"inLanguage":"ca"},{"@type":"ImageObject","inLanguage":"ca","@id":"https:\/\/familywines.cetrexmarketing.com\/producto\/venus-2005\/#primaryimage","url":"https:\/\/familywines.cetrexmarketing.com\/wp-content\/uploads\/2016\/03\/97-thickbox_default-Venus-2005.jpg","contentUrl":"https:\/\/familywines.cetrexmarketing.com\/wp-content\/uploads\/2016\/03\/97-thickbox_default-Venus-2005.jpg","width":700,"height":800},{"@type":"WebPage","@id":"https:\/\/familywines.cetrexmarketing.com\/producto\/venus-2005\/#webpage","url":"https:\/\/familywines.cetrexmarketing.com\/producto\/venus-2005\/","name":"Venus 2005 - Family Wines","isPartOf":{"@id":"https:\/\/familywines.cetrexmarketing.com\/#website"},"primaryImageOfPage":{"@id":"https:\/\/familywines.cetrexmarketing.com\/producto\/venus-2005\/#primaryimage"},"datePublished":"2016-03-18T10:41:06+00:00","dateModified":"2016-03-18T10:41:06+00:00","breadcrumb":{"@id":"https:\/\/familywines.cetrexmarketing.com\/producto\/venus-2005\/#breadcrumb"},"inLanguage":"ca","potentialAction":[{"@type":"ReadAction","target":["https:\/\/familywines.cetrexmarketing.com\/producto\/venus-2005\/"]}]},{"@type":"BreadcrumbList","@id":"https:\/\/familywines.cetrexmarketing.com\/producto\/venus-2005\/#breadcrumb","itemListElement":[{"@type":"ListItem","position":1,"name":"Home","item":"https:\/\/familywines.cetrexmarketing.com\/ca\/test\/"},{"@type":"ListItem","position":2,"name":"Tienda","item":"https:\/\/familywines.cetrexmarketing.com\/tienda\/"},{"@type":"ListItem","position":3,"name":"Venus 2005"}]}]}},"_links":{"self":[{"href":"https:\/\/familywines.cetrexmarketing.com\/ca\/wp-json\/wp\/v2\/product\/993"}],"collection":[{"href":"https:\/\/familywines.cetrexmarketing.com\/ca\/wp-json\/wp\/v2\/product"}],"about":[{"href":"https:\/\/familywines.cetrexmarketing.com\/ca\/wp-json\/wp\/v2\/types\/product"}],"replies":[{"embeddable":true,"href":"https:\/\/familywines.cetrexmarketing.com\/ca\/wp-json\/wp\/v2\/comments?post=993"}],"wp:featuredmedia":[{"embeddable":true,"href":"https:\/\/familywines.cetrexmarketing.com\/ca\/wp-json\/wp\/v2\/media\/734"}],"wp:attachment":[{"href":"https:\/\/familywines.cetrexmarketing.com\/ca\/wp-json\/wp\/v2\/media?parent=993"}],"wp:term":[{"taxonomy":"product_cat","embeddable":true,"href":"https:\/\/familywines.cetrexmarketing.com\/ca\/wp-json\/wp\/v2\/product_cat?post=993"},{"taxonomy":"product_tag","embeddable":true,"href":"https:\/\/familywines.cetrexmarketing.com\/ca\/wp-json\/wp\/v2\/product_tag?post=993"}],"curies":[{"name":"wp","href":"https:\/\/api.w.org\/{rel}","templated":true}]}}