{"id":1004,"date":"2019-05-07T09:22:22","date_gmt":"2019-05-07T09:22:22","guid":{"rendered":"https:\/\/familywines.cetrexmarketing.com\/producto\/clos-martinet-1992-3\/"},"modified":"2022-09-01T07:43:34","modified_gmt":"2022-09-01T07:43:34","slug":"clos-martinet-1992-3","status":"publish","type":"product","link":"https:\/\/familywines.cetrexmarketing.com\/en\/producto\/clos-martinet-1992-3\/","title":{"rendered":"Clos Martinet 1992"},"content":{"rendered":"[vc_row][vc_column]<div class=\"vcex-module vcex-list_item wpex-max-w-100 wpex-clr wpex-mb-5\" style=\"font-size:14px;font-weight:700;\"><div class=\"vcex-list-item-inner wpex-inline-flex wpex-flex-no-wrap\"><div class=\"vcex-list-item-icon wpex-mr-10\"><div class=\"vcex-icon-wrap wpex-inline-flex wpex-justify-center wpex-items-center\"><span class=\"fas fa-wine-bottle\"><\/span><\/div><\/div><div class=\"vcex-list-item-text vcex-content wpex-flex-grow\">Descripci\u00f3n<\/div><\/div><\/div>[vc_separator css=&#8221;.vc_custom_1662018182350{padding-top: 10px !important;padding-bottom: 20px !important;}&#8221;][vc_column_text]Clos Martinet proviene exclusivamente cada a\u00f1o de las parcelas de la finca del Mas d\u2019en Martinet, situada en la zona de los vinos de vila de Gratallops. El suelo de licorella y las diferentes exposiciones del vi\u00f1edo le confieren la tipicidad de finca a\u00f1o tras a\u00f1o.<\/p>\n<p>En el transcurso de los \u00faltimos a\u00f1os hemos ido aumentado las variedades locales: Garnacha negra, Cari\u00f1ena y Garnacha peluda porque estamos convencidos que son las que expresan mejor la tipicidad del terru\u00f1o del Priorat. No obstante, seguimos manteniendo el syrah, el merlot y el cabernet sauvignon como un homenaje al gran trabajo que hicieron pioneros como Josep Llu\u00eds P\u00e9rez. Trabajamos con levaduras ind\u00edgenas i hemos abandonado lo que en los principios nos motivaba, el conocimiento t\u00e9cnico de la uva y del vino, para dar paso a un di\u00e1logo con la naturaleza, en el camino de mostrar la expresi\u00f3n pura de la finca de Clos Martinet.<\/p>\n<p>1992 fue un a\u00f1o muy lluvioso en el Priorat, sobretodo en los meses de verano. Las lluvias de junio y julio permitieron el buen funcionamiento de la planta y la s\u00edntesis de az\u00facares y polifenoles. Pero el agua que cay\u00f3 durante el mes de septiembre y parte de octubre, posiblemente diluy\u00f3 algo el extracto conseguido el mes anterior y caus\u00f3 algunos problemas, como la Botrytis cinerea. De todas formas hablamos de una a\u00f1ada con gran potencial de envejecimiento.[\/vc_column_text]<div class=\"vcex-spacing wpex-w-100 wpex-clear\" style=\"height:30px\"><\/div><div class=\"vcex-module vcex-list_item wpex-max-w-100 wpex-clr wpex-mb-5\" style=\"font-size:14px;font-weight:700;\"><div class=\"vcex-list-item-inner wpex-inline-flex wpex-flex-no-wrap\"><div class=\"vcex-list-item-icon wpex-mr-10\"><div class=\"vcex-icon-wrap wpex-inline-flex wpex-justify-center wpex-items-center\"><span class=\"fas fa-map-marker-alt\"><\/span><\/div><\/div><div class=\"vcex-list-item-text vcex-content wpex-flex-grow\">Ubicaci\u00f3n<\/div><\/div><\/div>[vc_separator css=&#8221;.vc_custom_1662018206264{padding-top: 10px !important;padding-bottom: 20px !important;}&#8221;][vc_gmaps link=&#8221;#E-8_JTNDaWZyYW1lJTIwc3JjJTNEJTIyaHR0cHMlM0ElMkYlMkZ3d3cuZ29vZ2xlLmNvbSUyRm1hcHMlMkZlbWJlZCUzRnBiJTNEJTIxMW0xOCUyMTFtMTIlMjExbTMlMjExZDYzMDQuODI5OTg2MTMxMjcxJTIxMmQtMTIyLjQ3NDY5NjgwMzMwOTIlMjEzZDM3LjgwMzc0NzUyMTYwNDQzJTIxMm0zJTIxMWYwJTIxMmYwJTIxM2YwJTIxM20yJTIxMWkxMDI0JTIxMmk3NjglMjE0ZjEzLjElMjEzbTMlMjExbTIlMjExczB4ODA4NTg2ZTYzMDI2MTVhMSUyNTNBMHg4NmJkMTMwMjUxNzU3YzAwJTIxMnNTdG9yZXklMkJBdmUlMjUyQyUyQlNhbiUyQkZyYW5jaXNjbyUyNTJDJTJCQ0ElMkI5NDEyOSUyMTVlMCUyMTNtMiUyMTFzZW4lMjEyc3VzJTIxNHYxNDM1ODI2NDMyMDUxJTIyJTIwd2lkdGglM0QlMjI2MDAlMjIlMjBoZWlnaHQlM0QlMjI0NTAlMjIlMjBmcmFtZWJvcmRlciUzRCUyMjAlMjIlMjBzdHlsZSUzRCUyMmJvcmRlciUzQTAlMjIlMjBhbGxvd2Z1bGxzY3JlZW4lM0UlM0MlMkZpZnJhbWUlM0U=&#8221; size=&#8221;300px&#8221;][vc_tta_accordion style=&#8221;modern&#8221; shape=&#8221;square&#8221; gap=&#8221;2&#8243; c_icon=&#8221;chevron&#8221; c_position=&#8221;right&#8221; active_section=&#8221;-1&#8243; collapsible_all=&#8221;true&#8221;][vc_tta_section i_icon_fontawesome=&#8221;far fa-image&#8221; add_icon=&#8221;true&#8221; title=&#8221;Galeria de im\u00e1genes&#8221; tab_id=&#8221;imagenes&#8221;]<div class=\"vcex-module wpex-carousel wpex-carousel-images wpex-clr owl-carousel arrwstyle-slim arrwpos-abs\" data-wpex-carousel=\"{&quot;nav&quot;:true,&quot;dots&quot;:false,&quot;autoplay&quot;:false,&quot;loop&quot;:true,&quot;center&quot;:false,&quot;smartSpeed&quot;:250,&quot;items&quot;:1,&quot;slideBy&quot;:1,&quot;autoplayTimeout&quot;:5000,&quot;margin&quot;:15,&quot;itemsTablet&quot;:1,&quot;itemsMobileLandscape&quot;:1,&quot;itemsMobilePortrait&quot;:1,&quot;autoHeight&quot;:false}\"><div class=\"wpex-carousel-slide\"><figure class=\"wpex-carousel-entry-media entry-media\"><img data-no-lazy=\"1\" class=\"wpex-align-middle skip-lazy\" src=\"https:\/\/familywines.cetrexmarketing.com\/wp-content\/uploads\/2022\/06\/a33412fb66b1b43794792666e135f6b6.jpg\" alt=\"\" width=\"1900\" height=\"550\" \/><\/figure><\/div><div class=\"wpex-carousel-slide\"><figure class=\"wpex-carousel-entry-media entry-media\"><img data-no-lazy=\"1\" class=\"wpex-align-middle skip-lazy\" src=\"https:\/\/familywines.cetrexmarketing.com\/wp-content\/uploads\/2022\/06\/9533500a38518e48b59beec516d24ec4.jpg\" alt=\"\" width=\"1300\" height=\"377\" \/><\/figure><\/div><div class=\"wpex-carousel-slide\"><figure class=\"wpex-carousel-entry-media entry-media\"><img data-no-lazy=\"1\" class=\"wpex-align-middle skip-lazy\" src=\"https:\/\/familywines.cetrexmarketing.com\/wp-content\/uploads\/2022\/06\/8415c3df724619054eba1ec43320d66d.jpg\" alt=\"\" width=\"1592\" height=\"461\" \/><\/figure><\/div><div class=\"wpex-carousel-slide\"><figure class=\"wpex-carousel-entry-media entry-media\"><img data-no-lazy=\"1\" class=\"wpex-align-middle skip-lazy\" src=\"https:\/\/familywines.cetrexmarketing.com\/wp-content\/uploads\/2022\/06\/63b9fe25cb7d3f5f27f4a6b49ee22f09.jpg\" alt=\"\" width=\"1100\" height=\"318\" \/><\/figure><\/div><div class=\"wpex-carousel-slide\"><figure class=\"wpex-carousel-entry-media entry-media\"><img data-no-lazy=\"1\" class=\"wpex-align-middle skip-lazy\" src=\"https:\/\/familywines.cetrexmarketing.com\/wp-content\/uploads\/2022\/06\/22ff1762465356cf398ab3e0ef65fddb.jpg\" alt=\"\" width=\"1100\" height=\"318\" \/><\/figure><\/div><div class=\"wpex-carousel-slide\"><figure class=\"wpex-carousel-entry-media entry-media\"><img data-no-lazy=\"1\" class=\"wpex-align-middle skip-lazy\" src=\"https:\/\/familywines.cetrexmarketing.com\/wp-content\/uploads\/2022\/06\/19ae9177c9361d17eb9531e17f29947e.jpg\" alt=\"\" width=\"1900\" height=\"550\" \/><\/figure><\/div><div class=\"wpex-carousel-slide\"><figure class=\"wpex-carousel-entry-media entry-media\"><img data-no-lazy=\"1\" class=\"wpex-align-middle skip-lazy\" src=\"https:\/\/familywines.cetrexmarketing.com\/wp-content\/uploads\/2022\/06\/8cad6a5f20d69a13b428f19ff766ddc7.jpg\" alt=\"\" width=\"1600\" height=\"463\" \/><\/figure><\/div><div class=\"wpex-carousel-slide\"><figure class=\"wpex-carousel-entry-media entry-media\"><img data-no-lazy=\"1\" class=\"wpex-align-middle skip-lazy\" src=\"https:\/\/familywines.cetrexmarketing.com\/wp-content\/uploads\/2022\/06\/0fe17fddb8e354a5acd8f58796c79cd7.jpg\" alt=\"\" width=\"1900\" height=\"550\" \/><\/figure><\/div><\/div>[\/vc_tta_section][\/vc_tta_accordion][\/vc_column][\/vc_row]\n","protected":false},"excerpt":{"rendered":"<p>Clos Martinet proviene exclusivamente cada a\u00f1o de las parcelas de la<strong> finca del Mas d\u2019en Martinet,<\/strong> situada en la zona de los vinos de vila de <strong>Gratallops<\/strong>. El suelo de licorella y las diferentes exposiciones del vi\u00f1edo le confieren la tipicidad de finca a\u00f1o tras a\u00f1o.<\/p>\n","protected":false},"featured_media":740,"comment_status":"open","ping_status":"closed","template":"","meta":[],"product_cat":[212,203,158,197,188,164,200],"product_tag":[],"yoast_head":"<!-- This site is optimized with the Yoast SEO plugin v19.1 - https:\/\/yoast.com\/wordpress\/plugins\/seo\/ -->\n<title>Clos Martinet 1992 - Family Wines<\/title>\n<meta name=\"robots\" content=\"noindex, follow, max-snippet:-1, max-image-preview:large, max-video-preview:-1\" \/>\n<meta property=\"og:locale\" content=\"en_US\" \/>\n<meta property=\"og:type\" content=\"article\" \/>\n<meta property=\"og:title\" content=\"Clos Martinet 1992 - Family Wines\" \/>\n<meta property=\"og:description\" content=\"Clos Martinet proviene exclusivamente cada a\u00f1o de las parcelas de la finca del Mas d\u2019en Martinet, situada en la zona de los vinos de vila de Gratallops. El suelo de licorella y las diferentes exposiciones del vi\u00f1edo le confieren la tipicidad de finca a\u00f1o tras a\u00f1o.\" \/>\n<meta property=\"og:url\" content=\"https:\/\/familywines.cetrexmarketing.com\/producto\/clos-martinet-1992-3\/\" \/>\n<meta property=\"og:site_name\" content=\"Family Wines\" \/>\n<meta property=\"article:modified_time\" content=\"2022-09-01T07:43:34+00:00\" \/>\n<meta property=\"og:image\" content=\"https:\/\/familywines.cetrexmarketing.com\/wp-content\/uploads\/2019\/05\/61-thickbox_default-Clos-Martinet-1992.jpg\" \/>\n\t<meta property=\"og:image:width\" content=\"700\" \/>\n\t<meta property=\"og:image:height\" content=\"800\" \/>\n\t<meta property=\"og:image:type\" content=\"image\/jpeg\" \/>\n<meta name=\"twitter:card\" content=\"summary_large_image\" \/>\n<meta name=\"twitter:label1\" content=\"Est. reading time\" \/>\n\t<meta name=\"twitter:data1\" content=\"2 minutes\" \/>\n<script type=\"application\/ld+json\" class=\"yoast-schema-graph\">{\"@context\":\"https:\/\/schema.org\",\"@graph\":[{\"@type\":\"WebSite\",\"@id\":\"https:\/\/familywines.cetrexmarketing.com\/#website\",\"url\":\"https:\/\/familywines.cetrexmarketing.com\/\",\"name\":\"Family Wines\",\"description\":\"\",\"potentialAction\":[{\"@type\":\"SearchAction\",\"target\":{\"@type\":\"EntryPoint\",\"urlTemplate\":\"https:\/\/familywines.cetrexmarketing.com\/?s={search_term_string}\"},\"query-input\":\"required name=search_term_string\"}],\"inLanguage\":\"en-US\"},{\"@type\":\"ImageObject\",\"inLanguage\":\"en-US\",\"@id\":\"https:\/\/familywines.cetrexmarketing.com\/producto\/clos-martinet-1992-3\/#primaryimage\",\"url\":\"https:\/\/familywines.cetrexmarketing.com\/wp-content\/uploads\/2019\/05\/61-thickbox_default-Clos-Martinet-1992.jpg\",\"contentUrl\":\"https:\/\/familywines.cetrexmarketing.com\/wp-content\/uploads\/2019\/05\/61-thickbox_default-Clos-Martinet-1992.jpg\",\"width\":700,\"height\":800},{\"@type\":\"WebPage\",\"@id\":\"https:\/\/familywines.cetrexmarketing.com\/producto\/clos-martinet-1992-3\/#webpage\",\"url\":\"https:\/\/familywines.cetrexmarketing.com\/producto\/clos-martinet-1992-3\/\",\"name\":\"Clos Martinet 1992 - Family Wines\",\"isPartOf\":{\"@id\":\"https:\/\/familywines.cetrexmarketing.com\/#website\"},\"primaryImageOfPage\":{\"@id\":\"https:\/\/familywines.cetrexmarketing.com\/producto\/clos-martinet-1992-3\/#primaryimage\"},\"datePublished\":\"2019-05-07T09:22:22+00:00\",\"dateModified\":\"2022-09-01T07:43:34+00:00\",\"breadcrumb\":{\"@id\":\"https:\/\/familywines.cetrexmarketing.com\/producto\/clos-martinet-1992-3\/#breadcrumb\"},\"inLanguage\":\"en-US\",\"potentialAction\":[{\"@type\":\"ReadAction\",\"target\":[\"https:\/\/familywines.cetrexmarketing.com\/producto\/clos-martinet-1992-3\/\"]}]},{\"@type\":\"BreadcrumbList\",\"@id\":\"https:\/\/familywines.cetrexmarketing.com\/producto\/clos-martinet-1992-3\/#breadcrumb\",\"itemListElement\":[{\"@type\":\"ListItem\",\"position\":1,\"name\":\"Home\",\"item\":\"https:\/\/familywines.cetrexmarketing.com\/en\/test\/\"},{\"@type\":\"ListItem\",\"position\":2,\"name\":\"Tienda\",\"item\":\"https:\/\/familywines.cetrexmarketing.com\/tienda\/\"},{\"@type\":\"ListItem\",\"position\":3,\"name\":\"Clos Martinet 1992\"}]}]}<\/script>\n<!-- \/ Yoast SEO plugin. -->","yoast_head_json":{"title":"Clos Martinet 1992 - Family Wines","robots":{"index":"noindex","follow":"follow","max-snippet":"max-snippet:-1","max-image-preview":"max-image-preview:large","max-video-preview":"max-video-preview:-1"},"og_locale":"en_US","og_type":"article","og_title":"Clos Martinet 1992 - Family Wines","og_description":"Clos Martinet proviene exclusivamente cada a\u00f1o de las parcelas de la finca del Mas d\u2019en Martinet, situada en la zona de los vinos de vila de Gratallops. El suelo de licorella y las diferentes exposiciones del vi\u00f1edo le confieren la tipicidad de finca a\u00f1o tras a\u00f1o.","og_url":"https:\/\/familywines.cetrexmarketing.com\/producto\/clos-martinet-1992-3\/","og_site_name":"Family Wines","article_modified_time":"2022-09-01T07:43:34+00:00","og_image":[{"width":700,"height":800,"url":"https:\/\/familywines.cetrexmarketing.com\/wp-content\/uploads\/2019\/05\/61-thickbox_default-Clos-Martinet-1992.jpg","type":"image\/jpeg"}],"twitter_card":"summary_large_image","twitter_misc":{"Est. reading time":"2 minutes"},"schema":{"@context":"https:\/\/schema.org","@graph":[{"@type":"WebSite","@id":"https:\/\/familywines.cetrexmarketing.com\/#website","url":"https:\/\/familywines.cetrexmarketing.com\/","name":"Family Wines","description":"","potentialAction":[{"@type":"SearchAction","target":{"@type":"EntryPoint","urlTemplate":"https:\/\/familywines.cetrexmarketing.com\/?s={search_term_string}"},"query-input":"required name=search_term_string"}],"inLanguage":"en-US"},{"@type":"ImageObject","inLanguage":"en-US","@id":"https:\/\/familywines.cetrexmarketing.com\/producto\/clos-martinet-1992-3\/#primaryimage","url":"https:\/\/familywines.cetrexmarketing.com\/wp-content\/uploads\/2019\/05\/61-thickbox_default-Clos-Martinet-1992.jpg","contentUrl":"https:\/\/familywines.cetrexmarketing.com\/wp-content\/uploads\/2019\/05\/61-thickbox_default-Clos-Martinet-1992.jpg","width":700,"height":800},{"@type":"WebPage","@id":"https:\/\/familywines.cetrexmarketing.com\/producto\/clos-martinet-1992-3\/#webpage","url":"https:\/\/familywines.cetrexmarketing.com\/producto\/clos-martinet-1992-3\/","name":"Clos Martinet 1992 - Family Wines","isPartOf":{"@id":"https:\/\/familywines.cetrexmarketing.com\/#website"},"primaryImageOfPage":{"@id":"https:\/\/familywines.cetrexmarketing.com\/producto\/clos-martinet-1992-3\/#primaryimage"},"datePublished":"2019-05-07T09:22:22+00:00","dateModified":"2022-09-01T07:43:34+00:00","breadcrumb":{"@id":"https:\/\/familywines.cetrexmarketing.com\/producto\/clos-martinet-1992-3\/#breadcrumb"},"inLanguage":"en-US","potentialAction":[{"@type":"ReadAction","target":["https:\/\/familywines.cetrexmarketing.com\/producto\/clos-martinet-1992-3\/"]}]},{"@type":"BreadcrumbList","@id":"https:\/\/familywines.cetrexmarketing.com\/producto\/clos-martinet-1992-3\/#breadcrumb","itemListElement":[{"@type":"ListItem","position":1,"name":"Home","item":"https:\/\/familywines.cetrexmarketing.com\/en\/test\/"},{"@type":"ListItem","position":2,"name":"Tienda","item":"https:\/\/familywines.cetrexmarketing.com\/tienda\/"},{"@type":"ListItem","position":3,"name":"Clos Martinet 1992"}]}]}},"_links":{"self":[{"href":"https:\/\/familywines.cetrexmarketing.com\/en\/wp-json\/wp\/v2\/product\/1004"}],"collection":[{"href":"https:\/\/familywines.cetrexmarketing.com\/en\/wp-json\/wp\/v2\/product"}],"about":[{"href":"https:\/\/familywines.cetrexmarketing.com\/en\/wp-json\/wp\/v2\/types\/product"}],"replies":[{"embeddable":true,"href":"https:\/\/familywines.cetrexmarketing.com\/en\/wp-json\/wp\/v2\/comments?post=1004"}],"wp:featuredmedia":[{"embeddable":true,"href":"https:\/\/familywines.cetrexmarketing.com\/en\/wp-json\/wp\/v2\/media\/740"}],"wp:attachment":[{"href":"https:\/\/familywines.cetrexmarketing.com\/en\/wp-json\/wp\/v2\/media?parent=1004"}],"wp:term":[{"taxonomy":"product_cat","embeddable":true,"href":"https:\/\/familywines.cetrexmarketing.com\/en\/wp-json\/wp\/v2\/product_cat?post=1004"},{"taxonomy":"product_tag","embeddable":true,"href":"https:\/\/familywines.cetrexmarketing.com\/en\/wp-json\/wp\/v2\/product_tag?post=1004"}],"curies":[{"name":"wp","href":"https:\/\/api.w.org\/{rel}","templated":true}]}}