{"id":1010,"date":"2019-05-07T09:28:46","date_gmt":"2019-05-07T09:28:46","guid":{"rendered":"https:\/\/familywines.cetrexmarketing.com\/producto\/clos-martinet-2001-37cl-3\/"},"modified":"2019-05-07T09:28:46","modified_gmt":"2019-05-07T09:28:46","slug":"clos-martinet-2001-37cl-3","status":"publish","type":"product","link":"https:\/\/familywines.cetrexmarketing.com\/en\/producto\/clos-martinet-2001-37cl-3\/","title":{"rendered":"Clos Martinet 2001 37cl"},"content":{"rendered":"<p><span>Clos Martinet proviene exclusivamente cada a\u00f1o de las parcelas de la finca del Mas d\u2019en Martinet, situada en la zona de los vinos de vila de Gratallops. El suelo de licorella y las diferentes exposiciones del vi\u00f1edo le confieren la tipicidad de finca a\u00f1o tras a\u00f1o.<\/span><\/p>\n<p><span>En el transcurso de los \u00faltimos a\u00f1os hemos ido aumentado las variedades locales: Garnacha negra, Cari\u00f1ena y Garnacha peluda porque estamos convencidos que son las que expresan mejor la tipicidad del terru\u00f1o del Priorat. No obstante, seguimos manteniendo el syrah, el merlot y el cabernet sauvignon como un homenaje al gran trabajo que hicieron pioneros como Josep Llu\u00eds P\u00e9rez. Trabajamos con levaduras ind\u00edgenas i hemos abandonado lo que en los principios nos motivaba, el conocimiento t\u00e9cnico de la uva y del vino, para dar paso a un di\u00e1logo con la naturaleza, en el camino de mostrar la expresi\u00f3n pura de la finca de Clos Martinet.<\/span><\/p>\n<p style=\"text-align:left;\">Una\u00a0a\u00f1ada marcada por las altas temperaturas de las noches del mes de agosto, que causaron una r\u00e1pida maduraci\u00f3n de las variedades de ciclo corto, dando grados alcoh\u00f3licos altos y maduraci\u00f3n temprana. A mediados de septiembre bajaron las temperaturas y la vendimia se comenz\u00f3 a dilatar&#8230; permitiendo excelentes maduraciones en las variedades de ciclo m\u00e1s largo.<\/p>\n<p style=\"text-align:left;\">Sin duda, una de las mejores a\u00f1adas de estos \u00faltimos a\u00f1os.<\/p>\n","protected":false},"excerpt":{"rendered":"<p>Clos Martinet proviene exclusivamente cada a\u00f1o de las parcelas de la finca del Mas d\u2019en Martinet, situada en la zona de los vinos de vila de Gratallops. El suelo de licorella y las diferentes exposiciones del vi\u00f1edo le confieren la tipicidad de finca a\u00f1o tras a\u00f1o. En el transcurso de los \u00faltimos a\u00f1os hemos ido&hellip;<\/p>\n","protected":false},"featured_media":744,"comment_status":"open","ping_status":"closed","template":"","meta":[],"product_cat":[224,203,182,158,197,188,164,200],"product_tag":[],"yoast_head":"<!-- This site is optimized with the Yoast SEO plugin v19.1 - https:\/\/yoast.com\/wordpress\/plugins\/seo\/ -->\n<title>Clos Martinet 2001 37cl - Family Wines<\/title>\n<meta name=\"robots\" content=\"noindex, follow, max-snippet:-1, max-image-preview:large, max-video-preview:-1\" \/>\n<meta property=\"og:locale\" content=\"en_US\" \/>\n<meta property=\"og:type\" content=\"article\" \/>\n<meta property=\"og:title\" content=\"Clos Martinet 2001 37cl - Family Wines\" \/>\n<meta property=\"og:description\" content=\"Clos Martinet proviene exclusivamente cada a\u00f1o de las parcelas de la finca del Mas d\u2019en Martinet, situada en la zona de los vinos de vila de Gratallops. El suelo de licorella y las diferentes exposiciones del vi\u00f1edo le confieren la tipicidad de finca a\u00f1o tras a\u00f1o. En el transcurso de los \u00faltimos a\u00f1os hemos ido&hellip;\" \/>\n<meta property=\"og:url\" content=\"https:\/\/familywines.cetrexmarketing.com\/producto\/clos-martinet-2001-37cl-3\/\" \/>\n<meta property=\"og:site_name\" content=\"Family Wines\" \/>\n<meta name=\"twitter:card\" content=\"summary_large_image\" \/>\n<meta name=\"twitter:label1\" content=\"Est. reading time\" \/>\n\t<meta name=\"twitter:data1\" content=\"1 minute\" \/>\n<script type=\"application\/ld+json\" class=\"yoast-schema-graph\">{\"@context\":\"https:\/\/schema.org\",\"@graph\":[{\"@type\":\"WebSite\",\"@id\":\"https:\/\/familywines.cetrexmarketing.com\/#website\",\"url\":\"https:\/\/familywines.cetrexmarketing.com\/\",\"name\":\"Family Wines\",\"description\":\"\",\"potentialAction\":[{\"@type\":\"SearchAction\",\"target\":{\"@type\":\"EntryPoint\",\"urlTemplate\":\"https:\/\/familywines.cetrexmarketing.com\/?s={search_term_string}\"},\"query-input\":\"required name=search_term_string\"}],\"inLanguage\":\"en-US\"},{\"@type\":\"ImageObject\",\"inLanguage\":\"en-US\",\"@id\":\"https:\/\/familywines.cetrexmarketing.com\/producto\/clos-martinet-2001-37cl-3\/#primaryimage\",\"url\":\"https:\/\/familywines.cetrexmarketing.com\/wp-content\/uploads\/2019\/05\/63-thickbox_default-Clos-Martinet-2001-37cl.jpg\",\"contentUrl\":\"https:\/\/familywines.cetrexmarketing.com\/wp-content\/uploads\/2019\/05\/63-thickbox_default-Clos-Martinet-2001-37cl.jpg\",\"width\":700,\"height\":800},{\"@type\":\"WebPage\",\"@id\":\"https:\/\/familywines.cetrexmarketing.com\/producto\/clos-martinet-2001-37cl-3\/#webpage\",\"url\":\"https:\/\/familywines.cetrexmarketing.com\/producto\/clos-martinet-2001-37cl-3\/\",\"name\":\"Clos Martinet 2001 37cl - Family Wines\",\"isPartOf\":{\"@id\":\"https:\/\/familywines.cetrexmarketing.com\/#website\"},\"primaryImageOfPage\":{\"@id\":\"https:\/\/familywines.cetrexmarketing.com\/producto\/clos-martinet-2001-37cl-3\/#primaryimage\"},\"datePublished\":\"2019-05-07T09:28:46+00:00\",\"dateModified\":\"2019-05-07T09:28:46+00:00\",\"breadcrumb\":{\"@id\":\"https:\/\/familywines.cetrexmarketing.com\/producto\/clos-martinet-2001-37cl-3\/#breadcrumb\"},\"inLanguage\":\"en-US\",\"potentialAction\":[{\"@type\":\"ReadAction\",\"target\":[\"https:\/\/familywines.cetrexmarketing.com\/producto\/clos-martinet-2001-37cl-3\/\"]}]},{\"@type\":\"BreadcrumbList\",\"@id\":\"https:\/\/familywines.cetrexmarketing.com\/producto\/clos-martinet-2001-37cl-3\/#breadcrumb\",\"itemListElement\":[{\"@type\":\"ListItem\",\"position\":1,\"name\":\"Home\",\"item\":\"https:\/\/familywines.cetrexmarketing.com\/en\/test\/\"},{\"@type\":\"ListItem\",\"position\":2,\"name\":\"Tienda\",\"item\":\"https:\/\/familywines.cetrexmarketing.com\/tienda\/\"},{\"@type\":\"ListItem\",\"position\":3,\"name\":\"Clos Martinet 2001 37cl\"}]}]}<\/script>\n<!-- \/ Yoast SEO plugin. -->","yoast_head_json":{"title":"Clos Martinet 2001 37cl - Family Wines","robots":{"index":"noindex","follow":"follow","max-snippet":"max-snippet:-1","max-image-preview":"max-image-preview:large","max-video-preview":"max-video-preview:-1"},"og_locale":"en_US","og_type":"article","og_title":"Clos Martinet 2001 37cl - Family Wines","og_description":"Clos Martinet proviene exclusivamente cada a\u00f1o de las parcelas de la finca del Mas d\u2019en Martinet, situada en la zona de los vinos de vila de Gratallops. El suelo de licorella y las diferentes exposiciones del vi\u00f1edo le confieren la tipicidad de finca a\u00f1o tras a\u00f1o. En el transcurso de los \u00faltimos a\u00f1os hemos ido&hellip;","og_url":"https:\/\/familywines.cetrexmarketing.com\/producto\/clos-martinet-2001-37cl-3\/","og_site_name":"Family Wines","twitter_card":"summary_large_image","twitter_misc":{"Est. reading time":"1 minute"},"schema":{"@context":"https:\/\/schema.org","@graph":[{"@type":"WebSite","@id":"https:\/\/familywines.cetrexmarketing.com\/#website","url":"https:\/\/familywines.cetrexmarketing.com\/","name":"Family Wines","description":"","potentialAction":[{"@type":"SearchAction","target":{"@type":"EntryPoint","urlTemplate":"https:\/\/familywines.cetrexmarketing.com\/?s={search_term_string}"},"query-input":"required name=search_term_string"}],"inLanguage":"en-US"},{"@type":"ImageObject","inLanguage":"en-US","@id":"https:\/\/familywines.cetrexmarketing.com\/producto\/clos-martinet-2001-37cl-3\/#primaryimage","url":"https:\/\/familywines.cetrexmarketing.com\/wp-content\/uploads\/2019\/05\/63-thickbox_default-Clos-Martinet-2001-37cl.jpg","contentUrl":"https:\/\/familywines.cetrexmarketing.com\/wp-content\/uploads\/2019\/05\/63-thickbox_default-Clos-Martinet-2001-37cl.jpg","width":700,"height":800},{"@type":"WebPage","@id":"https:\/\/familywines.cetrexmarketing.com\/producto\/clos-martinet-2001-37cl-3\/#webpage","url":"https:\/\/familywines.cetrexmarketing.com\/producto\/clos-martinet-2001-37cl-3\/","name":"Clos Martinet 2001 37cl - Family Wines","isPartOf":{"@id":"https:\/\/familywines.cetrexmarketing.com\/#website"},"primaryImageOfPage":{"@id":"https:\/\/familywines.cetrexmarketing.com\/producto\/clos-martinet-2001-37cl-3\/#primaryimage"},"datePublished":"2019-05-07T09:28:46+00:00","dateModified":"2019-05-07T09:28:46+00:00","breadcrumb":{"@id":"https:\/\/familywines.cetrexmarketing.com\/producto\/clos-martinet-2001-37cl-3\/#breadcrumb"},"inLanguage":"en-US","potentialAction":[{"@type":"ReadAction","target":["https:\/\/familywines.cetrexmarketing.com\/producto\/clos-martinet-2001-37cl-3\/"]}]},{"@type":"BreadcrumbList","@id":"https:\/\/familywines.cetrexmarketing.com\/producto\/clos-martinet-2001-37cl-3\/#breadcrumb","itemListElement":[{"@type":"ListItem","position":1,"name":"Home","item":"https:\/\/familywines.cetrexmarketing.com\/en\/test\/"},{"@type":"ListItem","position":2,"name":"Tienda","item":"https:\/\/familywines.cetrexmarketing.com\/tienda\/"},{"@type":"ListItem","position":3,"name":"Clos Martinet 2001 37cl"}]}]}},"_links":{"self":[{"href":"https:\/\/familywines.cetrexmarketing.com\/en\/wp-json\/wp\/v2\/product\/1010"}],"collection":[{"href":"https:\/\/familywines.cetrexmarketing.com\/en\/wp-json\/wp\/v2\/product"}],"about":[{"href":"https:\/\/familywines.cetrexmarketing.com\/en\/wp-json\/wp\/v2\/types\/product"}],"replies":[{"embeddable":true,"href":"https:\/\/familywines.cetrexmarketing.com\/en\/wp-json\/wp\/v2\/comments?post=1010"}],"wp:featuredmedia":[{"embeddable":true,"href":"https:\/\/familywines.cetrexmarketing.com\/en\/wp-json\/wp\/v2\/media\/744"}],"wp:attachment":[{"href":"https:\/\/familywines.cetrexmarketing.com\/en\/wp-json\/wp\/v2\/media?parent=1010"}],"wp:term":[{"taxonomy":"product_cat","embeddable":true,"href":"https:\/\/familywines.cetrexmarketing.com\/en\/wp-json\/wp\/v2\/product_cat?post=1010"},{"taxonomy":"product_tag","embeddable":true,"href":"https:\/\/familywines.cetrexmarketing.com\/en\/wp-json\/wp\/v2\/product_tag?post=1010"}],"curies":[{"name":"wp","href":"https:\/\/api.w.org\/{rel}","templated":true}]}}