{"id":1019,"date":"2019-05-07T09:34:35","date_gmt":"2019-05-07T09:34:35","guid":{"rendered":"https:\/\/familywines.cetrexmarketing.com\/producto\/martinet-bru-1997-3\/"},"modified":"2019-05-07T09:34:35","modified_gmt":"2019-05-07T09:34:35","slug":"martinet-bru-1997-3","status":"publish","type":"product","link":"https:\/\/familywines.cetrexmarketing.com\/en\/producto\/martinet-bru-1997-3\/","title":{"rendered":"Martinet Bru 1997"},"content":{"rendered":"<p style=\"text-align:left;\">A\u00f1o de temperaturas at\u00edpicas. Suaves en\u00a0febrero avanzando la brotaci\u00f3n\u00a0y bajas en julio, ralentizando la maduraci\u00f3n. Fue una vendimia heterog\u00e9nea de forma que se tuvo que pasar varias veces por la misma parcela, alargando la recolecci\u00f3n hasta noviembre. El resultado fue\u00a0una vendimia muy madura, con grados alcoh\u00f3licos elevados y una concentraci\u00f3n muy buena. Taninos suaves y redondos.\u00a0Un a\u00f1o at\u00edpico pero de gran concentraci\u00f3n.\u00a0<\/p>\n","protected":false},"excerpt":{"rendered":"<p>A\u00f1o de temperaturas at\u00edpicas. Suaves en\u00a0febrero avanzando la brotaci\u00f3n\u00a0y bajas en julio, ralentizando la maduraci\u00f3n. Fue una vendimia heterog\u00e9nea de forma que se tuvo que pasar varias veces por la misma parcela, alargando la recolecci\u00f3n hasta noviembre. El resultado fue\u00a0una vendimia muy madura, con grados alcoh\u00f3licos elevados y una concentraci\u00f3n muy buena. Taninos suaves y&hellip;<\/p>\n","protected":false},"featured_media":750,"comment_status":"open","ping_status":"closed","template":"","meta":[],"product_cat":[212,203,197,188,164,200],"product_tag":[],"yoast_head":"<!-- This site is optimized with the Yoast SEO plugin v19.1 - https:\/\/yoast.com\/wordpress\/plugins\/seo\/ -->\n<title>Martinet Bru 1997 - Family Wines<\/title>\n<meta name=\"robots\" content=\"noindex, follow, max-snippet:-1, max-image-preview:large, max-video-preview:-1\" \/>\n<meta property=\"og:locale\" content=\"en_US\" \/>\n<meta property=\"og:type\" content=\"article\" \/>\n<meta property=\"og:title\" content=\"Martinet Bru 1997 - Family Wines\" \/>\n<meta property=\"og:description\" content=\"A\u00f1o de temperaturas at\u00edpicas. Suaves en\u00a0febrero avanzando la brotaci\u00f3n\u00a0y bajas en julio, ralentizando la maduraci\u00f3n. Fue una vendimia heterog\u00e9nea de forma que se tuvo que pasar varias veces por la misma parcela, alargando la recolecci\u00f3n hasta noviembre. El resultado fue\u00a0una vendimia muy madura, con grados alcoh\u00f3licos elevados y una concentraci\u00f3n muy buena. Taninos suaves y&hellip;\" \/>\n<meta property=\"og:url\" content=\"https:\/\/familywines.cetrexmarketing.com\/producto\/martinet-bru-1997-3\/\" \/>\n<meta property=\"og:site_name\" content=\"Family Wines\" \/>\n<meta name=\"twitter:card\" content=\"summary_large_image\" \/>\n<script type=\"application\/ld+json\" class=\"yoast-schema-graph\">{\"@context\":\"https:\/\/schema.org\",\"@graph\":[{\"@type\":\"WebSite\",\"@id\":\"https:\/\/familywines.cetrexmarketing.com\/#website\",\"url\":\"https:\/\/familywines.cetrexmarketing.com\/\",\"name\":\"Family Wines\",\"description\":\"\",\"potentialAction\":[{\"@type\":\"SearchAction\",\"target\":{\"@type\":\"EntryPoint\",\"urlTemplate\":\"https:\/\/familywines.cetrexmarketing.com\/?s={search_term_string}\"},\"query-input\":\"required name=search_term_string\"}],\"inLanguage\":\"en-US\"},{\"@type\":\"ImageObject\",\"inLanguage\":\"en-US\",\"@id\":\"https:\/\/familywines.cetrexmarketing.com\/producto\/martinet-bru-1997-3\/#primaryimage\",\"url\":\"https:\/\/familywines.cetrexmarketing.com\/wp-content\/uploads\/2019\/05\/66-thickbox_default-Martinet-Bru-1997.jpg\",\"contentUrl\":\"https:\/\/familywines.cetrexmarketing.com\/wp-content\/uploads\/2019\/05\/66-thickbox_default-Martinet-Bru-1997.jpg\",\"width\":700,\"height\":800},{\"@type\":\"WebPage\",\"@id\":\"https:\/\/familywines.cetrexmarketing.com\/producto\/martinet-bru-1997-3\/#webpage\",\"url\":\"https:\/\/familywines.cetrexmarketing.com\/producto\/martinet-bru-1997-3\/\",\"name\":\"Martinet Bru 1997 - Family Wines\",\"isPartOf\":{\"@id\":\"https:\/\/familywines.cetrexmarketing.com\/#website\"},\"primaryImageOfPage\":{\"@id\":\"https:\/\/familywines.cetrexmarketing.com\/producto\/martinet-bru-1997-3\/#primaryimage\"},\"datePublished\":\"2019-05-07T09:34:35+00:00\",\"dateModified\":\"2019-05-07T09:34:35+00:00\",\"breadcrumb\":{\"@id\":\"https:\/\/familywines.cetrexmarketing.com\/producto\/martinet-bru-1997-3\/#breadcrumb\"},\"inLanguage\":\"en-US\",\"potentialAction\":[{\"@type\":\"ReadAction\",\"target\":[\"https:\/\/familywines.cetrexmarketing.com\/producto\/martinet-bru-1997-3\/\"]}]},{\"@type\":\"BreadcrumbList\",\"@id\":\"https:\/\/familywines.cetrexmarketing.com\/producto\/martinet-bru-1997-3\/#breadcrumb\",\"itemListElement\":[{\"@type\":\"ListItem\",\"position\":1,\"name\":\"Home\",\"item\":\"https:\/\/familywines.cetrexmarketing.com\/en\/test\/\"},{\"@type\":\"ListItem\",\"position\":2,\"name\":\"Tienda\",\"item\":\"https:\/\/familywines.cetrexmarketing.com\/tienda\/\"},{\"@type\":\"ListItem\",\"position\":3,\"name\":\"Martinet Bru 1997\"}]}]}<\/script>\n<!-- \/ Yoast SEO plugin. -->","yoast_head_json":{"title":"Martinet Bru 1997 - Family Wines","robots":{"index":"noindex","follow":"follow","max-snippet":"max-snippet:-1","max-image-preview":"max-image-preview:large","max-video-preview":"max-video-preview:-1"},"og_locale":"en_US","og_type":"article","og_title":"Martinet Bru 1997 - Family Wines","og_description":"A\u00f1o de temperaturas at\u00edpicas. Suaves en\u00a0febrero avanzando la brotaci\u00f3n\u00a0y bajas en julio, ralentizando la maduraci\u00f3n. Fue una vendimia heterog\u00e9nea de forma que se tuvo que pasar varias veces por la misma parcela, alargando la recolecci\u00f3n hasta noviembre. El resultado fue\u00a0una vendimia muy madura, con grados alcoh\u00f3licos elevados y una concentraci\u00f3n muy buena. Taninos suaves y&hellip;","og_url":"https:\/\/familywines.cetrexmarketing.com\/producto\/martinet-bru-1997-3\/","og_site_name":"Family Wines","twitter_card":"summary_large_image","schema":{"@context":"https:\/\/schema.org","@graph":[{"@type":"WebSite","@id":"https:\/\/familywines.cetrexmarketing.com\/#website","url":"https:\/\/familywines.cetrexmarketing.com\/","name":"Family Wines","description":"","potentialAction":[{"@type":"SearchAction","target":{"@type":"EntryPoint","urlTemplate":"https:\/\/familywines.cetrexmarketing.com\/?s={search_term_string}"},"query-input":"required name=search_term_string"}],"inLanguage":"en-US"},{"@type":"ImageObject","inLanguage":"en-US","@id":"https:\/\/familywines.cetrexmarketing.com\/producto\/martinet-bru-1997-3\/#primaryimage","url":"https:\/\/familywines.cetrexmarketing.com\/wp-content\/uploads\/2019\/05\/66-thickbox_default-Martinet-Bru-1997.jpg","contentUrl":"https:\/\/familywines.cetrexmarketing.com\/wp-content\/uploads\/2019\/05\/66-thickbox_default-Martinet-Bru-1997.jpg","width":700,"height":800},{"@type":"WebPage","@id":"https:\/\/familywines.cetrexmarketing.com\/producto\/martinet-bru-1997-3\/#webpage","url":"https:\/\/familywines.cetrexmarketing.com\/producto\/martinet-bru-1997-3\/","name":"Martinet Bru 1997 - Family Wines","isPartOf":{"@id":"https:\/\/familywines.cetrexmarketing.com\/#website"},"primaryImageOfPage":{"@id":"https:\/\/familywines.cetrexmarketing.com\/producto\/martinet-bru-1997-3\/#primaryimage"},"datePublished":"2019-05-07T09:34:35+00:00","dateModified":"2019-05-07T09:34:35+00:00","breadcrumb":{"@id":"https:\/\/familywines.cetrexmarketing.com\/producto\/martinet-bru-1997-3\/#breadcrumb"},"inLanguage":"en-US","potentialAction":[{"@type":"ReadAction","target":["https:\/\/familywines.cetrexmarketing.com\/producto\/martinet-bru-1997-3\/"]}]},{"@type":"BreadcrumbList","@id":"https:\/\/familywines.cetrexmarketing.com\/producto\/martinet-bru-1997-3\/#breadcrumb","itemListElement":[{"@type":"ListItem","position":1,"name":"Home","item":"https:\/\/familywines.cetrexmarketing.com\/en\/test\/"},{"@type":"ListItem","position":2,"name":"Tienda","item":"https:\/\/familywines.cetrexmarketing.com\/tienda\/"},{"@type":"ListItem","position":3,"name":"Martinet Bru 1997"}]}]}},"_links":{"self":[{"href":"https:\/\/familywines.cetrexmarketing.com\/en\/wp-json\/wp\/v2\/product\/1019"}],"collection":[{"href":"https:\/\/familywines.cetrexmarketing.com\/en\/wp-json\/wp\/v2\/product"}],"about":[{"href":"https:\/\/familywines.cetrexmarketing.com\/en\/wp-json\/wp\/v2\/types\/product"}],"replies":[{"embeddable":true,"href":"https:\/\/familywines.cetrexmarketing.com\/en\/wp-json\/wp\/v2\/comments?post=1019"}],"wp:featuredmedia":[{"embeddable":true,"href":"https:\/\/familywines.cetrexmarketing.com\/en\/wp-json\/wp\/v2\/media\/750"}],"wp:attachment":[{"href":"https:\/\/familywines.cetrexmarketing.com\/en\/wp-json\/wp\/v2\/media?parent=1019"}],"wp:term":[{"taxonomy":"product_cat","embeddable":true,"href":"https:\/\/familywines.cetrexmarketing.com\/en\/wp-json\/wp\/v2\/product_cat?post=1019"},{"taxonomy":"product_tag","embeddable":true,"href":"https:\/\/familywines.cetrexmarketing.com\/en\/wp-json\/wp\/v2\/product_tag?post=1019"}],"curies":[{"name":"wp","href":"https:\/\/api.w.org\/{rel}","templated":true}]}}