{"id":1067,"date":"2021-04-26T13:08:07","date_gmt":"2021-04-26T13:08:07","guid":{"rendered":"https:\/\/familywines.cetrexmarketing.com\/producto\/cims-de-porrera-classic-2013-3\/"},"modified":"2021-04-26T13:08:07","modified_gmt":"2021-04-26T13:08:07","slug":"cims-de-porrera-classic-2013-3","status":"publish","type":"product","link":"https:\/\/familywines.cetrexmarketing.com\/en\/producto\/cims-de-porrera-classic-2013-3\/","title":{"rendered":"Cims de Porrera Classic 2013"},"content":{"rendered":"<p><span>En 1996, Cims de Porrera nace de la preocupaci\u00f3n por el abandono de la vi\u00f1a centenaria y aut\u00f3ctona de Porrera<span> <\/span>(Cari\u00f1ena y Garnacha) que crece en suelos de pizarra, a una altitud de entre 350-600 metros, un desnivel en<span> <\/span>pendientes de un 40-50% y una producci\u00f3n media de 300-500 gr. de uva por planta. Las dif\u00edciles condiciones de<span> <\/span>trabajo, junto con la baja rentabilidad econ\u00f3mica que obten\u00edan los viticultores, hicieron que la gente del pueblo<span> <\/span>fueran<span> <\/span>abandonando<span> <\/span>esas<span> <\/span>vi\u00f1as.<span> <\/span><\/span><\/p>\n<p><span>La<span> <\/span>iniciativa<span> <\/span>para<span> <\/span>la<span> <\/span>recuperaci\u00f3n<span> <\/span>de<span> <\/span>\u00e9stas<span> <\/span>y<span> <\/span>la<span> <\/span>apuesta<span> <\/span>por<span> <\/span>vinos<span> <\/span>de<span> <\/span>alta<span> <\/span>calidad<span> <\/span>se<span> <\/span>puso en marcha junto con los socios de la Cooperativa del pueblo, a quien Cims de Porrera les compra la uva. El<span> <\/span>resultado del<span> <\/span>trabajo<span> <\/span>de la<span> <\/span>Familia<span> <\/span>P\u00e9rez<span> <\/span>y<span> <\/span>de<span> <\/span>los<span> <\/span>viticultores<span> <\/span>que<span> <\/span>durante<span> <\/span>generaciones<span> <\/span>han<span> <\/span>trabajado<span> <\/span>esas<span> <\/span>tierras,<span> <\/span>es Cims de Porrera: un camino de reconocimiento hacia lo que nosotros entendemos por \u201cla propia<span> <\/span>expresi\u00f3n del<span> <\/span>Priorat&#8221;<\/span><\/p>\n","protected":false},"excerpt":{"rendered":"<p>En 1996, Cims de Porrera nace de la preocupaci\u00f3n por el abandono de la vi\u00f1a centenaria y aut\u00f3ctona de Porrera (Cari\u00f1ena y Garnacha) que crece en suelos de pizarra, a una altitud de entre 350-600 metros, un desnivel en pendientes de un 40-50% y una producci\u00f3n media de 300-500 gr. de uva por planta. Las&hellip;<\/p>\n","protected":false},"featured_media":782,"comment_status":"open","ping_status":"closed","template":"","meta":[],"product_cat":[239,161,230,203,158,188,164,200],"product_tag":[],"yoast_head":"<!-- This site is optimized with the Yoast SEO plugin v19.1 - https:\/\/yoast.com\/wordpress\/plugins\/seo\/ -->\n<title>Cims de Porrera Classic 2013 - Family Wines<\/title>\n<meta name=\"robots\" content=\"noindex, follow, max-snippet:-1, max-image-preview:large, max-video-preview:-1\" \/>\n<meta property=\"og:locale\" content=\"en_US\" \/>\n<meta property=\"og:type\" content=\"article\" \/>\n<meta property=\"og:title\" content=\"Cims de Porrera Classic 2013 - Family Wines\" \/>\n<meta property=\"og:description\" content=\"En 1996, Cims de Porrera nace de la preocupaci\u00f3n por el abandono de la vi\u00f1a centenaria y aut\u00f3ctona de Porrera (Cari\u00f1ena y Garnacha) que crece en suelos de pizarra, a una altitud de entre 350-600 metros, un desnivel en pendientes de un 40-50% y una producci\u00f3n media de 300-500 gr. de uva por planta. Las&hellip;\" \/>\n<meta property=\"og:url\" content=\"https:\/\/familywines.cetrexmarketing.com\/producto\/cims-de-porrera-classic-2013-3\/\" \/>\n<meta property=\"og:site_name\" content=\"Family Wines\" \/>\n<meta name=\"twitter:card\" content=\"summary_large_image\" \/>\n<meta name=\"twitter:label1\" content=\"Est. reading time\" \/>\n\t<meta name=\"twitter:data1\" content=\"1 minute\" \/>\n<script type=\"application\/ld+json\" class=\"yoast-schema-graph\">{\"@context\":\"https:\/\/schema.org\",\"@graph\":[{\"@type\":\"WebSite\",\"@id\":\"https:\/\/familywines.cetrexmarketing.com\/#website\",\"url\":\"https:\/\/familywines.cetrexmarketing.com\/\",\"name\":\"Family Wines\",\"description\":\"\",\"potentialAction\":[{\"@type\":\"SearchAction\",\"target\":{\"@type\":\"EntryPoint\",\"urlTemplate\":\"https:\/\/familywines.cetrexmarketing.com\/?s={search_term_string}\"},\"query-input\":\"required name=search_term_string\"}],\"inLanguage\":\"en-US\"},{\"@type\":\"ImageObject\",\"inLanguage\":\"en-US\",\"@id\":\"https:\/\/familywines.cetrexmarketing.com\/producto\/cims-de-porrera-classic-2013-3\/#primaryimage\",\"url\":\"https:\/\/familywines.cetrexmarketing.com\/wp-content\/uploads\/2021\/04\/293-thickbox_default-Cims-de-Porrera-Classic-2013.jpg\",\"contentUrl\":\"https:\/\/familywines.cetrexmarketing.com\/wp-content\/uploads\/2021\/04\/293-thickbox_default-Cims-de-Porrera-Classic-2013.jpg\",\"width\":700,\"height\":800},{\"@type\":\"WebPage\",\"@id\":\"https:\/\/familywines.cetrexmarketing.com\/producto\/cims-de-porrera-classic-2013-3\/#webpage\",\"url\":\"https:\/\/familywines.cetrexmarketing.com\/producto\/cims-de-porrera-classic-2013-3\/\",\"name\":\"Cims de Porrera Classic 2013 - Family Wines\",\"isPartOf\":{\"@id\":\"https:\/\/familywines.cetrexmarketing.com\/#website\"},\"primaryImageOfPage\":{\"@id\":\"https:\/\/familywines.cetrexmarketing.com\/producto\/cims-de-porrera-classic-2013-3\/#primaryimage\"},\"datePublished\":\"2021-04-26T13:08:07+00:00\",\"dateModified\":\"2021-04-26T13:08:07+00:00\",\"breadcrumb\":{\"@id\":\"https:\/\/familywines.cetrexmarketing.com\/producto\/cims-de-porrera-classic-2013-3\/#breadcrumb\"},\"inLanguage\":\"en-US\",\"potentialAction\":[{\"@type\":\"ReadAction\",\"target\":[\"https:\/\/familywines.cetrexmarketing.com\/producto\/cims-de-porrera-classic-2013-3\/\"]}]},{\"@type\":\"BreadcrumbList\",\"@id\":\"https:\/\/familywines.cetrexmarketing.com\/producto\/cims-de-porrera-classic-2013-3\/#breadcrumb\",\"itemListElement\":[{\"@type\":\"ListItem\",\"position\":1,\"name\":\"Home\",\"item\":\"https:\/\/familywines.cetrexmarketing.com\/en\/test\/\"},{\"@type\":\"ListItem\",\"position\":2,\"name\":\"Tienda\",\"item\":\"https:\/\/familywines.cetrexmarketing.com\/tienda\/\"},{\"@type\":\"ListItem\",\"position\":3,\"name\":\"Cims de Porrera Classic 2013\"}]}]}<\/script>\n<!-- \/ Yoast SEO plugin. -->","yoast_head_json":{"title":"Cims de Porrera Classic 2013 - Family Wines","robots":{"index":"noindex","follow":"follow","max-snippet":"max-snippet:-1","max-image-preview":"max-image-preview:large","max-video-preview":"max-video-preview:-1"},"og_locale":"en_US","og_type":"article","og_title":"Cims de Porrera Classic 2013 - Family Wines","og_description":"En 1996, Cims de Porrera nace de la preocupaci\u00f3n por el abandono de la vi\u00f1a centenaria y aut\u00f3ctona de Porrera (Cari\u00f1ena y Garnacha) que crece en suelos de pizarra, a una altitud de entre 350-600 metros, un desnivel en pendientes de un 40-50% y una producci\u00f3n media de 300-500 gr. de uva por planta. Las&hellip;","og_url":"https:\/\/familywines.cetrexmarketing.com\/producto\/cims-de-porrera-classic-2013-3\/","og_site_name":"Family Wines","twitter_card":"summary_large_image","twitter_misc":{"Est. reading time":"1 minute"},"schema":{"@context":"https:\/\/schema.org","@graph":[{"@type":"WebSite","@id":"https:\/\/familywines.cetrexmarketing.com\/#website","url":"https:\/\/familywines.cetrexmarketing.com\/","name":"Family Wines","description":"","potentialAction":[{"@type":"SearchAction","target":{"@type":"EntryPoint","urlTemplate":"https:\/\/familywines.cetrexmarketing.com\/?s={search_term_string}"},"query-input":"required name=search_term_string"}],"inLanguage":"en-US"},{"@type":"ImageObject","inLanguage":"en-US","@id":"https:\/\/familywines.cetrexmarketing.com\/producto\/cims-de-porrera-classic-2013-3\/#primaryimage","url":"https:\/\/familywines.cetrexmarketing.com\/wp-content\/uploads\/2021\/04\/293-thickbox_default-Cims-de-Porrera-Classic-2013.jpg","contentUrl":"https:\/\/familywines.cetrexmarketing.com\/wp-content\/uploads\/2021\/04\/293-thickbox_default-Cims-de-Porrera-Classic-2013.jpg","width":700,"height":800},{"@type":"WebPage","@id":"https:\/\/familywines.cetrexmarketing.com\/producto\/cims-de-porrera-classic-2013-3\/#webpage","url":"https:\/\/familywines.cetrexmarketing.com\/producto\/cims-de-porrera-classic-2013-3\/","name":"Cims de Porrera Classic 2013 - Family Wines","isPartOf":{"@id":"https:\/\/familywines.cetrexmarketing.com\/#website"},"primaryImageOfPage":{"@id":"https:\/\/familywines.cetrexmarketing.com\/producto\/cims-de-porrera-classic-2013-3\/#primaryimage"},"datePublished":"2021-04-26T13:08:07+00:00","dateModified":"2021-04-26T13:08:07+00:00","breadcrumb":{"@id":"https:\/\/familywines.cetrexmarketing.com\/producto\/cims-de-porrera-classic-2013-3\/#breadcrumb"},"inLanguage":"en-US","potentialAction":[{"@type":"ReadAction","target":["https:\/\/familywines.cetrexmarketing.com\/producto\/cims-de-porrera-classic-2013-3\/"]}]},{"@type":"BreadcrumbList","@id":"https:\/\/familywines.cetrexmarketing.com\/producto\/cims-de-porrera-classic-2013-3\/#breadcrumb","itemListElement":[{"@type":"ListItem","position":1,"name":"Home","item":"https:\/\/familywines.cetrexmarketing.com\/en\/test\/"},{"@type":"ListItem","position":2,"name":"Tienda","item":"https:\/\/familywines.cetrexmarketing.com\/tienda\/"},{"@type":"ListItem","position":3,"name":"Cims de Porrera Classic 2013"}]}]}},"_links":{"self":[{"href":"https:\/\/familywines.cetrexmarketing.com\/en\/wp-json\/wp\/v2\/product\/1067"}],"collection":[{"href":"https:\/\/familywines.cetrexmarketing.com\/en\/wp-json\/wp\/v2\/product"}],"about":[{"href":"https:\/\/familywines.cetrexmarketing.com\/en\/wp-json\/wp\/v2\/types\/product"}],"replies":[{"embeddable":true,"href":"https:\/\/familywines.cetrexmarketing.com\/en\/wp-json\/wp\/v2\/comments?post=1067"}],"wp:featuredmedia":[{"embeddable":true,"href":"https:\/\/familywines.cetrexmarketing.com\/en\/wp-json\/wp\/v2\/media\/782"}],"wp:attachment":[{"href":"https:\/\/familywines.cetrexmarketing.com\/en\/wp-json\/wp\/v2\/media?parent=1067"}],"wp:term":[{"taxonomy":"product_cat","embeddable":true,"href":"https:\/\/familywines.cetrexmarketing.com\/en\/wp-json\/wp\/v2\/product_cat?post=1067"},{"taxonomy":"product_tag","embeddable":true,"href":"https:\/\/familywines.cetrexmarketing.com\/en\/wp-json\/wp\/v2\/product_tag?post=1067"}],"curies":[{"name":"wp","href":"https:\/\/api.w.org\/{rel}","templated":true}]}}