{"id":1116,"date":"2021-04-26T13:08:07","date_gmt":"2021-04-26T13:08:07","guid":{"rendered":"https:\/\/familywines.cetrexmarketing.com\/producto\/clos-martinet-2005\/"},"modified":"2021-04-26T13:08:07","modified_gmt":"2021-04-26T13:08:07","slug":"clos-martinet-2005","status":"publish","type":"product","link":"https:\/\/familywines.cetrexmarketing.com\/en\/producto\/clos-martinet-2005\/","title":{"rendered":"Clos Martinet 2005"},"content":{"rendered":"<p>El Clos Martinet prov\u00e9 exclusivament cada any de les parcel\u00b7les de la finca del Mas d\u2019en Martinet, situada a la zona dels vins de vila de Gratallops. El s\u00f2l de llicorella i les diferents exposicions de la vinya li confereixen la tipicitat de finca any rere any.<\/p>\n<p>En el decurs dels \u00faltims anys hem anat augmentant les varietats locals: Garnatxa negra, Carinyena i Garnatxa peluda perqu\u00e8 estem conven\u00e7uts que s\u00f3n les que expressen millor la tipicitat del terrer del Priorat. No obstant seguim mantenint el Sir\u00e0, el Merlot i el Cabernet Sauvignon com a homenatge a la gran feina que van fer pioners com el Josep Llu\u00eds P\u00e9rez. Treballem amb llevats ind\u00edgenes, i hem anat abandonant tot all\u00f2 que en els principis ens motivava al coneixement t\u00e8cnic del ra\u00efm i del vi, per donar pas a un di\u00e0leg amb la natura, en el cam\u00ed de mostrar-vos l\u2019expressi\u00f3 pura de la finca de Clos Martinet.<\/p>\n<p><span>Es comen\u00e7a la verema els \u00faltims dies d&#8217;agost, com cada any, amb calors desmesurades, i graus probables (pels n\u00favols!), al voltant de 15,5%. Per\u00f2, tamb\u00e9 com de costum, a primers de setembre les temperatures van comen\u00e7ar a baixar i a ploure alguna gota&#8230; fet que va estabilitzar les r\u00e0pides maduracions del ra\u00efm. Aix\u00ed, finalment es va poder veremar les parcel\u00b7les en un bon moment de maduresa de la fruita.<\/span><\/p>\n","protected":false},"excerpt":{"rendered":"<p>El Clos Martinet prov\u00e9 exclusivament cada any de les parcel\u00b7les de la finca del Mas d\u2019en Martinet, situada a la zona dels vins de vila de Gratallops. El s\u00f2l de llicorella i les diferents exposicions de la vinya li confereixen la tipicitat de finca any rere any. En el decurs dels \u00faltims anys hem anat&hellip;<\/p>\n","protected":false},"featured_media":810,"comment_status":"open","ping_status":"closed","template":"","meta":[],"product_cat":[222,201,156,195,186,162,198],"product_tag":[],"yoast_head":"<!-- This site is optimized with the Yoast SEO plugin v19.1 - https:\/\/yoast.com\/wordpress\/plugins\/seo\/ -->\n<title>Clos Martinet 2005 - Family Wines<\/title>\n<meta name=\"robots\" content=\"noindex, follow, max-snippet:-1, max-image-preview:large, max-video-preview:-1\" \/>\n<meta property=\"og:locale\" content=\"en_US\" \/>\n<meta property=\"og:type\" content=\"article\" \/>\n<meta property=\"og:title\" content=\"Clos Martinet 2005 - Family Wines\" \/>\n<meta property=\"og:description\" content=\"El Clos Martinet prov\u00e9 exclusivament cada any de les parcel\u00b7les de la finca del Mas d\u2019en Martinet, situada a la zona dels vins de vila de Gratallops. El s\u00f2l de llicorella i les diferents exposicions de la vinya li confereixen la tipicitat de finca any rere any. En el decurs dels \u00faltims anys hem anat&hellip;\" \/>\n<meta property=\"og:url\" content=\"https:\/\/familywines.cetrexmarketing.com\/producto\/clos-martinet-2005\/\" \/>\n<meta property=\"og:site_name\" content=\"Family Wines\" \/>\n<meta property=\"og:image\" content=\"https:\/\/familywines.cetrexmarketing.com\/wp-content\/uploads\/2021\/04\/160-thickbox_default-Clos-Martinet-2005.jpg\" \/>\n\t<meta property=\"og:image:width\" content=\"700\" \/>\n\t<meta property=\"og:image:height\" content=\"800\" \/>\n\t<meta property=\"og:image:type\" content=\"image\/jpeg\" \/>\n<meta name=\"twitter:card\" content=\"summary_large_image\" \/>\n<meta name=\"twitter:label1\" content=\"Est. reading time\" \/>\n\t<meta name=\"twitter:data1\" content=\"1 minute\" \/>\n<script type=\"application\/ld+json\" class=\"yoast-schema-graph\">{\"@context\":\"https:\/\/schema.org\",\"@graph\":[{\"@type\":\"WebSite\",\"@id\":\"https:\/\/familywines.cetrexmarketing.com\/#website\",\"url\":\"https:\/\/familywines.cetrexmarketing.com\/\",\"name\":\"Family Wines\",\"description\":\"\",\"potentialAction\":[{\"@type\":\"SearchAction\",\"target\":{\"@type\":\"EntryPoint\",\"urlTemplate\":\"https:\/\/familywines.cetrexmarketing.com\/?s={search_term_string}\"},\"query-input\":\"required name=search_term_string\"}],\"inLanguage\":\"en-US\"},{\"@type\":\"ImageObject\",\"inLanguage\":\"en-US\",\"@id\":\"https:\/\/familywines.cetrexmarketing.com\/producto\/clos-martinet-2005\/#primaryimage\",\"url\":\"https:\/\/familywines.cetrexmarketing.com\/wp-content\/uploads\/2021\/04\/160-thickbox_default-Clos-Martinet-2005.jpg\",\"contentUrl\":\"https:\/\/familywines.cetrexmarketing.com\/wp-content\/uploads\/2021\/04\/160-thickbox_default-Clos-Martinet-2005.jpg\",\"width\":700,\"height\":800},{\"@type\":\"WebPage\",\"@id\":\"https:\/\/familywines.cetrexmarketing.com\/producto\/clos-martinet-2005\/#webpage\",\"url\":\"https:\/\/familywines.cetrexmarketing.com\/producto\/clos-martinet-2005\/\",\"name\":\"Clos Martinet 2005 - Family Wines\",\"isPartOf\":{\"@id\":\"https:\/\/familywines.cetrexmarketing.com\/#website\"},\"primaryImageOfPage\":{\"@id\":\"https:\/\/familywines.cetrexmarketing.com\/producto\/clos-martinet-2005\/#primaryimage\"},\"datePublished\":\"2021-04-26T13:08:07+00:00\",\"dateModified\":\"2021-04-26T13:08:07+00:00\",\"breadcrumb\":{\"@id\":\"https:\/\/familywines.cetrexmarketing.com\/producto\/clos-martinet-2005\/#breadcrumb\"},\"inLanguage\":\"en-US\",\"potentialAction\":[{\"@type\":\"ReadAction\",\"target\":[\"https:\/\/familywines.cetrexmarketing.com\/producto\/clos-martinet-2005\/\"]}]},{\"@type\":\"BreadcrumbList\",\"@id\":\"https:\/\/familywines.cetrexmarketing.com\/producto\/clos-martinet-2005\/#breadcrumb\",\"itemListElement\":[{\"@type\":\"ListItem\",\"position\":1,\"name\":\"Home\",\"item\":\"https:\/\/familywines.cetrexmarketing.com\/en\/test\/\"},{\"@type\":\"ListItem\",\"position\":2,\"name\":\"Tienda\",\"item\":\"https:\/\/familywines.cetrexmarketing.com\/tienda\/\"},{\"@type\":\"ListItem\",\"position\":3,\"name\":\"Clos Martinet 2005\"}]}]}<\/script>\n<!-- \/ Yoast SEO plugin. -->","yoast_head_json":{"title":"Clos Martinet 2005 - Family Wines","robots":{"index":"noindex","follow":"follow","max-snippet":"max-snippet:-1","max-image-preview":"max-image-preview:large","max-video-preview":"max-video-preview:-1"},"og_locale":"en_US","og_type":"article","og_title":"Clos Martinet 2005 - Family Wines","og_description":"El Clos Martinet prov\u00e9 exclusivament cada any de les parcel\u00b7les de la finca del Mas d\u2019en Martinet, situada a la zona dels vins de vila de Gratallops. El s\u00f2l de llicorella i les diferents exposicions de la vinya li confereixen la tipicitat de finca any rere any. En el decurs dels \u00faltims anys hem anat&hellip;","og_url":"https:\/\/familywines.cetrexmarketing.com\/producto\/clos-martinet-2005\/","og_site_name":"Family Wines","og_image":[{"width":700,"height":800,"url":"https:\/\/familywines.cetrexmarketing.com\/wp-content\/uploads\/2021\/04\/160-thickbox_default-Clos-Martinet-2005.jpg","type":"image\/jpeg"}],"twitter_card":"summary_large_image","twitter_misc":{"Est. reading time":"1 minute"},"schema":{"@context":"https:\/\/schema.org","@graph":[{"@type":"WebSite","@id":"https:\/\/familywines.cetrexmarketing.com\/#website","url":"https:\/\/familywines.cetrexmarketing.com\/","name":"Family Wines","description":"","potentialAction":[{"@type":"SearchAction","target":{"@type":"EntryPoint","urlTemplate":"https:\/\/familywines.cetrexmarketing.com\/?s={search_term_string}"},"query-input":"required name=search_term_string"}],"inLanguage":"en-US"},{"@type":"ImageObject","inLanguage":"en-US","@id":"https:\/\/familywines.cetrexmarketing.com\/producto\/clos-martinet-2005\/#primaryimage","url":"https:\/\/familywines.cetrexmarketing.com\/wp-content\/uploads\/2021\/04\/160-thickbox_default-Clos-Martinet-2005.jpg","contentUrl":"https:\/\/familywines.cetrexmarketing.com\/wp-content\/uploads\/2021\/04\/160-thickbox_default-Clos-Martinet-2005.jpg","width":700,"height":800},{"@type":"WebPage","@id":"https:\/\/familywines.cetrexmarketing.com\/producto\/clos-martinet-2005\/#webpage","url":"https:\/\/familywines.cetrexmarketing.com\/producto\/clos-martinet-2005\/","name":"Clos Martinet 2005 - Family Wines","isPartOf":{"@id":"https:\/\/familywines.cetrexmarketing.com\/#website"},"primaryImageOfPage":{"@id":"https:\/\/familywines.cetrexmarketing.com\/producto\/clos-martinet-2005\/#primaryimage"},"datePublished":"2021-04-26T13:08:07+00:00","dateModified":"2021-04-26T13:08:07+00:00","breadcrumb":{"@id":"https:\/\/familywines.cetrexmarketing.com\/producto\/clos-martinet-2005\/#breadcrumb"},"inLanguage":"en-US","potentialAction":[{"@type":"ReadAction","target":["https:\/\/familywines.cetrexmarketing.com\/producto\/clos-martinet-2005\/"]}]},{"@type":"BreadcrumbList","@id":"https:\/\/familywines.cetrexmarketing.com\/producto\/clos-martinet-2005\/#breadcrumb","itemListElement":[{"@type":"ListItem","position":1,"name":"Home","item":"https:\/\/familywines.cetrexmarketing.com\/en\/test\/"},{"@type":"ListItem","position":2,"name":"Tienda","item":"https:\/\/familywines.cetrexmarketing.com\/tienda\/"},{"@type":"ListItem","position":3,"name":"Clos Martinet 2005"}]}]}},"_links":{"self":[{"href":"https:\/\/familywines.cetrexmarketing.com\/en\/wp-json\/wp\/v2\/product\/1116"}],"collection":[{"href":"https:\/\/familywines.cetrexmarketing.com\/en\/wp-json\/wp\/v2\/product"}],"about":[{"href":"https:\/\/familywines.cetrexmarketing.com\/en\/wp-json\/wp\/v2\/types\/product"}],"replies":[{"embeddable":true,"href":"https:\/\/familywines.cetrexmarketing.com\/en\/wp-json\/wp\/v2\/comments?post=1116"}],"wp:featuredmedia":[{"embeddable":true,"href":"https:\/\/familywines.cetrexmarketing.com\/en\/wp-json\/wp\/v2\/media\/810"}],"wp:attachment":[{"href":"https:\/\/familywines.cetrexmarketing.com\/en\/wp-json\/wp\/v2\/media?parent=1116"}],"wp:term":[{"taxonomy":"product_cat","embeddable":true,"href":"https:\/\/familywines.cetrexmarketing.com\/en\/wp-json\/wp\/v2\/product_cat?post=1116"},{"taxonomy":"product_tag","embeddable":true,"href":"https:\/\/familywines.cetrexmarketing.com\/en\/wp-json\/wp\/v2\/product_tag?post=1116"}],"curies":[{"name":"wp","href":"https:\/\/api.w.org\/{rel}","templated":true}]}}