{"id":1142,"date":"2021-04-26T13:08:07","date_gmt":"2021-04-26T13:08:07","guid":{"rendered":"https:\/\/familywines.cetrexmarketing.com\/producto\/ranci-dolc-3\/"},"modified":"2021-04-26T13:08:07","modified_gmt":"2021-04-26T13:08:07","slug":"ranci-dolc-3","status":"publish","type":"product","link":"https:\/\/familywines.cetrexmarketing.com\/en\/producto\/ranci-dolc-3\/","title":{"rendered":"Ranci Dol\u00e7"},"content":{"rendered":"<p>Vendimiado cuando la uva tiene aproximadamente 15\u00ba de alcohol probable (no cada a\u00f1o, solo los a\u00f1os m\u00e1s calurosos), se deja sobre ca\u00f1izos, a la sombra, para que se seque lentamente entre 7\u00a0y 21 d\u00edas, para conseguir una uva\u00a0deshidratada, de alto contenido en az\u00facar y, por lo tanto, un dulce natural.<\/p>\n<p>La uva deshidratada, se chafa\u00a0y\u00a0se deja fermentar con sus levaduras naturales, despu\u00e9s se prensa\u00a0y\u00a0se pone en damajuanas o en una barrica\u00a0de madera para acabar lentamente la fermentaci\u00f3n hasta el a\u00f1o siguiente. Acabada la fermentaci\u00f3n, se rellenan las primeras barricas viejas de la bodega (recogidas por el Priorat) donde se mezcla con\u00a0vino m\u00e1s viejo\u00a0y\u00a0con las madres centenarias.<\/p>\n<p>La primera saca de este vino se hizo en el 2017, con m\u00e1s de 22 a\u00f1os de crianza.<\/p>\n","protected":false},"excerpt":{"rendered":"<p><span lang=\"ca\" xml:lang=\"ca\">Un vino que muestra el alma de la historia del Priorat. Una historia que\u00a0nos representa\u00a0y permite enraizarnos en el territorio, agradeciendo y\u00a0homenajeando aquellas\u00a0generaciones que han hecho posible que hoy estemos aqu\u00ed<\/span><\/p>\n<p>El<em> Ranci Dol\u00e7 de Martine<\/em>t es un rancio dulce fino, elegante, cremoso\u2026 \u00a0100% de garnacha tinta.<\/p>\n","protected":false},"featured_media":826,"comment_status":"open","ping_status":"closed","template":"","meta":[],"product_cat":[212,161,203,197,233,164,200],"product_tag":[],"yoast_head":"<!-- This site is optimized with the Yoast SEO plugin v19.1 - https:\/\/yoast.com\/wordpress\/plugins\/seo\/ -->\n<title>Ranci Dol\u00e7 - Family Wines<\/title>\n<meta name=\"robots\" content=\"noindex, follow, max-snippet:-1, max-image-preview:large, max-video-preview:-1\" \/>\n<meta property=\"og:locale\" content=\"en_US\" \/>\n<meta property=\"og:type\" content=\"article\" \/>\n<meta property=\"og:title\" content=\"Ranci Dol\u00e7 - Family Wines\" \/>\n<meta property=\"og:description\" content=\"Un vino que muestra el alma de la historia del Priorat. Una historia que\u00a0nos representa\u00a0y permite enraizarnos en el territorio, agradeciendo y\u00a0homenajeando aquellas\u00a0generaciones que han hecho posible que hoy estemos aqu\u00ed El Ranci Dol\u00e7 de Martinet es un rancio dulce fino, elegante, cremoso\u2026 \u00a0100% de garnacha tinta.\" \/>\n<meta property=\"og:url\" content=\"https:\/\/familywines.cetrexmarketing.com\/producto\/ranci-dolc-3\/\" \/>\n<meta property=\"og:site_name\" content=\"Family Wines\" \/>\n<meta name=\"twitter:card\" content=\"summary_large_image\" \/>\n<meta name=\"twitter:label1\" content=\"Est. reading time\" \/>\n\t<meta name=\"twitter:data1\" content=\"1 minute\" \/>\n<script type=\"application\/ld+json\" class=\"yoast-schema-graph\">{\"@context\":\"https:\/\/schema.org\",\"@graph\":[{\"@type\":\"WebSite\",\"@id\":\"https:\/\/familywines.cetrexmarketing.com\/#website\",\"url\":\"https:\/\/familywines.cetrexmarketing.com\/\",\"name\":\"Family Wines\",\"description\":\"\",\"potentialAction\":[{\"@type\":\"SearchAction\",\"target\":{\"@type\":\"EntryPoint\",\"urlTemplate\":\"https:\/\/familywines.cetrexmarketing.com\/?s={search_term_string}\"},\"query-input\":\"required name=search_term_string\"}],\"inLanguage\":\"en-US\"},{\"@type\":\"ImageObject\",\"inLanguage\":\"en-US\",\"@id\":\"https:\/\/familywines.cetrexmarketing.com\/producto\/ranci-dolc-3\/#primaryimage\",\"url\":\"https:\/\/familywines.cetrexmarketing.com\/wp-content\/uploads\/2021\/04\/178-thickbox_default-Ranci-Dolc.jpg\",\"contentUrl\":\"https:\/\/familywines.cetrexmarketing.com\/wp-content\/uploads\/2021\/04\/178-thickbox_default-Ranci-Dolc.jpg\",\"width\":700,\"height\":800},{\"@type\":\"WebPage\",\"@id\":\"https:\/\/familywines.cetrexmarketing.com\/producto\/ranci-dolc-3\/#webpage\",\"url\":\"https:\/\/familywines.cetrexmarketing.com\/producto\/ranci-dolc-3\/\",\"name\":\"Ranci Dol\u00e7 - Family Wines\",\"isPartOf\":{\"@id\":\"https:\/\/familywines.cetrexmarketing.com\/#website\"},\"primaryImageOfPage\":{\"@id\":\"https:\/\/familywines.cetrexmarketing.com\/producto\/ranci-dolc-3\/#primaryimage\"},\"datePublished\":\"2021-04-26T13:08:07+00:00\",\"dateModified\":\"2021-04-26T13:08:07+00:00\",\"breadcrumb\":{\"@id\":\"https:\/\/familywines.cetrexmarketing.com\/producto\/ranci-dolc-3\/#breadcrumb\"},\"inLanguage\":\"en-US\",\"potentialAction\":[{\"@type\":\"ReadAction\",\"target\":[\"https:\/\/familywines.cetrexmarketing.com\/producto\/ranci-dolc-3\/\"]}]},{\"@type\":\"BreadcrumbList\",\"@id\":\"https:\/\/familywines.cetrexmarketing.com\/producto\/ranci-dolc-3\/#breadcrumb\",\"itemListElement\":[{\"@type\":\"ListItem\",\"position\":1,\"name\":\"Home\",\"item\":\"https:\/\/familywines.cetrexmarketing.com\/en\/test\/\"},{\"@type\":\"ListItem\",\"position\":2,\"name\":\"Tienda\",\"item\":\"https:\/\/familywines.cetrexmarketing.com\/tienda\/\"},{\"@type\":\"ListItem\",\"position\":3,\"name\":\"Ranci Dol\u00e7\"}]}]}<\/script>\n<!-- \/ Yoast SEO plugin. -->","yoast_head_json":{"title":"Ranci Dol\u00e7 - Family Wines","robots":{"index":"noindex","follow":"follow","max-snippet":"max-snippet:-1","max-image-preview":"max-image-preview:large","max-video-preview":"max-video-preview:-1"},"og_locale":"en_US","og_type":"article","og_title":"Ranci Dol\u00e7 - Family Wines","og_description":"Un vino que muestra el alma de la historia del Priorat. Una historia que\u00a0nos representa\u00a0y permite enraizarnos en el territorio, agradeciendo y\u00a0homenajeando aquellas\u00a0generaciones que han hecho posible que hoy estemos aqu\u00ed El Ranci Dol\u00e7 de Martinet es un rancio dulce fino, elegante, cremoso\u2026 \u00a0100% de garnacha tinta.","og_url":"https:\/\/familywines.cetrexmarketing.com\/producto\/ranci-dolc-3\/","og_site_name":"Family Wines","twitter_card":"summary_large_image","twitter_misc":{"Est. reading time":"1 minute"},"schema":{"@context":"https:\/\/schema.org","@graph":[{"@type":"WebSite","@id":"https:\/\/familywines.cetrexmarketing.com\/#website","url":"https:\/\/familywines.cetrexmarketing.com\/","name":"Family Wines","description":"","potentialAction":[{"@type":"SearchAction","target":{"@type":"EntryPoint","urlTemplate":"https:\/\/familywines.cetrexmarketing.com\/?s={search_term_string}"},"query-input":"required name=search_term_string"}],"inLanguage":"en-US"},{"@type":"ImageObject","inLanguage":"en-US","@id":"https:\/\/familywines.cetrexmarketing.com\/producto\/ranci-dolc-3\/#primaryimage","url":"https:\/\/familywines.cetrexmarketing.com\/wp-content\/uploads\/2021\/04\/178-thickbox_default-Ranci-Dolc.jpg","contentUrl":"https:\/\/familywines.cetrexmarketing.com\/wp-content\/uploads\/2021\/04\/178-thickbox_default-Ranci-Dolc.jpg","width":700,"height":800},{"@type":"WebPage","@id":"https:\/\/familywines.cetrexmarketing.com\/producto\/ranci-dolc-3\/#webpage","url":"https:\/\/familywines.cetrexmarketing.com\/producto\/ranci-dolc-3\/","name":"Ranci Dol\u00e7 - Family Wines","isPartOf":{"@id":"https:\/\/familywines.cetrexmarketing.com\/#website"},"primaryImageOfPage":{"@id":"https:\/\/familywines.cetrexmarketing.com\/producto\/ranci-dolc-3\/#primaryimage"},"datePublished":"2021-04-26T13:08:07+00:00","dateModified":"2021-04-26T13:08:07+00:00","breadcrumb":{"@id":"https:\/\/familywines.cetrexmarketing.com\/producto\/ranci-dolc-3\/#breadcrumb"},"inLanguage":"en-US","potentialAction":[{"@type":"ReadAction","target":["https:\/\/familywines.cetrexmarketing.com\/producto\/ranci-dolc-3\/"]}]},{"@type":"BreadcrumbList","@id":"https:\/\/familywines.cetrexmarketing.com\/producto\/ranci-dolc-3\/#breadcrumb","itemListElement":[{"@type":"ListItem","position":1,"name":"Home","item":"https:\/\/familywines.cetrexmarketing.com\/en\/test\/"},{"@type":"ListItem","position":2,"name":"Tienda","item":"https:\/\/familywines.cetrexmarketing.com\/tienda\/"},{"@type":"ListItem","position":3,"name":"Ranci Dol\u00e7"}]}]}},"_links":{"self":[{"href":"https:\/\/familywines.cetrexmarketing.com\/en\/wp-json\/wp\/v2\/product\/1142"}],"collection":[{"href":"https:\/\/familywines.cetrexmarketing.com\/en\/wp-json\/wp\/v2\/product"}],"about":[{"href":"https:\/\/familywines.cetrexmarketing.com\/en\/wp-json\/wp\/v2\/types\/product"}],"replies":[{"embeddable":true,"href":"https:\/\/familywines.cetrexmarketing.com\/en\/wp-json\/wp\/v2\/comments?post=1142"}],"wp:featuredmedia":[{"embeddable":true,"href":"https:\/\/familywines.cetrexmarketing.com\/en\/wp-json\/wp\/v2\/media\/826"}],"wp:attachment":[{"href":"https:\/\/familywines.cetrexmarketing.com\/en\/wp-json\/wp\/v2\/media?parent=1142"}],"wp:term":[{"taxonomy":"product_cat","embeddable":true,"href":"https:\/\/familywines.cetrexmarketing.com\/en\/wp-json\/wp\/v2\/product_cat?post=1142"},{"taxonomy":"product_tag","embeddable":true,"href":"https:\/\/familywines.cetrexmarketing.com\/en\/wp-json\/wp\/v2\/product_tag?post=1142"}],"curies":[{"name":"wp","href":"https:\/\/api.w.org\/{rel}","templated":true}]}}