{"id":1154,"date":"2021-04-26T13:08:07","date_gmt":"2021-04-26T13:08:07","guid":{"rendered":"https:\/\/familywines.cetrexmarketing.com\/producto\/partida-bellvisos-2007-mg-3\/"},"modified":"2021-04-26T13:08:07","modified_gmt":"2021-04-26T13:08:07","slug":"partida-bellvisos-2007-mg-3","status":"publish","type":"product","link":"https:\/\/familywines.cetrexmarketing.com\/en\/producto\/partida-bellvisos-2007-mg-3\/","title":{"rendered":"Partida Bellvisos 2007 1,5 lit."},"content":{"rendered":"<p>Despu\u00e9s de casi 15 a\u00f1os, servimos la a\u00f1ada 2007. Es una a\u00f1ada especialmente buena para nosotros, nos da calidez en nariz pero el vino se muestra\u00a0muy tenso en boca y,\u00a0a pesar del tiempo que tiene,\u00a0augura mucho potencial de envejecimiento.<\/p>\n<p>Laderas de Cari\u00f1ena y Garnacha peluda vieja trabajadas desde el principio siguiendo los par\u00e1metros de la agroecologia, para mostrar la singularidad de esta partida de vi\u00f1edo.<\/p>\n<p>Orientada al Norte, esta finca recibe el sol cada ma\u00f1ana y se resguarda del fuerte viento de poniente de verano y de las escaldadas en tiempo de madurez. El vino habla de una zona fresca, delicada, de \u201cllicorella\u201d desmenuzada, texturas granulosas y, de c\u00f3mo va recuper\u00e1ndose el vi\u00f1edo, a\u00f1o tras a\u00f1o&#8230;<\/p>\n","protected":false},"excerpt":{"rendered":"<p>Despu\u00e9s de casi 15 a\u00f1os, servimos la a\u00f1ada 2007. Es una a\u00f1ada especialmente buena para nosotros, nos da calidez en nariz pero el vino se muestra\u00a0muy tenso en boca y,\u00a0a pesar del tiempo que tiene,\u00a0augura mucho potencial de envejecimiento. Laderas de Cari\u00f1ena y Garnacha peluda vieja trabajadas desde el principio siguiendo los par\u00e1metros de la&hellip;<\/p>\n","protected":false},"featured_media":834,"comment_status":"open","ping_status":"closed","template":"","meta":[],"product_cat":[224,203,182,242,188,164,200],"product_tag":[],"yoast_head":"<!-- This site is optimized with the Yoast SEO plugin v19.1 - https:\/\/yoast.com\/wordpress\/plugins\/seo\/ -->\n<title>Partida Bellvisos 2007 1,5 lit. - Family Wines<\/title>\n<meta name=\"robots\" content=\"noindex, follow, max-snippet:-1, max-image-preview:large, max-video-preview:-1\" \/>\n<meta property=\"og:locale\" content=\"en_US\" \/>\n<meta property=\"og:type\" content=\"article\" \/>\n<meta property=\"og:title\" content=\"Partida Bellvisos 2007 1,5 lit. - Family Wines\" \/>\n<meta property=\"og:description\" content=\"Despu\u00e9s de casi 15 a\u00f1os, servimos la a\u00f1ada 2007. Es una a\u00f1ada especialmente buena para nosotros, nos da calidez en nariz pero el vino se muestra\u00a0muy tenso en boca y,\u00a0a pesar del tiempo que tiene,\u00a0augura mucho potencial de envejecimiento. Laderas de Cari\u00f1ena y Garnacha peluda vieja trabajadas desde el principio siguiendo los par\u00e1metros de la&hellip;\" \/>\n<meta property=\"og:url\" content=\"https:\/\/familywines.cetrexmarketing.com\/producto\/partida-bellvisos-2007-mg-3\/\" \/>\n<meta property=\"og:site_name\" content=\"Family Wines\" \/>\n<meta name=\"twitter:card\" content=\"summary_large_image\" \/>\n<meta name=\"twitter:label1\" content=\"Est. reading time\" \/>\n\t<meta name=\"twitter:data1\" content=\"1 minute\" \/>\n<script type=\"application\/ld+json\" class=\"yoast-schema-graph\">{\"@context\":\"https:\/\/schema.org\",\"@graph\":[{\"@type\":\"WebSite\",\"@id\":\"https:\/\/familywines.cetrexmarketing.com\/#website\",\"url\":\"https:\/\/familywines.cetrexmarketing.com\/\",\"name\":\"Family Wines\",\"description\":\"\",\"potentialAction\":[{\"@type\":\"SearchAction\",\"target\":{\"@type\":\"EntryPoint\",\"urlTemplate\":\"https:\/\/familywines.cetrexmarketing.com\/?s={search_term_string}\"},\"query-input\":\"required name=search_term_string\"}],\"inLanguage\":\"en-US\"},{\"@type\":\"ImageObject\",\"inLanguage\":\"en-US\",\"@id\":\"https:\/\/familywines.cetrexmarketing.com\/producto\/partida-bellvisos-2007-mg-3\/#primaryimage\",\"url\":\"https:\/\/familywines.cetrexmarketing.com\/wp-content\/uploads\/2021\/04\/185-thickbox_default-Partida-Bellvisos-2007-15-lit.jpg\",\"contentUrl\":\"https:\/\/familywines.cetrexmarketing.com\/wp-content\/uploads\/2021\/04\/185-thickbox_default-Partida-Bellvisos-2007-15-lit.jpg\",\"width\":700,\"height\":800},{\"@type\":\"WebPage\",\"@id\":\"https:\/\/familywines.cetrexmarketing.com\/producto\/partida-bellvisos-2007-mg-3\/#webpage\",\"url\":\"https:\/\/familywines.cetrexmarketing.com\/producto\/partida-bellvisos-2007-mg-3\/\",\"name\":\"Partida Bellvisos 2007 1,5 lit. - Family Wines\",\"isPartOf\":{\"@id\":\"https:\/\/familywines.cetrexmarketing.com\/#website\"},\"primaryImageOfPage\":{\"@id\":\"https:\/\/familywines.cetrexmarketing.com\/producto\/partida-bellvisos-2007-mg-3\/#primaryimage\"},\"datePublished\":\"2021-04-26T13:08:07+00:00\",\"dateModified\":\"2021-04-26T13:08:07+00:00\",\"breadcrumb\":{\"@id\":\"https:\/\/familywines.cetrexmarketing.com\/producto\/partida-bellvisos-2007-mg-3\/#breadcrumb\"},\"inLanguage\":\"en-US\",\"potentialAction\":[{\"@type\":\"ReadAction\",\"target\":[\"https:\/\/familywines.cetrexmarketing.com\/producto\/partida-bellvisos-2007-mg-3\/\"]}]},{\"@type\":\"BreadcrumbList\",\"@id\":\"https:\/\/familywines.cetrexmarketing.com\/producto\/partida-bellvisos-2007-mg-3\/#breadcrumb\",\"itemListElement\":[{\"@type\":\"ListItem\",\"position\":1,\"name\":\"Home\",\"item\":\"https:\/\/familywines.cetrexmarketing.com\/en\/test\/\"},{\"@type\":\"ListItem\",\"position\":2,\"name\":\"Tienda\",\"item\":\"https:\/\/familywines.cetrexmarketing.com\/tienda\/\"},{\"@type\":\"ListItem\",\"position\":3,\"name\":\"Partida Bellvisos 2007 1,5 lit.\"}]}]}<\/script>\n<!-- \/ Yoast SEO plugin. -->","yoast_head_json":{"title":"Partida Bellvisos 2007 1,5 lit. - Family Wines","robots":{"index":"noindex","follow":"follow","max-snippet":"max-snippet:-1","max-image-preview":"max-image-preview:large","max-video-preview":"max-video-preview:-1"},"og_locale":"en_US","og_type":"article","og_title":"Partida Bellvisos 2007 1,5 lit. - Family Wines","og_description":"Despu\u00e9s de casi 15 a\u00f1os, servimos la a\u00f1ada 2007. Es una a\u00f1ada especialmente buena para nosotros, nos da calidez en nariz pero el vino se muestra\u00a0muy tenso en boca y,\u00a0a pesar del tiempo que tiene,\u00a0augura mucho potencial de envejecimiento. Laderas de Cari\u00f1ena y Garnacha peluda vieja trabajadas desde el principio siguiendo los par\u00e1metros de la&hellip;","og_url":"https:\/\/familywines.cetrexmarketing.com\/producto\/partida-bellvisos-2007-mg-3\/","og_site_name":"Family Wines","twitter_card":"summary_large_image","twitter_misc":{"Est. reading time":"1 minute"},"schema":{"@context":"https:\/\/schema.org","@graph":[{"@type":"WebSite","@id":"https:\/\/familywines.cetrexmarketing.com\/#website","url":"https:\/\/familywines.cetrexmarketing.com\/","name":"Family Wines","description":"","potentialAction":[{"@type":"SearchAction","target":{"@type":"EntryPoint","urlTemplate":"https:\/\/familywines.cetrexmarketing.com\/?s={search_term_string}"},"query-input":"required name=search_term_string"}],"inLanguage":"en-US"},{"@type":"ImageObject","inLanguage":"en-US","@id":"https:\/\/familywines.cetrexmarketing.com\/producto\/partida-bellvisos-2007-mg-3\/#primaryimage","url":"https:\/\/familywines.cetrexmarketing.com\/wp-content\/uploads\/2021\/04\/185-thickbox_default-Partida-Bellvisos-2007-15-lit.jpg","contentUrl":"https:\/\/familywines.cetrexmarketing.com\/wp-content\/uploads\/2021\/04\/185-thickbox_default-Partida-Bellvisos-2007-15-lit.jpg","width":700,"height":800},{"@type":"WebPage","@id":"https:\/\/familywines.cetrexmarketing.com\/producto\/partida-bellvisos-2007-mg-3\/#webpage","url":"https:\/\/familywines.cetrexmarketing.com\/producto\/partida-bellvisos-2007-mg-3\/","name":"Partida Bellvisos 2007 1,5 lit. - Family Wines","isPartOf":{"@id":"https:\/\/familywines.cetrexmarketing.com\/#website"},"primaryImageOfPage":{"@id":"https:\/\/familywines.cetrexmarketing.com\/producto\/partida-bellvisos-2007-mg-3\/#primaryimage"},"datePublished":"2021-04-26T13:08:07+00:00","dateModified":"2021-04-26T13:08:07+00:00","breadcrumb":{"@id":"https:\/\/familywines.cetrexmarketing.com\/producto\/partida-bellvisos-2007-mg-3\/#breadcrumb"},"inLanguage":"en-US","potentialAction":[{"@type":"ReadAction","target":["https:\/\/familywines.cetrexmarketing.com\/producto\/partida-bellvisos-2007-mg-3\/"]}]},{"@type":"BreadcrumbList","@id":"https:\/\/familywines.cetrexmarketing.com\/producto\/partida-bellvisos-2007-mg-3\/#breadcrumb","itemListElement":[{"@type":"ListItem","position":1,"name":"Home","item":"https:\/\/familywines.cetrexmarketing.com\/en\/test\/"},{"@type":"ListItem","position":2,"name":"Tienda","item":"https:\/\/familywines.cetrexmarketing.com\/tienda\/"},{"@type":"ListItem","position":3,"name":"Partida Bellvisos 2007 1,5 lit."}]}]}},"_links":{"self":[{"href":"https:\/\/familywines.cetrexmarketing.com\/en\/wp-json\/wp\/v2\/product\/1154"}],"collection":[{"href":"https:\/\/familywines.cetrexmarketing.com\/en\/wp-json\/wp\/v2\/product"}],"about":[{"href":"https:\/\/familywines.cetrexmarketing.com\/en\/wp-json\/wp\/v2\/types\/product"}],"replies":[{"embeddable":true,"href":"https:\/\/familywines.cetrexmarketing.com\/en\/wp-json\/wp\/v2\/comments?post=1154"}],"wp:featuredmedia":[{"embeddable":true,"href":"https:\/\/familywines.cetrexmarketing.com\/en\/wp-json\/wp\/v2\/media\/834"}],"wp:attachment":[{"href":"https:\/\/familywines.cetrexmarketing.com\/en\/wp-json\/wp\/v2\/media?parent=1154"}],"wp:term":[{"taxonomy":"product_cat","embeddable":true,"href":"https:\/\/familywines.cetrexmarketing.com\/en\/wp-json\/wp\/v2\/product_cat?post=1154"},{"taxonomy":"product_tag","embeddable":true,"href":"https:\/\/familywines.cetrexmarketing.com\/en\/wp-json\/wp\/v2\/product_tag?post=1154"}],"curies":[{"name":"wp","href":"https:\/\/api.w.org\/{rel}","templated":true}]}}