{"id":1169,"date":"2021-04-26T13:08:07","date_gmt":"2021-04-26T13:08:07","guid":{"rendered":"https:\/\/familywines.cetrexmarketing.com\/producto\/dido-blanc-2020-3\/"},"modified":"2021-04-26T13:08:07","modified_gmt":"2021-04-26T13:08:07","slug":"dido-blanc-2020-3","status":"publish","type":"product","link":"https:\/\/familywines.cetrexmarketing.com\/en\/producto\/dido-blanc-2020-3\/","title":{"rendered":"Dido blanc 2020"},"content":{"rendered":"<p>Este vino es fruto de un deseo, de una intuici\u00f3n. Fieles a la trayectoria de ir recuperando parte de nuestra historia, de nuestra tradici\u00f3n, quisimos hacer un vino blanco mediterr\u00e1neo de variedades locales: Garnacha blanca, Macabeo (Viura) y Cartoix\u00e0 (Xarel\u00b7lo). La voluptuosidad, la elegancia y la rectitud&#8230; Palabras mayores.<\/p>\n<p>Ha fermentado en madera, con levaduras no seleccionadas, que han sido las responsables de una fermentaci\u00f3n alcoh\u00f3lica que ha durado&#8230; \u00a110 meses! Un gran vino blanco mediterr\u00e1neo de guarda.<\/p>\n","protected":false},"excerpt":{"rendered":"<p>Este vino es fruto de un deseo, de una intuici\u00f3n. Fieles a la trayectoria de ir recuperando parte de nuestra historia, de nuestra tradici\u00f3n, quisimos hacer un vino blanco mediterr\u00e1neo de variedades locales: Garnacha blanca, Macabeo (Viura) y Cartoix\u00e0 (Xarel\u00b7lo). La voluptuosidad, la elegancia y la rectitud&#8230; Palabras mayores. Ha fermentado en madera, con levaduras&hellip;<\/p>\n","protected":false},"featured_media":1165,"comment_status":"open","ping_status":"closed","template":"","meta":[],"product_cat":[239,209,218,164,215,200],"product_tag":[],"yoast_head":"<!-- This site is optimized with the Yoast SEO plugin v19.1 - https:\/\/yoast.com\/wordpress\/plugins\/seo\/ -->\n<title>Dido blanc 2020 - Family Wines<\/title>\n<meta name=\"robots\" content=\"noindex, follow, max-snippet:-1, max-image-preview:large, max-video-preview:-1\" \/>\n<meta property=\"og:locale\" content=\"en_US\" \/>\n<meta property=\"og:type\" content=\"article\" \/>\n<meta property=\"og:title\" content=\"Dido blanc 2020 - Family Wines\" \/>\n<meta property=\"og:description\" content=\"Este vino es fruto de un deseo, de una intuici\u00f3n. Fieles a la trayectoria de ir recuperando parte de nuestra historia, de nuestra tradici\u00f3n, quisimos hacer un vino blanco mediterr\u00e1neo de variedades locales: Garnacha blanca, Macabeo (Viura) y Cartoix\u00e0 (Xarel\u00b7lo). La voluptuosidad, la elegancia y la rectitud&#8230; Palabras mayores. Ha fermentado en madera, con levaduras&hellip;\" \/>\n<meta property=\"og:url\" content=\"https:\/\/familywines.cetrexmarketing.com\/producto\/dido-blanc-2020-3\/\" \/>\n<meta property=\"og:site_name\" content=\"Family Wines\" \/>\n<meta name=\"twitter:card\" content=\"summary_large_image\" \/>\n<script type=\"application\/ld+json\" class=\"yoast-schema-graph\">{\"@context\":\"https:\/\/schema.org\",\"@graph\":[{\"@type\":\"WebSite\",\"@id\":\"https:\/\/familywines.cetrexmarketing.com\/#website\",\"url\":\"https:\/\/familywines.cetrexmarketing.com\/\",\"name\":\"Family Wines\",\"description\":\"\",\"potentialAction\":[{\"@type\":\"SearchAction\",\"target\":{\"@type\":\"EntryPoint\",\"urlTemplate\":\"https:\/\/familywines.cetrexmarketing.com\/?s={search_term_string}\"},\"query-input\":\"required name=search_term_string\"}],\"inLanguage\":\"en-US\"},{\"@type\":\"ImageObject\",\"inLanguage\":\"en-US\",\"@id\":\"https:\/\/familywines.cetrexmarketing.com\/producto\/dido-blanc-2020-3\/#primaryimage\",\"url\":\"https:\/\/familywines.cetrexmarketing.com\/wp-content\/uploads\/2021\/04\/298-thickbox_default-Dido-blanc-2019.jpg\",\"contentUrl\":\"https:\/\/familywines.cetrexmarketing.com\/wp-content\/uploads\/2021\/04\/298-thickbox_default-Dido-blanc-2019.jpg\",\"width\":700,\"height\":800,\"caption\":\"Dido blanc 2019\"},{\"@type\":\"WebPage\",\"@id\":\"https:\/\/familywines.cetrexmarketing.com\/producto\/dido-blanc-2020-3\/#webpage\",\"url\":\"https:\/\/familywines.cetrexmarketing.com\/producto\/dido-blanc-2020-3\/\",\"name\":\"Dido blanc 2020 - Family Wines\",\"isPartOf\":{\"@id\":\"https:\/\/familywines.cetrexmarketing.com\/#website\"},\"primaryImageOfPage\":{\"@id\":\"https:\/\/familywines.cetrexmarketing.com\/producto\/dido-blanc-2020-3\/#primaryimage\"},\"datePublished\":\"2021-04-26T13:08:07+00:00\",\"dateModified\":\"2021-04-26T13:08:07+00:00\",\"breadcrumb\":{\"@id\":\"https:\/\/familywines.cetrexmarketing.com\/producto\/dido-blanc-2020-3\/#breadcrumb\"},\"inLanguage\":\"en-US\",\"potentialAction\":[{\"@type\":\"ReadAction\",\"target\":[\"https:\/\/familywines.cetrexmarketing.com\/producto\/dido-blanc-2020-3\/\"]}]},{\"@type\":\"BreadcrumbList\",\"@id\":\"https:\/\/familywines.cetrexmarketing.com\/producto\/dido-blanc-2020-3\/#breadcrumb\",\"itemListElement\":[{\"@type\":\"ListItem\",\"position\":1,\"name\":\"Home\",\"item\":\"https:\/\/familywines.cetrexmarketing.com\/en\/test\/\"},{\"@type\":\"ListItem\",\"position\":2,\"name\":\"Tienda\",\"item\":\"https:\/\/familywines.cetrexmarketing.com\/tienda\/\"},{\"@type\":\"ListItem\",\"position\":3,\"name\":\"Dido blanc 2020\"}]}]}<\/script>\n<!-- \/ Yoast SEO plugin. -->","yoast_head_json":{"title":"Dido blanc 2020 - Family Wines","robots":{"index":"noindex","follow":"follow","max-snippet":"max-snippet:-1","max-image-preview":"max-image-preview:large","max-video-preview":"max-video-preview:-1"},"og_locale":"en_US","og_type":"article","og_title":"Dido blanc 2020 - Family Wines","og_description":"Este vino es fruto de un deseo, de una intuici\u00f3n. Fieles a la trayectoria de ir recuperando parte de nuestra historia, de nuestra tradici\u00f3n, quisimos hacer un vino blanco mediterr\u00e1neo de variedades locales: Garnacha blanca, Macabeo (Viura) y Cartoix\u00e0 (Xarel\u00b7lo). La voluptuosidad, la elegancia y la rectitud&#8230; Palabras mayores. Ha fermentado en madera, con levaduras&hellip;","og_url":"https:\/\/familywines.cetrexmarketing.com\/producto\/dido-blanc-2020-3\/","og_site_name":"Family Wines","twitter_card":"summary_large_image","schema":{"@context":"https:\/\/schema.org","@graph":[{"@type":"WebSite","@id":"https:\/\/familywines.cetrexmarketing.com\/#website","url":"https:\/\/familywines.cetrexmarketing.com\/","name":"Family Wines","description":"","potentialAction":[{"@type":"SearchAction","target":{"@type":"EntryPoint","urlTemplate":"https:\/\/familywines.cetrexmarketing.com\/?s={search_term_string}"},"query-input":"required name=search_term_string"}],"inLanguage":"en-US"},{"@type":"ImageObject","inLanguage":"en-US","@id":"https:\/\/familywines.cetrexmarketing.com\/producto\/dido-blanc-2020-3\/#primaryimage","url":"https:\/\/familywines.cetrexmarketing.com\/wp-content\/uploads\/2021\/04\/298-thickbox_default-Dido-blanc-2019.jpg","contentUrl":"https:\/\/familywines.cetrexmarketing.com\/wp-content\/uploads\/2021\/04\/298-thickbox_default-Dido-blanc-2019.jpg","width":700,"height":800,"caption":"Dido blanc 2019"},{"@type":"WebPage","@id":"https:\/\/familywines.cetrexmarketing.com\/producto\/dido-blanc-2020-3\/#webpage","url":"https:\/\/familywines.cetrexmarketing.com\/producto\/dido-blanc-2020-3\/","name":"Dido blanc 2020 - Family Wines","isPartOf":{"@id":"https:\/\/familywines.cetrexmarketing.com\/#website"},"primaryImageOfPage":{"@id":"https:\/\/familywines.cetrexmarketing.com\/producto\/dido-blanc-2020-3\/#primaryimage"},"datePublished":"2021-04-26T13:08:07+00:00","dateModified":"2021-04-26T13:08:07+00:00","breadcrumb":{"@id":"https:\/\/familywines.cetrexmarketing.com\/producto\/dido-blanc-2020-3\/#breadcrumb"},"inLanguage":"en-US","potentialAction":[{"@type":"ReadAction","target":["https:\/\/familywines.cetrexmarketing.com\/producto\/dido-blanc-2020-3\/"]}]},{"@type":"BreadcrumbList","@id":"https:\/\/familywines.cetrexmarketing.com\/producto\/dido-blanc-2020-3\/#breadcrumb","itemListElement":[{"@type":"ListItem","position":1,"name":"Home","item":"https:\/\/familywines.cetrexmarketing.com\/en\/test\/"},{"@type":"ListItem","position":2,"name":"Tienda","item":"https:\/\/familywines.cetrexmarketing.com\/tienda\/"},{"@type":"ListItem","position":3,"name":"Dido blanc 2020"}]}]}},"_links":{"self":[{"href":"https:\/\/familywines.cetrexmarketing.com\/en\/wp-json\/wp\/v2\/product\/1169"}],"collection":[{"href":"https:\/\/familywines.cetrexmarketing.com\/en\/wp-json\/wp\/v2\/product"}],"about":[{"href":"https:\/\/familywines.cetrexmarketing.com\/en\/wp-json\/wp\/v2\/types\/product"}],"replies":[{"embeddable":true,"href":"https:\/\/familywines.cetrexmarketing.com\/en\/wp-json\/wp\/v2\/comments?post=1169"}],"wp:featuredmedia":[{"embeddable":true,"href":"https:\/\/familywines.cetrexmarketing.com\/en\/wp-json\/wp\/v2\/media\/1165"}],"wp:attachment":[{"href":"https:\/\/familywines.cetrexmarketing.com\/en\/wp-json\/wp\/v2\/media?parent=1169"}],"wp:term":[{"taxonomy":"product_cat","embeddable":true,"href":"https:\/\/familywines.cetrexmarketing.com\/en\/wp-json\/wp\/v2\/product_cat?post=1169"},{"taxonomy":"product_tag","embeddable":true,"href":"https:\/\/familywines.cetrexmarketing.com\/en\/wp-json\/wp\/v2\/product_tag?post=1169"}],"curies":[{"name":"wp","href":"https:\/\/api.w.org\/{rel}","templated":true}]}}