{"id":1187,"date":"2021-04-26T13:08:07","date_gmt":"2021-04-26T13:08:07","guid":{"rendered":"https:\/\/familywines.cetrexmarketing.com\/producto\/venus-figuera-2017-3\/"},"modified":"2021-04-26T13:08:07","modified_gmt":"2021-04-26T13:08:07","slug":"venus-figuera-2017-3","status":"publish","type":"product","link":"https:\/\/familywines.cetrexmarketing.com\/en\/producto\/venus-figuera-2017-3\/","title":{"rendered":"Venus de la Figuera 2017"},"content":{"rendered":"<p>El pueblo de la Figuera es un pueblo donde solo se encuentran Garnachas tintes en fincas que van desde los 380m a los 600m de altitud. La mayor\u00eda de las fincas pertenecen a la Cooperativa de la Figuera que, en estos momentos, est\u00e1 formada por 3 viticultores. Venus la Universal colabora con ellos para ayudarles con el proyecto cooperativo y, a cambio, arrienda una de sus fincas m\u00e1s altas. Venus de la Figuera es un proyecto \u00fanico y m\u00e1gico. Siguiendo con la b\u00fasqueda de la feminidad y la tierra.<\/p>\n<p>La finca del <em>Guix\u00e0<\/em>, es una finca de suelo argilocalc\u00e1reo blanco situada a 600 metros de altitud. Esta altitud junto con el suelo produce una Garnacha muy fina, de menos estructura pero con una acidez muy pronunciada. La finca est\u00e1 coronada por una balsa enorme de la comunidad de regantes. Gracias a Lily Brick, su pared de cemento se ha convertido en un cuadro de <em>rural <\/em>art de belleza infinita. Una Venus de ojos penetrantes que invita a la reflexi\u00f3n, a la pausa, al di\u00e1logo con la naturaleza y con el vino. Una Venus que despu\u00e9s tendremos tambi\u00e9n en la botella en forma de etiqueta.<\/p>\n","protected":false},"excerpt":{"rendered":"<p><span>El pueblo de la Figuera es un poble donde solo se encuentran garnachas tintas en fincas que van desde los 380 m a los 600 m de altura. Nuestra finca es una de las m\u00e1s altas y conseguimos, con ello,\u00a0 una garnacha muy fina de menos estructura pero con una acidez muy pronunciada. Es un proyecto \u00fanico y m\u00e1gico.\u00a0 Siguiendo con la b\u00fasqueda de la feminidad y la tierra.<\/span><\/p>\n","protected":false},"featured_media":852,"comment_status":"open","ping_status":"closed","template":"","meta":[],"product_cat":[239,161,218,188,164,215,200],"product_tag":[],"yoast_head":"<!-- This site is optimized with the Yoast SEO plugin v19.1 - https:\/\/yoast.com\/wordpress\/plugins\/seo\/ -->\n<title>Venus de la Figuera 2017 - Family Wines<\/title>\n<meta name=\"robots\" content=\"noindex, follow, max-snippet:-1, max-image-preview:large, max-video-preview:-1\" \/>\n<meta property=\"og:locale\" content=\"en_US\" \/>\n<meta property=\"og:type\" content=\"article\" \/>\n<meta property=\"og:title\" content=\"Venus de la Figuera 2017 - Family Wines\" \/>\n<meta property=\"og:description\" content=\"El pueblo de la Figuera es un poble donde solo se encuentran garnachas tintas en fincas que van desde los 380 m a los 600 m de altura. Nuestra finca es una de las m\u00e1s altas y conseguimos, con ello,\u00a0 una garnacha muy fina de menos estructura pero con una acidez muy pronunciada. Es un proyecto \u00fanico y m\u00e1gico.\u00a0 Siguiendo con la b\u00fasqueda de la feminidad y la tierra.\" \/>\n<meta property=\"og:url\" content=\"https:\/\/familywines.cetrexmarketing.com\/producto\/venus-figuera-2017-3\/\" \/>\n<meta property=\"og:site_name\" content=\"Family Wines\" \/>\n<meta name=\"twitter:card\" content=\"summary_large_image\" \/>\n<meta name=\"twitter:label1\" content=\"Est. reading time\" \/>\n\t<meta name=\"twitter:data1\" content=\"1 minute\" \/>\n<script type=\"application\/ld+json\" class=\"yoast-schema-graph\">{\"@context\":\"https:\/\/schema.org\",\"@graph\":[{\"@type\":\"WebSite\",\"@id\":\"https:\/\/familywines.cetrexmarketing.com\/#website\",\"url\":\"https:\/\/familywines.cetrexmarketing.com\/\",\"name\":\"Family Wines\",\"description\":\"\",\"potentialAction\":[{\"@type\":\"SearchAction\",\"target\":{\"@type\":\"EntryPoint\",\"urlTemplate\":\"https:\/\/familywines.cetrexmarketing.com\/?s={search_term_string}\"},\"query-input\":\"required name=search_term_string\"}],\"inLanguage\":\"en-US\"},{\"@type\":\"ImageObject\",\"inLanguage\":\"en-US\",\"@id\":\"https:\/\/familywines.cetrexmarketing.com\/producto\/venus-figuera-2017-3\/#primaryimage\",\"url\":\"https:\/\/familywines.cetrexmarketing.com\/wp-content\/uploads\/2021\/04\/202-thickbox_default-Venus-de-la-Figuera-2017.jpg\",\"contentUrl\":\"https:\/\/familywines.cetrexmarketing.com\/wp-content\/uploads\/2021\/04\/202-thickbox_default-Venus-de-la-Figuera-2017.jpg\",\"width\":700,\"height\":800},{\"@type\":\"WebPage\",\"@id\":\"https:\/\/familywines.cetrexmarketing.com\/producto\/venus-figuera-2017-3\/#webpage\",\"url\":\"https:\/\/familywines.cetrexmarketing.com\/producto\/venus-figuera-2017-3\/\",\"name\":\"Venus de la Figuera 2017 - Family Wines\",\"isPartOf\":{\"@id\":\"https:\/\/familywines.cetrexmarketing.com\/#website\"},\"primaryImageOfPage\":{\"@id\":\"https:\/\/familywines.cetrexmarketing.com\/producto\/venus-figuera-2017-3\/#primaryimage\"},\"datePublished\":\"2021-04-26T13:08:07+00:00\",\"dateModified\":\"2021-04-26T13:08:07+00:00\",\"breadcrumb\":{\"@id\":\"https:\/\/familywines.cetrexmarketing.com\/producto\/venus-figuera-2017-3\/#breadcrumb\"},\"inLanguage\":\"en-US\",\"potentialAction\":[{\"@type\":\"ReadAction\",\"target\":[\"https:\/\/familywines.cetrexmarketing.com\/producto\/venus-figuera-2017-3\/\"]}]},{\"@type\":\"BreadcrumbList\",\"@id\":\"https:\/\/familywines.cetrexmarketing.com\/producto\/venus-figuera-2017-3\/#breadcrumb\",\"itemListElement\":[{\"@type\":\"ListItem\",\"position\":1,\"name\":\"Home\",\"item\":\"https:\/\/familywines.cetrexmarketing.com\/en\/test\/\"},{\"@type\":\"ListItem\",\"position\":2,\"name\":\"Tienda\",\"item\":\"https:\/\/familywines.cetrexmarketing.com\/tienda\/\"},{\"@type\":\"ListItem\",\"position\":3,\"name\":\"Venus de la Figuera 2017\"}]}]}<\/script>\n<!-- \/ Yoast SEO plugin. -->","yoast_head_json":{"title":"Venus de la Figuera 2017 - Family Wines","robots":{"index":"noindex","follow":"follow","max-snippet":"max-snippet:-1","max-image-preview":"max-image-preview:large","max-video-preview":"max-video-preview:-1"},"og_locale":"en_US","og_type":"article","og_title":"Venus de la Figuera 2017 - Family Wines","og_description":"El pueblo de la Figuera es un poble donde solo se encuentran garnachas tintas en fincas que van desde los 380 m a los 600 m de altura. Nuestra finca es una de las m\u00e1s altas y conseguimos, con ello,\u00a0 una garnacha muy fina de menos estructura pero con una acidez muy pronunciada. Es un proyecto \u00fanico y m\u00e1gico.\u00a0 Siguiendo con la b\u00fasqueda de la feminidad y la tierra.","og_url":"https:\/\/familywines.cetrexmarketing.com\/producto\/venus-figuera-2017-3\/","og_site_name":"Family Wines","twitter_card":"summary_large_image","twitter_misc":{"Est. reading time":"1 minute"},"schema":{"@context":"https:\/\/schema.org","@graph":[{"@type":"WebSite","@id":"https:\/\/familywines.cetrexmarketing.com\/#website","url":"https:\/\/familywines.cetrexmarketing.com\/","name":"Family Wines","description":"","potentialAction":[{"@type":"SearchAction","target":{"@type":"EntryPoint","urlTemplate":"https:\/\/familywines.cetrexmarketing.com\/?s={search_term_string}"},"query-input":"required name=search_term_string"}],"inLanguage":"en-US"},{"@type":"ImageObject","inLanguage":"en-US","@id":"https:\/\/familywines.cetrexmarketing.com\/producto\/venus-figuera-2017-3\/#primaryimage","url":"https:\/\/familywines.cetrexmarketing.com\/wp-content\/uploads\/2021\/04\/202-thickbox_default-Venus-de-la-Figuera-2017.jpg","contentUrl":"https:\/\/familywines.cetrexmarketing.com\/wp-content\/uploads\/2021\/04\/202-thickbox_default-Venus-de-la-Figuera-2017.jpg","width":700,"height":800},{"@type":"WebPage","@id":"https:\/\/familywines.cetrexmarketing.com\/producto\/venus-figuera-2017-3\/#webpage","url":"https:\/\/familywines.cetrexmarketing.com\/producto\/venus-figuera-2017-3\/","name":"Venus de la Figuera 2017 - Family Wines","isPartOf":{"@id":"https:\/\/familywines.cetrexmarketing.com\/#website"},"primaryImageOfPage":{"@id":"https:\/\/familywines.cetrexmarketing.com\/producto\/venus-figuera-2017-3\/#primaryimage"},"datePublished":"2021-04-26T13:08:07+00:00","dateModified":"2021-04-26T13:08:07+00:00","breadcrumb":{"@id":"https:\/\/familywines.cetrexmarketing.com\/producto\/venus-figuera-2017-3\/#breadcrumb"},"inLanguage":"en-US","potentialAction":[{"@type":"ReadAction","target":["https:\/\/familywines.cetrexmarketing.com\/producto\/venus-figuera-2017-3\/"]}]},{"@type":"BreadcrumbList","@id":"https:\/\/familywines.cetrexmarketing.com\/producto\/venus-figuera-2017-3\/#breadcrumb","itemListElement":[{"@type":"ListItem","position":1,"name":"Home","item":"https:\/\/familywines.cetrexmarketing.com\/en\/test\/"},{"@type":"ListItem","position":2,"name":"Tienda","item":"https:\/\/familywines.cetrexmarketing.com\/tienda\/"},{"@type":"ListItem","position":3,"name":"Venus de la Figuera 2017"}]}]}},"_links":{"self":[{"href":"https:\/\/familywines.cetrexmarketing.com\/en\/wp-json\/wp\/v2\/product\/1187"}],"collection":[{"href":"https:\/\/familywines.cetrexmarketing.com\/en\/wp-json\/wp\/v2\/product"}],"about":[{"href":"https:\/\/familywines.cetrexmarketing.com\/en\/wp-json\/wp\/v2\/types\/product"}],"replies":[{"embeddable":true,"href":"https:\/\/familywines.cetrexmarketing.com\/en\/wp-json\/wp\/v2\/comments?post=1187"}],"wp:featuredmedia":[{"embeddable":true,"href":"https:\/\/familywines.cetrexmarketing.com\/en\/wp-json\/wp\/v2\/media\/852"}],"wp:attachment":[{"href":"https:\/\/familywines.cetrexmarketing.com\/en\/wp-json\/wp\/v2\/media?parent=1187"}],"wp:term":[{"taxonomy":"product_cat","embeddable":true,"href":"https:\/\/familywines.cetrexmarketing.com\/en\/wp-json\/wp\/v2\/product_cat?post=1187"},{"taxonomy":"product_tag","embeddable":true,"href":"https:\/\/familywines.cetrexmarketing.com\/en\/wp-json\/wp\/v2\/product_tag?post=1187"}],"curies":[{"name":"wp","href":"https:\/\/api.w.org\/{rel}","templated":true}]}}