{"id":1208,"date":"2021-04-26T13:08:07","date_gmt":"2021-04-26T13:08:07","guid":{"rendered":"https:\/\/familywines.cetrexmarketing.com\/producto\/venus-carenyana-deveses-2009-mg-3\/"},"modified":"2021-04-26T13:08:07","modified_gmt":"2021-04-26T13:08:07","slug":"venus-carenyana-deveses-2009-mg-3","status":"publish","type":"product","link":"https:\/\/familywines.cetrexmarketing.com\/en\/producto\/venus-carenyana-deveses-2009-mg-3\/","title":{"rendered":"Venus especial Carenyana Deveses 2009 1,5 lit."},"content":{"rendered":"<p><span>Venus Deveses es 100% cari\u00f1ena (de 50 a 80 a\u00f1os) proveniente de una finca situada en el tri\u00e1ngulo entre Falset, Bellmunt y Mar\u00e7\u00e0. Es una parte muy caliente de la DO Montsant y de suelo calc\u00e1reo.<\/span><\/p>\n<p><span>Los especiales de Venus son el resultado de querer conocer los l\u00edmites de cada una de las fincas que lo integran. Quer\u00edamos conocer el potencial de la uva buscando su m\u00e1xima expresi\u00f3n. En un principio, los especiales no estaban destinados al mercado pero debido a su evoluci\u00f3n y al resultado inesperado obtenido, hemos querido compartirlos con algunos amigos.<\/span><\/p>\n<p><span>La uva se vendimia, se selecciona, se despalilla y se vinifica por separado. Fermenta con levadura aut\u00f3ctona, con ligeros bazuqueos durante la fermentaci\u00f3n y maceraci\u00f3n que dura entre 28 y 32 d\u00edas. Se vinifica en barricas abiertas de 500 l. y se cr\u00eda en barrica usadas.<\/span><\/p>\n","protected":false},"excerpt":{"rendered":"<p>Venus Deveses es 100% cari\u00f1ena (de 50 a 80 a\u00f1os) proveniente de una finca situada en el tri\u00e1ngulo entre Falset, Bellmunt y Mar\u00e7\u00e0. Es una parte muy caliente de la DO Montsant y de suelo calc\u00e1reo. Los especiales de Venus son el resultado de querer conocer los l\u00edmites de cada una de las fincas que&hellip;<\/p>\n","protected":false},"featured_media":866,"comment_status":"open","ping_status":"closed","template":"","meta":[],"product_cat":[224,218,182,188,164,215,200],"product_tag":[],"yoast_head":"<!-- This site is optimized with the Yoast SEO plugin v19.1 - https:\/\/yoast.com\/wordpress\/plugins\/seo\/ -->\n<title>Venus especial Carenyana Deveses 2009 1,5 lit. - Family Wines<\/title>\n<meta name=\"robots\" content=\"noindex, follow, max-snippet:-1, max-image-preview:large, max-video-preview:-1\" \/>\n<meta property=\"og:locale\" content=\"en_US\" \/>\n<meta property=\"og:type\" content=\"article\" \/>\n<meta property=\"og:title\" content=\"Venus especial Carenyana Deveses 2009 1,5 lit. - Family Wines\" \/>\n<meta property=\"og:description\" content=\"Venus Deveses es 100% cari\u00f1ena (de 50 a 80 a\u00f1os) proveniente de una finca situada en el tri\u00e1ngulo entre Falset, Bellmunt y Mar\u00e7\u00e0. Es una parte muy caliente de la DO Montsant y de suelo calc\u00e1reo. Los especiales de Venus son el resultado de querer conocer los l\u00edmites de cada una de las fincas que&hellip;\" \/>\n<meta property=\"og:url\" content=\"https:\/\/familywines.cetrexmarketing.com\/producto\/venus-carenyana-deveses-2009-mg-3\/\" \/>\n<meta property=\"og:site_name\" content=\"Family Wines\" \/>\n<meta name=\"twitter:card\" content=\"summary_large_image\" \/>\n<meta name=\"twitter:label1\" content=\"Est. reading time\" \/>\n\t<meta name=\"twitter:data1\" content=\"1 minute\" \/>\n<script type=\"application\/ld+json\" class=\"yoast-schema-graph\">{\"@context\":\"https:\/\/schema.org\",\"@graph\":[{\"@type\":\"WebSite\",\"@id\":\"https:\/\/familywines.cetrexmarketing.com\/#website\",\"url\":\"https:\/\/familywines.cetrexmarketing.com\/\",\"name\":\"Family Wines\",\"description\":\"\",\"potentialAction\":[{\"@type\":\"SearchAction\",\"target\":{\"@type\":\"EntryPoint\",\"urlTemplate\":\"https:\/\/familywines.cetrexmarketing.com\/?s={search_term_string}\"},\"query-input\":\"required name=search_term_string\"}],\"inLanguage\":\"en-US\"},{\"@type\":\"ImageObject\",\"inLanguage\":\"en-US\",\"@id\":\"https:\/\/familywines.cetrexmarketing.com\/producto\/venus-carenyana-deveses-2009-mg-3\/#primaryimage\",\"url\":\"https:\/\/familywines.cetrexmarketing.com\/wp-content\/uploads\/2021\/04\/223-thickbox_default-Venus-especial-Carenyana-Deveses-2009-15-lit.jpg\",\"contentUrl\":\"https:\/\/familywines.cetrexmarketing.com\/wp-content\/uploads\/2021\/04\/223-thickbox_default-Venus-especial-Carenyana-Deveses-2009-15-lit.jpg\",\"width\":700,\"height\":800},{\"@type\":\"WebPage\",\"@id\":\"https:\/\/familywines.cetrexmarketing.com\/producto\/venus-carenyana-deveses-2009-mg-3\/#webpage\",\"url\":\"https:\/\/familywines.cetrexmarketing.com\/producto\/venus-carenyana-deveses-2009-mg-3\/\",\"name\":\"Venus especial Carenyana Deveses 2009 1,5 lit. - Family Wines\",\"isPartOf\":{\"@id\":\"https:\/\/familywines.cetrexmarketing.com\/#website\"},\"primaryImageOfPage\":{\"@id\":\"https:\/\/familywines.cetrexmarketing.com\/producto\/venus-carenyana-deveses-2009-mg-3\/#primaryimage\"},\"datePublished\":\"2021-04-26T13:08:07+00:00\",\"dateModified\":\"2021-04-26T13:08:07+00:00\",\"breadcrumb\":{\"@id\":\"https:\/\/familywines.cetrexmarketing.com\/producto\/venus-carenyana-deveses-2009-mg-3\/#breadcrumb\"},\"inLanguage\":\"en-US\",\"potentialAction\":[{\"@type\":\"ReadAction\",\"target\":[\"https:\/\/familywines.cetrexmarketing.com\/producto\/venus-carenyana-deveses-2009-mg-3\/\"]}]},{\"@type\":\"BreadcrumbList\",\"@id\":\"https:\/\/familywines.cetrexmarketing.com\/producto\/venus-carenyana-deveses-2009-mg-3\/#breadcrumb\",\"itemListElement\":[{\"@type\":\"ListItem\",\"position\":1,\"name\":\"Home\",\"item\":\"https:\/\/familywines.cetrexmarketing.com\/en\/test\/\"},{\"@type\":\"ListItem\",\"position\":2,\"name\":\"Tienda\",\"item\":\"https:\/\/familywines.cetrexmarketing.com\/tienda\/\"},{\"@type\":\"ListItem\",\"position\":3,\"name\":\"Venus especial Carenyana Deveses 2009 1,5 lit.\"}]}]}<\/script>\n<!-- \/ Yoast SEO plugin. -->","yoast_head_json":{"title":"Venus especial Carenyana Deveses 2009 1,5 lit. - Family Wines","robots":{"index":"noindex","follow":"follow","max-snippet":"max-snippet:-1","max-image-preview":"max-image-preview:large","max-video-preview":"max-video-preview:-1"},"og_locale":"en_US","og_type":"article","og_title":"Venus especial Carenyana Deveses 2009 1,5 lit. - Family Wines","og_description":"Venus Deveses es 100% cari\u00f1ena (de 50 a 80 a\u00f1os) proveniente de una finca situada en el tri\u00e1ngulo entre Falset, Bellmunt y Mar\u00e7\u00e0. Es una parte muy caliente de la DO Montsant y de suelo calc\u00e1reo. Los especiales de Venus son el resultado de querer conocer los l\u00edmites de cada una de las fincas que&hellip;","og_url":"https:\/\/familywines.cetrexmarketing.com\/producto\/venus-carenyana-deveses-2009-mg-3\/","og_site_name":"Family Wines","twitter_card":"summary_large_image","twitter_misc":{"Est. reading time":"1 minute"},"schema":{"@context":"https:\/\/schema.org","@graph":[{"@type":"WebSite","@id":"https:\/\/familywines.cetrexmarketing.com\/#website","url":"https:\/\/familywines.cetrexmarketing.com\/","name":"Family Wines","description":"","potentialAction":[{"@type":"SearchAction","target":{"@type":"EntryPoint","urlTemplate":"https:\/\/familywines.cetrexmarketing.com\/?s={search_term_string}"},"query-input":"required name=search_term_string"}],"inLanguage":"en-US"},{"@type":"ImageObject","inLanguage":"en-US","@id":"https:\/\/familywines.cetrexmarketing.com\/producto\/venus-carenyana-deveses-2009-mg-3\/#primaryimage","url":"https:\/\/familywines.cetrexmarketing.com\/wp-content\/uploads\/2021\/04\/223-thickbox_default-Venus-especial-Carenyana-Deveses-2009-15-lit.jpg","contentUrl":"https:\/\/familywines.cetrexmarketing.com\/wp-content\/uploads\/2021\/04\/223-thickbox_default-Venus-especial-Carenyana-Deveses-2009-15-lit.jpg","width":700,"height":800},{"@type":"WebPage","@id":"https:\/\/familywines.cetrexmarketing.com\/producto\/venus-carenyana-deveses-2009-mg-3\/#webpage","url":"https:\/\/familywines.cetrexmarketing.com\/producto\/venus-carenyana-deveses-2009-mg-3\/","name":"Venus especial Carenyana Deveses 2009 1,5 lit. - Family Wines","isPartOf":{"@id":"https:\/\/familywines.cetrexmarketing.com\/#website"},"primaryImageOfPage":{"@id":"https:\/\/familywines.cetrexmarketing.com\/producto\/venus-carenyana-deveses-2009-mg-3\/#primaryimage"},"datePublished":"2021-04-26T13:08:07+00:00","dateModified":"2021-04-26T13:08:07+00:00","breadcrumb":{"@id":"https:\/\/familywines.cetrexmarketing.com\/producto\/venus-carenyana-deveses-2009-mg-3\/#breadcrumb"},"inLanguage":"en-US","potentialAction":[{"@type":"ReadAction","target":["https:\/\/familywines.cetrexmarketing.com\/producto\/venus-carenyana-deveses-2009-mg-3\/"]}]},{"@type":"BreadcrumbList","@id":"https:\/\/familywines.cetrexmarketing.com\/producto\/venus-carenyana-deveses-2009-mg-3\/#breadcrumb","itemListElement":[{"@type":"ListItem","position":1,"name":"Home","item":"https:\/\/familywines.cetrexmarketing.com\/en\/test\/"},{"@type":"ListItem","position":2,"name":"Tienda","item":"https:\/\/familywines.cetrexmarketing.com\/tienda\/"},{"@type":"ListItem","position":3,"name":"Venus especial Carenyana Deveses 2009 1,5 lit."}]}]}},"_links":{"self":[{"href":"https:\/\/familywines.cetrexmarketing.com\/en\/wp-json\/wp\/v2\/product\/1208"}],"collection":[{"href":"https:\/\/familywines.cetrexmarketing.com\/en\/wp-json\/wp\/v2\/product"}],"about":[{"href":"https:\/\/familywines.cetrexmarketing.com\/en\/wp-json\/wp\/v2\/types\/product"}],"replies":[{"embeddable":true,"href":"https:\/\/familywines.cetrexmarketing.com\/en\/wp-json\/wp\/v2\/comments?post=1208"}],"wp:featuredmedia":[{"embeddable":true,"href":"https:\/\/familywines.cetrexmarketing.com\/en\/wp-json\/wp\/v2\/media\/866"}],"wp:attachment":[{"href":"https:\/\/familywines.cetrexmarketing.com\/en\/wp-json\/wp\/v2\/media?parent=1208"}],"wp:term":[{"taxonomy":"product_cat","embeddable":true,"href":"https:\/\/familywines.cetrexmarketing.com\/en\/wp-json\/wp\/v2\/product_cat?post=1208"},{"taxonomy":"product_tag","embeddable":true,"href":"https:\/\/familywines.cetrexmarketing.com\/en\/wp-json\/wp\/v2\/product_tag?post=1208"}],"curies":[{"name":"wp","href":"https:\/\/api.w.org\/{rel}","templated":true}]}}