{"id":1251,"date":"2021-09-29T11:20:02","date_gmt":"2021-09-29T11:20:02","guid":{"rendered":"https:\/\/familywines.cetrexmarketing.com\/producto\/samarreta-mas-martinet-verema-2017\/"},"modified":"2021-09-29T11:20:02","modified_gmt":"2021-09-29T11:20:02","slug":"samarreta-mas-martinet-verema-2017","status":"publish","type":"product","link":"https:\/\/familywines.cetrexmarketing.com\/en\/producto\/samarreta-mas-martinet-verema-2017\/","title":{"rendered":"Samarreta Mas Martinet verema 2017"},"content":{"rendered":"<p style=\"text-align:left;\">Al pas, al trot, al galop. Verema 2017. Contains Brett<\/p>\n<p style=\"text-align:left;\">Una anyada complicada al celler perqu\u00e8 vam patir alguna que altra infecci\u00f3 de brettanomices. Els\u00a0popularment anomenats &#8220;Brett&#8221; s\u00f3n unes bact\u00e8ries responsables de les olors animals (un defecte del vi) i un cop hi s\u00f3n es reprodueixen amb molta facilitat i rapidesa.\u00a0<\/p>\n<p style=\"text-align:left;\">\n","protected":false},"excerpt":{"rendered":"<p>Al pas, al trot, al galop. Verema 2017. Contains Brett Una anyada complicada al celler perqu\u00e8 vam patir alguna que altra infecci\u00f3 de brettanomices. Els\u00a0popularment anomenats &#8220;Brett&#8221; s\u00f3n unes bact\u00e8ries responsables de les olors animals (un defecte del vi) i un cop hi s\u00f3n es reprodueixen amb molta facilitat i rapidesa.\u00a0<\/p>\n","protected":false},"featured_media":882,"comment_status":"open","ping_status":"closed","template":"","meta":[],"product_cat":[237,192,156,195,162],"product_tag":[],"yoast_head":"<!-- This site is optimized with the Yoast SEO plugin v19.1 - https:\/\/yoast.com\/wordpress\/plugins\/seo\/ -->\n<title>Samarreta Mas Martinet verema 2017 - Family Wines<\/title>\n<meta name=\"robots\" content=\"noindex, follow, max-snippet:-1, max-image-preview:large, max-video-preview:-1\" \/>\n<meta property=\"og:locale\" content=\"en_US\" \/>\n<meta property=\"og:type\" content=\"article\" \/>\n<meta property=\"og:title\" content=\"Samarreta Mas Martinet verema 2017 - Family Wines\" \/>\n<meta property=\"og:description\" content=\"Al pas, al trot, al galop. Verema 2017. Contains Brett Una anyada complicada al celler perqu\u00e8 vam patir alguna que altra infecci\u00f3 de brettanomices. Els\u00a0popularment anomenats &#8220;Brett&#8221; s\u00f3n unes bact\u00e8ries responsables de les olors animals (un defecte del vi) i un cop hi s\u00f3n es reprodueixen amb molta facilitat i rapidesa.\u00a0\" \/>\n<meta property=\"og:url\" content=\"https:\/\/familywines.cetrexmarketing.com\/producto\/samarreta-mas-martinet-verema-2017\/\" \/>\n<meta property=\"og:site_name\" content=\"Family Wines\" \/>\n<meta property=\"og:image\" content=\"https:\/\/familywines.cetrexmarketing.com\/wp-content\/uploads\/2021\/09\/265-thickbox_default-Samarreta-Mas-Martinet-verema-2017.jpg\" \/>\n\t<meta property=\"og:image:width\" content=\"700\" \/>\n\t<meta property=\"og:image:height\" content=\"800\" \/>\n\t<meta property=\"og:image:type\" content=\"image\/jpeg\" \/>\n<meta name=\"twitter:card\" content=\"summary_large_image\" \/>\n<script type=\"application\/ld+json\" class=\"yoast-schema-graph\">{\"@context\":\"https:\/\/schema.org\",\"@graph\":[{\"@type\":\"WebSite\",\"@id\":\"https:\/\/familywines.cetrexmarketing.com\/#website\",\"url\":\"https:\/\/familywines.cetrexmarketing.com\/\",\"name\":\"Family Wines\",\"description\":\"\",\"potentialAction\":[{\"@type\":\"SearchAction\",\"target\":{\"@type\":\"EntryPoint\",\"urlTemplate\":\"https:\/\/familywines.cetrexmarketing.com\/?s={search_term_string}\"},\"query-input\":\"required name=search_term_string\"}],\"inLanguage\":\"en-US\"},{\"@type\":\"ImageObject\",\"inLanguage\":\"en-US\",\"@id\":\"https:\/\/familywines.cetrexmarketing.com\/producto\/samarreta-mas-martinet-verema-2017\/#primaryimage\",\"url\":\"https:\/\/familywines.cetrexmarketing.com\/wp-content\/uploads\/2021\/09\/265-thickbox_default-Samarreta-Mas-Martinet-verema-2017.jpg\",\"contentUrl\":\"https:\/\/familywines.cetrexmarketing.com\/wp-content\/uploads\/2021\/09\/265-thickbox_default-Samarreta-Mas-Martinet-verema-2017.jpg\",\"width\":700,\"height\":800},{\"@type\":\"WebPage\",\"@id\":\"https:\/\/familywines.cetrexmarketing.com\/producto\/samarreta-mas-martinet-verema-2017\/#webpage\",\"url\":\"https:\/\/familywines.cetrexmarketing.com\/producto\/samarreta-mas-martinet-verema-2017\/\",\"name\":\"Samarreta Mas Martinet verema 2017 - Family Wines\",\"isPartOf\":{\"@id\":\"https:\/\/familywines.cetrexmarketing.com\/#website\"},\"primaryImageOfPage\":{\"@id\":\"https:\/\/familywines.cetrexmarketing.com\/producto\/samarreta-mas-martinet-verema-2017\/#primaryimage\"},\"datePublished\":\"2021-09-29T11:20:02+00:00\",\"dateModified\":\"2021-09-29T11:20:02+00:00\",\"breadcrumb\":{\"@id\":\"https:\/\/familywines.cetrexmarketing.com\/producto\/samarreta-mas-martinet-verema-2017\/#breadcrumb\"},\"inLanguage\":\"en-US\",\"potentialAction\":[{\"@type\":\"ReadAction\",\"target\":[\"https:\/\/familywines.cetrexmarketing.com\/producto\/samarreta-mas-martinet-verema-2017\/\"]}]},{\"@type\":\"BreadcrumbList\",\"@id\":\"https:\/\/familywines.cetrexmarketing.com\/producto\/samarreta-mas-martinet-verema-2017\/#breadcrumb\",\"itemListElement\":[{\"@type\":\"ListItem\",\"position\":1,\"name\":\"Home\",\"item\":\"https:\/\/familywines.cetrexmarketing.com\/en\/test\/\"},{\"@type\":\"ListItem\",\"position\":2,\"name\":\"Tienda\",\"item\":\"https:\/\/familywines.cetrexmarketing.com\/tienda\/\"},{\"@type\":\"ListItem\",\"position\":3,\"name\":\"Samarreta Mas Martinet verema 2017\"}]}]}<\/script>\n<!-- \/ Yoast SEO plugin. -->","yoast_head_json":{"title":"Samarreta Mas Martinet verema 2017 - Family Wines","robots":{"index":"noindex","follow":"follow","max-snippet":"max-snippet:-1","max-image-preview":"max-image-preview:large","max-video-preview":"max-video-preview:-1"},"og_locale":"en_US","og_type":"article","og_title":"Samarreta Mas Martinet verema 2017 - Family Wines","og_description":"Al pas, al trot, al galop. Verema 2017. Contains Brett Una anyada complicada al celler perqu\u00e8 vam patir alguna que altra infecci\u00f3 de brettanomices. Els\u00a0popularment anomenats &#8220;Brett&#8221; s\u00f3n unes bact\u00e8ries responsables de les olors animals (un defecte del vi) i un cop hi s\u00f3n es reprodueixen amb molta facilitat i rapidesa.\u00a0","og_url":"https:\/\/familywines.cetrexmarketing.com\/producto\/samarreta-mas-martinet-verema-2017\/","og_site_name":"Family Wines","og_image":[{"width":700,"height":800,"url":"https:\/\/familywines.cetrexmarketing.com\/wp-content\/uploads\/2021\/09\/265-thickbox_default-Samarreta-Mas-Martinet-verema-2017.jpg","type":"image\/jpeg"}],"twitter_card":"summary_large_image","schema":{"@context":"https:\/\/schema.org","@graph":[{"@type":"WebSite","@id":"https:\/\/familywines.cetrexmarketing.com\/#website","url":"https:\/\/familywines.cetrexmarketing.com\/","name":"Family Wines","description":"","potentialAction":[{"@type":"SearchAction","target":{"@type":"EntryPoint","urlTemplate":"https:\/\/familywines.cetrexmarketing.com\/?s={search_term_string}"},"query-input":"required name=search_term_string"}],"inLanguage":"en-US"},{"@type":"ImageObject","inLanguage":"en-US","@id":"https:\/\/familywines.cetrexmarketing.com\/producto\/samarreta-mas-martinet-verema-2017\/#primaryimage","url":"https:\/\/familywines.cetrexmarketing.com\/wp-content\/uploads\/2021\/09\/265-thickbox_default-Samarreta-Mas-Martinet-verema-2017.jpg","contentUrl":"https:\/\/familywines.cetrexmarketing.com\/wp-content\/uploads\/2021\/09\/265-thickbox_default-Samarreta-Mas-Martinet-verema-2017.jpg","width":700,"height":800},{"@type":"WebPage","@id":"https:\/\/familywines.cetrexmarketing.com\/producto\/samarreta-mas-martinet-verema-2017\/#webpage","url":"https:\/\/familywines.cetrexmarketing.com\/producto\/samarreta-mas-martinet-verema-2017\/","name":"Samarreta Mas Martinet verema 2017 - Family Wines","isPartOf":{"@id":"https:\/\/familywines.cetrexmarketing.com\/#website"},"primaryImageOfPage":{"@id":"https:\/\/familywines.cetrexmarketing.com\/producto\/samarreta-mas-martinet-verema-2017\/#primaryimage"},"datePublished":"2021-09-29T11:20:02+00:00","dateModified":"2021-09-29T11:20:02+00:00","breadcrumb":{"@id":"https:\/\/familywines.cetrexmarketing.com\/producto\/samarreta-mas-martinet-verema-2017\/#breadcrumb"},"inLanguage":"en-US","potentialAction":[{"@type":"ReadAction","target":["https:\/\/familywines.cetrexmarketing.com\/producto\/samarreta-mas-martinet-verema-2017\/"]}]},{"@type":"BreadcrumbList","@id":"https:\/\/familywines.cetrexmarketing.com\/producto\/samarreta-mas-martinet-verema-2017\/#breadcrumb","itemListElement":[{"@type":"ListItem","position":1,"name":"Home","item":"https:\/\/familywines.cetrexmarketing.com\/en\/test\/"},{"@type":"ListItem","position":2,"name":"Tienda","item":"https:\/\/familywines.cetrexmarketing.com\/tienda\/"},{"@type":"ListItem","position":3,"name":"Samarreta Mas Martinet verema 2017"}]}]}},"_links":{"self":[{"href":"https:\/\/familywines.cetrexmarketing.com\/en\/wp-json\/wp\/v2\/product\/1251"}],"collection":[{"href":"https:\/\/familywines.cetrexmarketing.com\/en\/wp-json\/wp\/v2\/product"}],"about":[{"href":"https:\/\/familywines.cetrexmarketing.com\/en\/wp-json\/wp\/v2\/types\/product"}],"replies":[{"embeddable":true,"href":"https:\/\/familywines.cetrexmarketing.com\/en\/wp-json\/wp\/v2\/comments?post=1251"}],"wp:featuredmedia":[{"embeddable":true,"href":"https:\/\/familywines.cetrexmarketing.com\/en\/wp-json\/wp\/v2\/media\/882"}],"wp:attachment":[{"href":"https:\/\/familywines.cetrexmarketing.com\/en\/wp-json\/wp\/v2\/media?parent=1251"}],"wp:term":[{"taxonomy":"product_cat","embeddable":true,"href":"https:\/\/familywines.cetrexmarketing.com\/en\/wp-json\/wp\/v2\/product_cat?post=1251"},{"taxonomy":"product_tag","embeddable":true,"href":"https:\/\/familywines.cetrexmarketing.com\/en\/wp-json\/wp\/v2\/product_tag?post=1251"}],"curies":[{"name":"wp","href":"https:\/\/api.w.org\/{rel}","templated":true}]}}