{"id":1347,"date":"2021-12-16T09:35:28","date_gmt":"2021-12-16T09:35:28","guid":{"rendered":"https:\/\/familywines.cetrexmarketing.com\/producto\/martinet-bru-2020\/"},"modified":"2021-12-16T09:35:28","modified_gmt":"2021-12-16T09:35:28","slug":"martinet-bru-2020","status":"publish","type":"product","link":"https:\/\/familywines.cetrexmarketing.com\/en\/producto\/martinet-bru-2020\/","title":{"rendered":"Martinet Bru 2020"},"content":{"rendered":"<p class=\"Formatolibre\" align=\"center\" style=\"text-align:left;\"><span lang=\"ca\" xml:lang=\"ca\">El cicle vegetatiu de 2020 va comen\u00e7ar amb la pand\u00e8mia. Despr\u00e9s de dubtar durant unes setmanes si pod\u00edem cuidar les nostres plantes, va comen\u00e7ar<span>\u00a0 <\/span>ploure. Hi havia molta humitat els dies que no plovia i vam comen\u00e7ar amb tractaments de cua de cavall. Intu\u00edem el que s\u2019anava apropant. Les temperatures eren c\u00e0lides&#8230; per\u00f2 hi havia una gran sensaci\u00f3 de frescor.<span>\u00a0<\/span><\/span><\/p>\n<p class=\"Formatolibre\" align=\"center\" style=\"text-align:left;\">Al nostre voltant, una desesperaci\u00f3 general per l\u2019afectaci\u00f3 de m\u00edldiu que afectava a la floraci\u00f3, a les fulles&#8230; no era el nostre cas per\u00f2 ens feia plantejar fins a quin punt resistir\u00edem. Vam determinar que no tirar\u00edem molt de coure ni cap producte de s\u00edntesis, que la vida ens portaria all\u00e0 on ens havia de portar.<\/p>\n<p class=\"Formatolibre\" align=\"center\" style=\"text-align:left;\">La planta estava brillant, estupenda. Les vinyes estaven realment boniques, tot i el cert percentatge de afectaci\u00f3 del fong.<\/p>\n<p class=\"Formatolibre\" align=\"center\" style=\"text-align:left;\">Quan va parar de ploure el mes de juny i va venir la calor de veritat, hi va haver un moment d\u2019alegria en el que vam pensar que s\u2019havia acabat l\u2019alarma, que ho hav\u00edem superat. Per\u00f2 sense saber-ho va entrar el Black Rot i vam perdre el ra\u00efm. Setmana a setmana veiem com el ra\u00efm minvava&#8230; No arrib\u00e0vem a totes les feines de vinya, aplicacions de cua de cavall, esperonar, desfullar, desbrossar&#8230;. i vam haver de triar. Les finques de Martinet Bru, les vam deixar pel final i pr\u00e0cticament, les vam perdre. No ten\u00edem prou ra\u00efm, aix\u00ed que vam prendre una altra decisi\u00f3 dif\u00edcil: contactar amb 3 viticultors (dos d\u2019ells en ecol\u00f2gic i un no, per aix\u00f2 el Martinet de 2020 no est\u00e0 certificat) i, per aix\u00f2, el Martinet Bru 2020 \u00e9s diferent.<\/p>\n<p class=\"Formatolibre\" align=\"center\" style=\"text-align:left;\">Hi ha ra\u00efm de la zona nord de Priorat i hi ha ra\u00efm de la zona de Falset on estem nosaltres. La quantitat de ra\u00efm per planta va ser m\u00ednima, per tant, hi ha una intensitat diferent que els anys anteriors. Hi ha un punt de maduresa amb una acidesa alta, tamb\u00e9 diferent d\u2019altres anyades. Hem intentat cuidar, elaborar i transformar el ra\u00efm amb la mateixa actitud i expectativa que fem sempre.<\/p>\n<p class=\"Formatolibre\" align=\"center\" style=\"text-align:left;\">Molta garnatxa, seguint el perfil varietal d\u2019anys anteriors. Certa sensaci\u00f3 de maduresa per la calidesa de temperatures. Intens m\u00e9s que concentrat i molt perfumat, caracter\u00edstica habitual dels anys plujosos.<\/p>\n<p class=\"Formatolibre\" align=\"center\" style=\"text-align:left;\">Acidesa final, eleg\u00e0ncia, perfum\u2026 \u00e9s una anyada estranya. \u00c9s una anyada complexa, fina, elegant i, sobretot \u00e9s molt Priorat.<\/p>\n<p class=\"Formatolibre\" align=\"center\" style=\"text-align:left;\"><span lang=\"ca\" xml:lang=\"ca\">La vinificaci\u00f3, vam fer una part en ra\u00efm sencer en rapa, amb lleugers xafats. Maceracions m\u00e9s aviat \u00a0curtes. Un 70% vinificat en tina de ciment i un 30% en tines de fusta. Premsat, fet el cupatge i criat en tines de fusta de 4500l i en barriques de castanyer de 600l i barriques de 300l de roure franc\u00e8s. I un afinament en tines de ciment durant 5 mesos, aproximadament. Embotellat al gener de 2021.<\/span><\/p>\n","protected":false},"excerpt":{"rendered":"<p>A l&#8217;anyada 2020, el Martinet Bru t\u00e9 molta garnatxa, seguint el perfil varietal d\u2019anys anteriors. Certa sensaci\u00f3 de maduresa per la calidesa de temperatures. Intens, m\u00e9s que concentrat i molt perfumat, caracter\u00edstica habitual dels anys plujosos.<\/p>\n<p>Acidesa final, eleg\u00e0ncia, perfum\u2026 \u00e9s una anyada estranya. \u00c9s una anyada complexa, fina, elegant i, sobretot \u00e9s molt Priorat.<\/p>\n","protected":false},"featured_media":904,"comment_status":"open","ping_status":"closed","template":"","meta":[],"product_cat":[246,159,201,195,186,162,198],"product_tag":[],"yoast_head":"<!-- This site is optimized with the Yoast SEO plugin v19.1 - https:\/\/yoast.com\/wordpress\/plugins\/seo\/ -->\n<title>Martinet Bru 2020 - Family Wines<\/title>\n<meta name=\"robots\" content=\"noindex, follow, max-snippet:-1, max-image-preview:large, max-video-preview:-1\" \/>\n<meta property=\"og:locale\" content=\"en_US\" \/>\n<meta property=\"og:type\" content=\"article\" \/>\n<meta property=\"og:title\" content=\"Martinet Bru 2020 - Family Wines\" \/>\n<meta property=\"og:description\" content=\"A l&#039;anyada 2020, el Martinet Bru t\u00e9 molta garnatxa, seguint el perfil varietal d\u2019anys anteriors. Certa sensaci\u00f3 de maduresa per la calidesa de temperatures. Intens, m\u00e9s que concentrat i molt perfumat, caracter\u00edstica habitual dels anys plujosos. Acidesa final, eleg\u00e0ncia, perfum\u2026 \u00e9s una anyada estranya. \u00c9s una anyada complexa, fina, elegant i, sobretot \u00e9s molt Priorat.\" \/>\n<meta property=\"og:url\" content=\"https:\/\/familywines.cetrexmarketing.com\/producto\/martinet-bru-2020\/\" \/>\n<meta property=\"og:site_name\" content=\"Family Wines\" \/>\n<meta property=\"og:image\" content=\"https:\/\/familywines.cetrexmarketing.com\/wp-content\/uploads\/2021\/12\/285-thickbox_default-Martinet-Bru-2020.jpg\" \/>\n\t<meta property=\"og:image:width\" content=\"700\" \/>\n\t<meta property=\"og:image:height\" content=\"800\" \/>\n\t<meta property=\"og:image:type\" content=\"image\/jpeg\" \/>\n<meta name=\"twitter:card\" content=\"summary_large_image\" \/>\n<meta name=\"twitter:label1\" content=\"Est. reading time\" \/>\n\t<meta name=\"twitter:data1\" content=\"2 minutes\" \/>\n<script type=\"application\/ld+json\" class=\"yoast-schema-graph\">{\"@context\":\"https:\/\/schema.org\",\"@graph\":[{\"@type\":\"WebSite\",\"@id\":\"https:\/\/familywines.cetrexmarketing.com\/#website\",\"url\":\"https:\/\/familywines.cetrexmarketing.com\/\",\"name\":\"Family Wines\",\"description\":\"\",\"potentialAction\":[{\"@type\":\"SearchAction\",\"target\":{\"@type\":\"EntryPoint\",\"urlTemplate\":\"https:\/\/familywines.cetrexmarketing.com\/?s={search_term_string}\"},\"query-input\":\"required name=search_term_string\"}],\"inLanguage\":\"en-US\"},{\"@type\":\"ImageObject\",\"inLanguage\":\"en-US\",\"@id\":\"https:\/\/familywines.cetrexmarketing.com\/producto\/martinet-bru-2020\/#primaryimage\",\"url\":\"https:\/\/familywines.cetrexmarketing.com\/wp-content\/uploads\/2021\/12\/285-thickbox_default-Martinet-Bru-2020.jpg\",\"contentUrl\":\"https:\/\/familywines.cetrexmarketing.com\/wp-content\/uploads\/2021\/12\/285-thickbox_default-Martinet-Bru-2020.jpg\",\"width\":700,\"height\":800},{\"@type\":\"WebPage\",\"@id\":\"https:\/\/familywines.cetrexmarketing.com\/producto\/martinet-bru-2020\/#webpage\",\"url\":\"https:\/\/familywines.cetrexmarketing.com\/producto\/martinet-bru-2020\/\",\"name\":\"Martinet Bru 2020 - Family Wines\",\"isPartOf\":{\"@id\":\"https:\/\/familywines.cetrexmarketing.com\/#website\"},\"primaryImageOfPage\":{\"@id\":\"https:\/\/familywines.cetrexmarketing.com\/producto\/martinet-bru-2020\/#primaryimage\"},\"datePublished\":\"2021-12-16T09:35:28+00:00\",\"dateModified\":\"2021-12-16T09:35:28+00:00\",\"breadcrumb\":{\"@id\":\"https:\/\/familywines.cetrexmarketing.com\/producto\/martinet-bru-2020\/#breadcrumb\"},\"inLanguage\":\"en-US\",\"potentialAction\":[{\"@type\":\"ReadAction\",\"target\":[\"https:\/\/familywines.cetrexmarketing.com\/producto\/martinet-bru-2020\/\"]}]},{\"@type\":\"BreadcrumbList\",\"@id\":\"https:\/\/familywines.cetrexmarketing.com\/producto\/martinet-bru-2020\/#breadcrumb\",\"itemListElement\":[{\"@type\":\"ListItem\",\"position\":1,\"name\":\"Home\",\"item\":\"https:\/\/familywines.cetrexmarketing.com\/en\/test\/\"},{\"@type\":\"ListItem\",\"position\":2,\"name\":\"Tienda\",\"item\":\"https:\/\/familywines.cetrexmarketing.com\/tienda\/\"},{\"@type\":\"ListItem\",\"position\":3,\"name\":\"Martinet Bru 2020\"}]}]}<\/script>\n<!-- \/ Yoast SEO plugin. -->","yoast_head_json":{"title":"Martinet Bru 2020 - Family Wines","robots":{"index":"noindex","follow":"follow","max-snippet":"max-snippet:-1","max-image-preview":"max-image-preview:large","max-video-preview":"max-video-preview:-1"},"og_locale":"en_US","og_type":"article","og_title":"Martinet Bru 2020 - Family Wines","og_description":"A l'anyada 2020, el Martinet Bru t\u00e9 molta garnatxa, seguint el perfil varietal d\u2019anys anteriors. Certa sensaci\u00f3 de maduresa per la calidesa de temperatures. Intens, m\u00e9s que concentrat i molt perfumat, caracter\u00edstica habitual dels anys plujosos. Acidesa final, eleg\u00e0ncia, perfum\u2026 \u00e9s una anyada estranya. \u00c9s una anyada complexa, fina, elegant i, sobretot \u00e9s molt Priorat.","og_url":"https:\/\/familywines.cetrexmarketing.com\/producto\/martinet-bru-2020\/","og_site_name":"Family Wines","og_image":[{"width":700,"height":800,"url":"https:\/\/familywines.cetrexmarketing.com\/wp-content\/uploads\/2021\/12\/285-thickbox_default-Martinet-Bru-2020.jpg","type":"image\/jpeg"}],"twitter_card":"summary_large_image","twitter_misc":{"Est. reading time":"2 minutes"},"schema":{"@context":"https:\/\/schema.org","@graph":[{"@type":"WebSite","@id":"https:\/\/familywines.cetrexmarketing.com\/#website","url":"https:\/\/familywines.cetrexmarketing.com\/","name":"Family Wines","description":"","potentialAction":[{"@type":"SearchAction","target":{"@type":"EntryPoint","urlTemplate":"https:\/\/familywines.cetrexmarketing.com\/?s={search_term_string}"},"query-input":"required name=search_term_string"}],"inLanguage":"en-US"},{"@type":"ImageObject","inLanguage":"en-US","@id":"https:\/\/familywines.cetrexmarketing.com\/producto\/martinet-bru-2020\/#primaryimage","url":"https:\/\/familywines.cetrexmarketing.com\/wp-content\/uploads\/2021\/12\/285-thickbox_default-Martinet-Bru-2020.jpg","contentUrl":"https:\/\/familywines.cetrexmarketing.com\/wp-content\/uploads\/2021\/12\/285-thickbox_default-Martinet-Bru-2020.jpg","width":700,"height":800},{"@type":"WebPage","@id":"https:\/\/familywines.cetrexmarketing.com\/producto\/martinet-bru-2020\/#webpage","url":"https:\/\/familywines.cetrexmarketing.com\/producto\/martinet-bru-2020\/","name":"Martinet Bru 2020 - Family Wines","isPartOf":{"@id":"https:\/\/familywines.cetrexmarketing.com\/#website"},"primaryImageOfPage":{"@id":"https:\/\/familywines.cetrexmarketing.com\/producto\/martinet-bru-2020\/#primaryimage"},"datePublished":"2021-12-16T09:35:28+00:00","dateModified":"2021-12-16T09:35:28+00:00","breadcrumb":{"@id":"https:\/\/familywines.cetrexmarketing.com\/producto\/martinet-bru-2020\/#breadcrumb"},"inLanguage":"en-US","potentialAction":[{"@type":"ReadAction","target":["https:\/\/familywines.cetrexmarketing.com\/producto\/martinet-bru-2020\/"]}]},{"@type":"BreadcrumbList","@id":"https:\/\/familywines.cetrexmarketing.com\/producto\/martinet-bru-2020\/#breadcrumb","itemListElement":[{"@type":"ListItem","position":1,"name":"Home","item":"https:\/\/familywines.cetrexmarketing.com\/en\/test\/"},{"@type":"ListItem","position":2,"name":"Tienda","item":"https:\/\/familywines.cetrexmarketing.com\/tienda\/"},{"@type":"ListItem","position":3,"name":"Martinet Bru 2020"}]}]}},"_links":{"self":[{"href":"https:\/\/familywines.cetrexmarketing.com\/en\/wp-json\/wp\/v2\/product\/1347"}],"collection":[{"href":"https:\/\/familywines.cetrexmarketing.com\/en\/wp-json\/wp\/v2\/product"}],"about":[{"href":"https:\/\/familywines.cetrexmarketing.com\/en\/wp-json\/wp\/v2\/types\/product"}],"replies":[{"embeddable":true,"href":"https:\/\/familywines.cetrexmarketing.com\/en\/wp-json\/wp\/v2\/comments?post=1347"}],"wp:featuredmedia":[{"embeddable":true,"href":"https:\/\/familywines.cetrexmarketing.com\/en\/wp-json\/wp\/v2\/media\/904"}],"wp:attachment":[{"href":"https:\/\/familywines.cetrexmarketing.com\/en\/wp-json\/wp\/v2\/media?parent=1347"}],"wp:term":[{"taxonomy":"product_cat","embeddable":true,"href":"https:\/\/familywines.cetrexmarketing.com\/en\/wp-json\/wp\/v2\/product_cat?post=1347"},{"taxonomy":"product_tag","embeddable":true,"href":"https:\/\/familywines.cetrexmarketing.com\/en\/wp-json\/wp\/v2\/product_tag?post=1347"}],"curies":[{"name":"wp","href":"https:\/\/api.w.org\/{rel}","templated":true}]}}