{"id":1355,"date":"2021-12-16T09:43:29","date_gmt":"2021-12-16T09:43:29","guid":{"rendered":"https:\/\/familywines.cetrexmarketing.com\/producto\/cami-pesseroles-2019-3\/"},"modified":"2021-12-16T09:43:29","modified_gmt":"2021-12-16T09:43:29","slug":"cami-pesseroles-2019-3","status":"publish","type":"product","link":"https:\/\/familywines.cetrexmarketing.com\/en\/producto\/cami-pesseroles-2019-3\/","title":{"rendered":"Cami Pesseroles 2019"},"content":{"rendered":"<p style=\"text-align:left;\"><span lang=\"ca\" xml:lang=\"ca\"><em>Cam\u00ed Pesseroles<\/em>\u00a0proviene cada a\u00f1o de las 3 parcelas que tenemos a lo largo del camino viejo entre Gratallops y Torroja, que lleva el mismo nombre.\u00a0Es\u00a0<\/span>un reflejo honesto de la dificultad hist\u00f3rica de la viticultura prioratina, de la rusticidad de un paisaje de la tenacidad de nuestra gente.<\/p>\n<p style=\"text-align:left;\">El suelo de licorella desmenuzada, la plantaci\u00f3n en ladera\u00a0y\u00a0la edad de la vi\u00f1a (que supera los 80 a\u00f1os) li confieren la tipicidad propia a\u00f1o tras a\u00f1o.\u00a0<\/p>\n<p>\u00a0<\/p>\n","protected":false},"excerpt":{"rendered":"<p>Cam\u00ed Pesseroles\u00a0proviene cada a\u00f1o de las 3 parcelas que tenemos a lo largo del camino viejo entre Gratallops y Torroja, que lleva el mismo nombre.\u00a0Es\u00a0un reflejo honesto de la dificultad hist\u00f3rica de la viticultura prioratina, de la rusticidad de un paisaje de la tenacidad de nuestra gente. El suelo de licorella desmenuzada, la plantaci\u00f3n en&hellip;<\/p>\n","protected":false},"featured_media":908,"comment_status":"open","ping_status":"closed","template":"","meta":[],"product_cat":[239,161,203,158,197,188,164,200],"product_tag":[],"yoast_head":"<!-- This site is optimized with the Yoast SEO plugin v19.1 - https:\/\/yoast.com\/wordpress\/plugins\/seo\/ -->\n<title>Cami Pesseroles 2019 - Family Wines<\/title>\n<meta name=\"robots\" content=\"noindex, follow, max-snippet:-1, max-image-preview:large, max-video-preview:-1\" \/>\n<meta property=\"og:locale\" content=\"en_US\" \/>\n<meta property=\"og:type\" content=\"article\" \/>\n<meta property=\"og:title\" content=\"Cami Pesseroles 2019 - Family Wines\" \/>\n<meta property=\"og:description\" content=\"Cam\u00ed Pesseroles\u00a0proviene cada a\u00f1o de las 3 parcelas que tenemos a lo largo del camino viejo entre Gratallops y Torroja, que lleva el mismo nombre.\u00a0Es\u00a0un reflejo honesto de la dificultad hist\u00f3rica de la viticultura prioratina, de la rusticidad de un paisaje de la tenacidad de nuestra gente. El suelo de licorella desmenuzada, la plantaci\u00f3n en&hellip;\" \/>\n<meta property=\"og:url\" content=\"https:\/\/familywines.cetrexmarketing.com\/producto\/cami-pesseroles-2019-3\/\" \/>\n<meta property=\"og:site_name\" content=\"Family Wines\" \/>\n<meta name=\"twitter:card\" content=\"summary_large_image\" \/>\n<script type=\"application\/ld+json\" class=\"yoast-schema-graph\">{\"@context\":\"https:\/\/schema.org\",\"@graph\":[{\"@type\":\"WebSite\",\"@id\":\"https:\/\/familywines.cetrexmarketing.com\/#website\",\"url\":\"https:\/\/familywines.cetrexmarketing.com\/\",\"name\":\"Family Wines\",\"description\":\"\",\"potentialAction\":[{\"@type\":\"SearchAction\",\"target\":{\"@type\":\"EntryPoint\",\"urlTemplate\":\"https:\/\/familywines.cetrexmarketing.com\/?s={search_term_string}\"},\"query-input\":\"required name=search_term_string\"}],\"inLanguage\":\"en-US\"},{\"@type\":\"ImageObject\",\"inLanguage\":\"en-US\",\"@id\":\"https:\/\/familywines.cetrexmarketing.com\/producto\/cami-pesseroles-2019-3\/#primaryimage\",\"url\":\"https:\/\/familywines.cetrexmarketing.com\/wp-content\/uploads\/2021\/12\/289-thickbox_default-Cami-Pesseroles-2019.jpg\",\"contentUrl\":\"https:\/\/familywines.cetrexmarketing.com\/wp-content\/uploads\/2021\/12\/289-thickbox_default-Cami-Pesseroles-2019.jpg\",\"width\":700,\"height\":800},{\"@type\":\"WebPage\",\"@id\":\"https:\/\/familywines.cetrexmarketing.com\/producto\/cami-pesseroles-2019-3\/#webpage\",\"url\":\"https:\/\/familywines.cetrexmarketing.com\/producto\/cami-pesseroles-2019-3\/\",\"name\":\"Cami Pesseroles 2019 - Family Wines\",\"isPartOf\":{\"@id\":\"https:\/\/familywines.cetrexmarketing.com\/#website\"},\"primaryImageOfPage\":{\"@id\":\"https:\/\/familywines.cetrexmarketing.com\/producto\/cami-pesseroles-2019-3\/#primaryimage\"},\"datePublished\":\"2021-12-16T09:43:29+00:00\",\"dateModified\":\"2021-12-16T09:43:29+00:00\",\"breadcrumb\":{\"@id\":\"https:\/\/familywines.cetrexmarketing.com\/producto\/cami-pesseroles-2019-3\/#breadcrumb\"},\"inLanguage\":\"en-US\",\"potentialAction\":[{\"@type\":\"ReadAction\",\"target\":[\"https:\/\/familywines.cetrexmarketing.com\/producto\/cami-pesseroles-2019-3\/\"]}]},{\"@type\":\"BreadcrumbList\",\"@id\":\"https:\/\/familywines.cetrexmarketing.com\/producto\/cami-pesseroles-2019-3\/#breadcrumb\",\"itemListElement\":[{\"@type\":\"ListItem\",\"position\":1,\"name\":\"Home\",\"item\":\"https:\/\/familywines.cetrexmarketing.com\/en\/test\/\"},{\"@type\":\"ListItem\",\"position\":2,\"name\":\"Tienda\",\"item\":\"https:\/\/familywines.cetrexmarketing.com\/tienda\/\"},{\"@type\":\"ListItem\",\"position\":3,\"name\":\"Cami Pesseroles 2019\"}]}]}<\/script>\n<!-- \/ Yoast SEO plugin. -->","yoast_head_json":{"title":"Cami Pesseroles 2019 - Family Wines","robots":{"index":"noindex","follow":"follow","max-snippet":"max-snippet:-1","max-image-preview":"max-image-preview:large","max-video-preview":"max-video-preview:-1"},"og_locale":"en_US","og_type":"article","og_title":"Cami Pesseroles 2019 - Family Wines","og_description":"Cam\u00ed Pesseroles\u00a0proviene cada a\u00f1o de las 3 parcelas que tenemos a lo largo del camino viejo entre Gratallops y Torroja, que lleva el mismo nombre.\u00a0Es\u00a0un reflejo honesto de la dificultad hist\u00f3rica de la viticultura prioratina, de la rusticidad de un paisaje de la tenacidad de nuestra gente. El suelo de licorella desmenuzada, la plantaci\u00f3n en&hellip;","og_url":"https:\/\/familywines.cetrexmarketing.com\/producto\/cami-pesseroles-2019-3\/","og_site_name":"Family Wines","twitter_card":"summary_large_image","schema":{"@context":"https:\/\/schema.org","@graph":[{"@type":"WebSite","@id":"https:\/\/familywines.cetrexmarketing.com\/#website","url":"https:\/\/familywines.cetrexmarketing.com\/","name":"Family Wines","description":"","potentialAction":[{"@type":"SearchAction","target":{"@type":"EntryPoint","urlTemplate":"https:\/\/familywines.cetrexmarketing.com\/?s={search_term_string}"},"query-input":"required name=search_term_string"}],"inLanguage":"en-US"},{"@type":"ImageObject","inLanguage":"en-US","@id":"https:\/\/familywines.cetrexmarketing.com\/producto\/cami-pesseroles-2019-3\/#primaryimage","url":"https:\/\/familywines.cetrexmarketing.com\/wp-content\/uploads\/2021\/12\/289-thickbox_default-Cami-Pesseroles-2019.jpg","contentUrl":"https:\/\/familywines.cetrexmarketing.com\/wp-content\/uploads\/2021\/12\/289-thickbox_default-Cami-Pesseroles-2019.jpg","width":700,"height":800},{"@type":"WebPage","@id":"https:\/\/familywines.cetrexmarketing.com\/producto\/cami-pesseroles-2019-3\/#webpage","url":"https:\/\/familywines.cetrexmarketing.com\/producto\/cami-pesseroles-2019-3\/","name":"Cami Pesseroles 2019 - Family Wines","isPartOf":{"@id":"https:\/\/familywines.cetrexmarketing.com\/#website"},"primaryImageOfPage":{"@id":"https:\/\/familywines.cetrexmarketing.com\/producto\/cami-pesseroles-2019-3\/#primaryimage"},"datePublished":"2021-12-16T09:43:29+00:00","dateModified":"2021-12-16T09:43:29+00:00","breadcrumb":{"@id":"https:\/\/familywines.cetrexmarketing.com\/producto\/cami-pesseroles-2019-3\/#breadcrumb"},"inLanguage":"en-US","potentialAction":[{"@type":"ReadAction","target":["https:\/\/familywines.cetrexmarketing.com\/producto\/cami-pesseroles-2019-3\/"]}]},{"@type":"BreadcrumbList","@id":"https:\/\/familywines.cetrexmarketing.com\/producto\/cami-pesseroles-2019-3\/#breadcrumb","itemListElement":[{"@type":"ListItem","position":1,"name":"Home","item":"https:\/\/familywines.cetrexmarketing.com\/en\/test\/"},{"@type":"ListItem","position":2,"name":"Tienda","item":"https:\/\/familywines.cetrexmarketing.com\/tienda\/"},{"@type":"ListItem","position":3,"name":"Cami Pesseroles 2019"}]}]}},"_links":{"self":[{"href":"https:\/\/familywines.cetrexmarketing.com\/en\/wp-json\/wp\/v2\/product\/1355"}],"collection":[{"href":"https:\/\/familywines.cetrexmarketing.com\/en\/wp-json\/wp\/v2\/product"}],"about":[{"href":"https:\/\/familywines.cetrexmarketing.com\/en\/wp-json\/wp\/v2\/types\/product"}],"replies":[{"embeddable":true,"href":"https:\/\/familywines.cetrexmarketing.com\/en\/wp-json\/wp\/v2\/comments?post=1355"}],"wp:featuredmedia":[{"embeddable":true,"href":"https:\/\/familywines.cetrexmarketing.com\/en\/wp-json\/wp\/v2\/media\/908"}],"wp:attachment":[{"href":"https:\/\/familywines.cetrexmarketing.com\/en\/wp-json\/wp\/v2\/media?parent=1355"}],"wp:term":[{"taxonomy":"product_cat","embeddable":true,"href":"https:\/\/familywines.cetrexmarketing.com\/en\/wp-json\/wp\/v2\/product_cat?post=1355"},{"taxonomy":"product_tag","embeddable":true,"href":"https:\/\/familywines.cetrexmarketing.com\/en\/wp-json\/wp\/v2\/product_tag?post=1355"}],"curies":[{"name":"wp","href":"https:\/\/api.w.org\/{rel}","templated":true}]}}