{"id":1368,"date":"2022-01-19T10:25:52","date_gmt":"2022-01-19T10:25:52","guid":{"rendered":"https:\/\/familywines.cetrexmarketing.com\/producto\/donzell-2019\/"},"modified":"2022-01-19T10:25:52","modified_gmt":"2022-01-19T10:25:52","slug":"donzell-2019","status":"publish","type":"product","link":"https:\/\/familywines.cetrexmarketing.com\/en\/producto\/donzell-2019\/","title":{"rendered":"Donzell 2019"},"content":{"rendered":"<p><span>No \u00e9s un vermut, legalment reconegut, perqu\u00e8 no afegim alcohol; no obstant, \u00e9s una <\/span><span>de les maneres tradicionals d&#8217;elaboraci\u00f3 que se&#8217;ns ha transm\u00e8s per aquest tipus de <\/span><span>beguda. La imatge\u00a0 evoca a la d&#8217;un vermut perqu\u00e8 \u00e9s aquest el moment del dia que associem\u00a0<\/span><span>a quan beure aquest vi aromatitzat: el moment de l&#8217;aperitiu, amb\u00a0<\/span><span>una mica de gel i\u00a0<\/span><span>una rodanxa de taronja<\/span><span>. <\/span><\/p>\n","protected":false},"excerpt":{"rendered":"<p>No \u00e9s un vermut, legalment reconegut, perqu\u00e8 no afegim alcohol; no obstant, \u00e9s una de les maneres tradicionals d&#8217;elaboraci\u00f3 que se&#8217;ns ha transm\u00e8s per aquest tipus de beguda. La imatge\u00a0 evoca a la d&#8217;un vermut perqu\u00e8 \u00e9s aquest el moment del dia que associem\u00a0a quan beure aquest vi aromatitzat: el moment de l&#8217;aperitiu, amb\u00a0una mica&hellip;<\/p>\n","protected":false},"featured_media":918,"comment_status":"open","ping_status":"closed","template":"","meta":[],"product_cat":[237,201,234,162,243,198],"product_tag":[],"yoast_head":"<!-- This site is optimized with the Yoast SEO plugin v19.1 - https:\/\/yoast.com\/wordpress\/plugins\/seo\/ -->\n<title>Donzell 2019 - Family Wines<\/title>\n<meta name=\"robots\" content=\"noindex, follow, max-snippet:-1, max-image-preview:large, max-video-preview:-1\" \/>\n<meta property=\"og:locale\" content=\"en_US\" \/>\n<meta property=\"og:type\" content=\"article\" \/>\n<meta property=\"og:title\" content=\"Donzell 2019 - Family Wines\" \/>\n<meta property=\"og:description\" content=\"No \u00e9s un vermut, legalment reconegut, perqu\u00e8 no afegim alcohol; no obstant, \u00e9s una de les maneres tradicionals d&#8217;elaboraci\u00f3 que se&#8217;ns ha transm\u00e8s per aquest tipus de beguda. La imatge\u00a0 evoca a la d&#8217;un vermut perqu\u00e8 \u00e9s aquest el moment del dia que associem\u00a0a quan beure aquest vi aromatitzat: el moment de l&#8217;aperitiu, amb\u00a0una mica&hellip;\" \/>\n<meta property=\"og:url\" content=\"https:\/\/familywines.cetrexmarketing.com\/producto\/donzell-2019\/\" \/>\n<meta property=\"og:site_name\" content=\"Family Wines\" \/>\n<meta property=\"og:image\" content=\"https:\/\/familywines.cetrexmarketing.com\/wp-content\/uploads\/2022\/01\/283-thickbox_default-Donzell-2019.jpg\" \/>\n\t<meta property=\"og:image:width\" content=\"700\" \/>\n\t<meta property=\"og:image:height\" content=\"800\" \/>\n\t<meta property=\"og:image:type\" content=\"image\/jpeg\" \/>\n<meta name=\"twitter:card\" content=\"summary_large_image\" \/>\n<script type=\"application\/ld+json\" class=\"yoast-schema-graph\">{\"@context\":\"https:\/\/schema.org\",\"@graph\":[{\"@type\":\"WebSite\",\"@id\":\"https:\/\/familywines.cetrexmarketing.com\/#website\",\"url\":\"https:\/\/familywines.cetrexmarketing.com\/\",\"name\":\"Family Wines\",\"description\":\"\",\"potentialAction\":[{\"@type\":\"SearchAction\",\"target\":{\"@type\":\"EntryPoint\",\"urlTemplate\":\"https:\/\/familywines.cetrexmarketing.com\/?s={search_term_string}\"},\"query-input\":\"required name=search_term_string\"}],\"inLanguage\":\"en-US\"},{\"@type\":\"ImageObject\",\"inLanguage\":\"en-US\",\"@id\":\"https:\/\/familywines.cetrexmarketing.com\/producto\/donzell-2019\/#primaryimage\",\"url\":\"https:\/\/familywines.cetrexmarketing.com\/wp-content\/uploads\/2022\/01\/283-thickbox_default-Donzell-2019.jpg\",\"contentUrl\":\"https:\/\/familywines.cetrexmarketing.com\/wp-content\/uploads\/2022\/01\/283-thickbox_default-Donzell-2019.jpg\",\"width\":700,\"height\":800},{\"@type\":\"WebPage\",\"@id\":\"https:\/\/familywines.cetrexmarketing.com\/producto\/donzell-2019\/#webpage\",\"url\":\"https:\/\/familywines.cetrexmarketing.com\/producto\/donzell-2019\/\",\"name\":\"Donzell 2019 - Family Wines\",\"isPartOf\":{\"@id\":\"https:\/\/familywines.cetrexmarketing.com\/#website\"},\"primaryImageOfPage\":{\"@id\":\"https:\/\/familywines.cetrexmarketing.com\/producto\/donzell-2019\/#primaryimage\"},\"datePublished\":\"2022-01-19T10:25:52+00:00\",\"dateModified\":\"2022-01-19T10:25:52+00:00\",\"breadcrumb\":{\"@id\":\"https:\/\/familywines.cetrexmarketing.com\/producto\/donzell-2019\/#breadcrumb\"},\"inLanguage\":\"en-US\",\"potentialAction\":[{\"@type\":\"ReadAction\",\"target\":[\"https:\/\/familywines.cetrexmarketing.com\/producto\/donzell-2019\/\"]}]},{\"@type\":\"BreadcrumbList\",\"@id\":\"https:\/\/familywines.cetrexmarketing.com\/producto\/donzell-2019\/#breadcrumb\",\"itemListElement\":[{\"@type\":\"ListItem\",\"position\":1,\"name\":\"Home\",\"item\":\"https:\/\/familywines.cetrexmarketing.com\/en\/test\/\"},{\"@type\":\"ListItem\",\"position\":2,\"name\":\"Tienda\",\"item\":\"https:\/\/familywines.cetrexmarketing.com\/tienda\/\"},{\"@type\":\"ListItem\",\"position\":3,\"name\":\"Donzell 2019\"}]}]}<\/script>\n<!-- \/ Yoast SEO plugin. -->","yoast_head_json":{"title":"Donzell 2019 - Family Wines","robots":{"index":"noindex","follow":"follow","max-snippet":"max-snippet:-1","max-image-preview":"max-image-preview:large","max-video-preview":"max-video-preview:-1"},"og_locale":"en_US","og_type":"article","og_title":"Donzell 2019 - Family Wines","og_description":"No \u00e9s un vermut, legalment reconegut, perqu\u00e8 no afegim alcohol; no obstant, \u00e9s una de les maneres tradicionals d&#8217;elaboraci\u00f3 que se&#8217;ns ha transm\u00e8s per aquest tipus de beguda. La imatge\u00a0 evoca a la d&#8217;un vermut perqu\u00e8 \u00e9s aquest el moment del dia que associem\u00a0a quan beure aquest vi aromatitzat: el moment de l&#8217;aperitiu, amb\u00a0una mica&hellip;","og_url":"https:\/\/familywines.cetrexmarketing.com\/producto\/donzell-2019\/","og_site_name":"Family Wines","og_image":[{"width":700,"height":800,"url":"https:\/\/familywines.cetrexmarketing.com\/wp-content\/uploads\/2022\/01\/283-thickbox_default-Donzell-2019.jpg","type":"image\/jpeg"}],"twitter_card":"summary_large_image","schema":{"@context":"https:\/\/schema.org","@graph":[{"@type":"WebSite","@id":"https:\/\/familywines.cetrexmarketing.com\/#website","url":"https:\/\/familywines.cetrexmarketing.com\/","name":"Family Wines","description":"","potentialAction":[{"@type":"SearchAction","target":{"@type":"EntryPoint","urlTemplate":"https:\/\/familywines.cetrexmarketing.com\/?s={search_term_string}"},"query-input":"required name=search_term_string"}],"inLanguage":"en-US"},{"@type":"ImageObject","inLanguage":"en-US","@id":"https:\/\/familywines.cetrexmarketing.com\/producto\/donzell-2019\/#primaryimage","url":"https:\/\/familywines.cetrexmarketing.com\/wp-content\/uploads\/2022\/01\/283-thickbox_default-Donzell-2019.jpg","contentUrl":"https:\/\/familywines.cetrexmarketing.com\/wp-content\/uploads\/2022\/01\/283-thickbox_default-Donzell-2019.jpg","width":700,"height":800},{"@type":"WebPage","@id":"https:\/\/familywines.cetrexmarketing.com\/producto\/donzell-2019\/#webpage","url":"https:\/\/familywines.cetrexmarketing.com\/producto\/donzell-2019\/","name":"Donzell 2019 - Family Wines","isPartOf":{"@id":"https:\/\/familywines.cetrexmarketing.com\/#website"},"primaryImageOfPage":{"@id":"https:\/\/familywines.cetrexmarketing.com\/producto\/donzell-2019\/#primaryimage"},"datePublished":"2022-01-19T10:25:52+00:00","dateModified":"2022-01-19T10:25:52+00:00","breadcrumb":{"@id":"https:\/\/familywines.cetrexmarketing.com\/producto\/donzell-2019\/#breadcrumb"},"inLanguage":"en-US","potentialAction":[{"@type":"ReadAction","target":["https:\/\/familywines.cetrexmarketing.com\/producto\/donzell-2019\/"]}]},{"@type":"BreadcrumbList","@id":"https:\/\/familywines.cetrexmarketing.com\/producto\/donzell-2019\/#breadcrumb","itemListElement":[{"@type":"ListItem","position":1,"name":"Home","item":"https:\/\/familywines.cetrexmarketing.com\/en\/test\/"},{"@type":"ListItem","position":2,"name":"Tienda","item":"https:\/\/familywines.cetrexmarketing.com\/tienda\/"},{"@type":"ListItem","position":3,"name":"Donzell 2019"}]}]}},"_links":{"self":[{"href":"https:\/\/familywines.cetrexmarketing.com\/en\/wp-json\/wp\/v2\/product\/1368"}],"collection":[{"href":"https:\/\/familywines.cetrexmarketing.com\/en\/wp-json\/wp\/v2\/product"}],"about":[{"href":"https:\/\/familywines.cetrexmarketing.com\/en\/wp-json\/wp\/v2\/types\/product"}],"replies":[{"embeddable":true,"href":"https:\/\/familywines.cetrexmarketing.com\/en\/wp-json\/wp\/v2\/comments?post=1368"}],"wp:featuredmedia":[{"embeddable":true,"href":"https:\/\/familywines.cetrexmarketing.com\/en\/wp-json\/wp\/v2\/media\/918"}],"wp:attachment":[{"href":"https:\/\/familywines.cetrexmarketing.com\/en\/wp-json\/wp\/v2\/media?parent=1368"}],"wp:term":[{"taxonomy":"product_cat","embeddable":true,"href":"https:\/\/familywines.cetrexmarketing.com\/en\/wp-json\/wp\/v2\/product_cat?post=1368"},{"taxonomy":"product_tag","embeddable":true,"href":"https:\/\/familywines.cetrexmarketing.com\/en\/wp-json\/wp\/v2\/product_tag?post=1368"}],"curies":[{"name":"wp","href":"https:\/\/api.w.org\/{rel}","templated":true}]}}