{"id":1370,"date":"2022-01-19T10:25:52","date_gmt":"2022-01-19T10:25:52","guid":{"rendered":"https:\/\/familywines.cetrexmarketing.com\/producto\/donzell-2019-3\/"},"modified":"2022-01-19T10:25:52","modified_gmt":"2022-01-19T10:25:52","slug":"donzell-2019-3","status":"publish","type":"product","link":"https:\/\/familywines.cetrexmarketing.com\/en\/producto\/donzell-2019-3\/","title":{"rendered":"Donzell 2019"},"content":{"rendered":"<p><span>No es un vermut, legalmente reconocido, porque no a\u00f1adimos alcohol; sin embargo, es una <\/span><span>de las formas tradicionales de elaboraci\u00f3n que se nos han transmitido para este tipo de <\/span><span>bebida. La imagen evoca a la de un vermut porque es ese el momento del d\u00eda que asociamos <\/span><span>a cu\u00e1ndo beber este vino aromatizado: el momento del aperitivo, con <\/span><span>un poco de hielo y <\/span><span>una rodaja de naranja<\/span><span>. <\/span><\/p>\n","protected":false},"excerpt":{"rendered":"<p>No es un vermut, legalmente reconocido, porque no a\u00f1adimos alcohol; sin embargo, es una de las formas tradicionales de elaboraci\u00f3n que se nos han transmitido para este tipo de bebida. La imagen evoca a la de un vermut porque es ese el momento del d\u00eda que asociamos a cu\u00e1ndo beber este vino aromatizado: el momento&hellip;<\/p>\n","protected":false},"featured_media":918,"comment_status":"open","ping_status":"closed","template":"","meta":[],"product_cat":[239,203,236,164,245,200],"product_tag":[],"yoast_head":"<!-- This site is optimized with the Yoast SEO plugin v19.1 - https:\/\/yoast.com\/wordpress\/plugins\/seo\/ -->\n<title>Donzell 2019 - Family Wines<\/title>\n<meta name=\"robots\" content=\"noindex, follow, max-snippet:-1, max-image-preview:large, max-video-preview:-1\" \/>\n<meta property=\"og:locale\" content=\"en_US\" \/>\n<meta property=\"og:type\" content=\"article\" \/>\n<meta property=\"og:title\" content=\"Donzell 2019 - Family Wines\" \/>\n<meta property=\"og:description\" content=\"No es un vermut, legalmente reconocido, porque no a\u00f1adimos alcohol; sin embargo, es una de las formas tradicionales de elaboraci\u00f3n que se nos han transmitido para este tipo de bebida. La imagen evoca a la de un vermut porque es ese el momento del d\u00eda que asociamos a cu\u00e1ndo beber este vino aromatizado: el momento&hellip;\" \/>\n<meta property=\"og:url\" content=\"https:\/\/familywines.cetrexmarketing.com\/producto\/donzell-2019-3\/\" \/>\n<meta property=\"og:site_name\" content=\"Family Wines\" \/>\n<meta name=\"twitter:card\" content=\"summary_large_image\" \/>\n<script type=\"application\/ld+json\" class=\"yoast-schema-graph\">{\"@context\":\"https:\/\/schema.org\",\"@graph\":[{\"@type\":\"WebSite\",\"@id\":\"https:\/\/familywines.cetrexmarketing.com\/#website\",\"url\":\"https:\/\/familywines.cetrexmarketing.com\/\",\"name\":\"Family Wines\",\"description\":\"\",\"potentialAction\":[{\"@type\":\"SearchAction\",\"target\":{\"@type\":\"EntryPoint\",\"urlTemplate\":\"https:\/\/familywines.cetrexmarketing.com\/?s={search_term_string}\"},\"query-input\":\"required name=search_term_string\"}],\"inLanguage\":\"en-US\"},{\"@type\":\"ImageObject\",\"inLanguage\":\"en-US\",\"@id\":\"https:\/\/familywines.cetrexmarketing.com\/producto\/donzell-2019-3\/#primaryimage\",\"url\":\"https:\/\/familywines.cetrexmarketing.com\/wp-content\/uploads\/2022\/01\/283-thickbox_default-Donzell-2019.jpg\",\"contentUrl\":\"https:\/\/familywines.cetrexmarketing.com\/wp-content\/uploads\/2022\/01\/283-thickbox_default-Donzell-2019.jpg\",\"width\":700,\"height\":800},{\"@type\":\"WebPage\",\"@id\":\"https:\/\/familywines.cetrexmarketing.com\/producto\/donzell-2019-3\/#webpage\",\"url\":\"https:\/\/familywines.cetrexmarketing.com\/producto\/donzell-2019-3\/\",\"name\":\"Donzell 2019 - Family Wines\",\"isPartOf\":{\"@id\":\"https:\/\/familywines.cetrexmarketing.com\/#website\"},\"primaryImageOfPage\":{\"@id\":\"https:\/\/familywines.cetrexmarketing.com\/producto\/donzell-2019-3\/#primaryimage\"},\"datePublished\":\"2022-01-19T10:25:52+00:00\",\"dateModified\":\"2022-01-19T10:25:52+00:00\",\"breadcrumb\":{\"@id\":\"https:\/\/familywines.cetrexmarketing.com\/producto\/donzell-2019-3\/#breadcrumb\"},\"inLanguage\":\"en-US\",\"potentialAction\":[{\"@type\":\"ReadAction\",\"target\":[\"https:\/\/familywines.cetrexmarketing.com\/producto\/donzell-2019-3\/\"]}]},{\"@type\":\"BreadcrumbList\",\"@id\":\"https:\/\/familywines.cetrexmarketing.com\/producto\/donzell-2019-3\/#breadcrumb\",\"itemListElement\":[{\"@type\":\"ListItem\",\"position\":1,\"name\":\"Home\",\"item\":\"https:\/\/familywines.cetrexmarketing.com\/en\/test\/\"},{\"@type\":\"ListItem\",\"position\":2,\"name\":\"Tienda\",\"item\":\"https:\/\/familywines.cetrexmarketing.com\/tienda\/\"},{\"@type\":\"ListItem\",\"position\":3,\"name\":\"Donzell 2019\"}]}]}<\/script>\n<!-- \/ Yoast SEO plugin. -->","yoast_head_json":{"title":"Donzell 2019 - Family Wines","robots":{"index":"noindex","follow":"follow","max-snippet":"max-snippet:-1","max-image-preview":"max-image-preview:large","max-video-preview":"max-video-preview:-1"},"og_locale":"en_US","og_type":"article","og_title":"Donzell 2019 - Family Wines","og_description":"No es un vermut, legalmente reconocido, porque no a\u00f1adimos alcohol; sin embargo, es una de las formas tradicionales de elaboraci\u00f3n que se nos han transmitido para este tipo de bebida. La imagen evoca a la de un vermut porque es ese el momento del d\u00eda que asociamos a cu\u00e1ndo beber este vino aromatizado: el momento&hellip;","og_url":"https:\/\/familywines.cetrexmarketing.com\/producto\/donzell-2019-3\/","og_site_name":"Family Wines","twitter_card":"summary_large_image","schema":{"@context":"https:\/\/schema.org","@graph":[{"@type":"WebSite","@id":"https:\/\/familywines.cetrexmarketing.com\/#website","url":"https:\/\/familywines.cetrexmarketing.com\/","name":"Family Wines","description":"","potentialAction":[{"@type":"SearchAction","target":{"@type":"EntryPoint","urlTemplate":"https:\/\/familywines.cetrexmarketing.com\/?s={search_term_string}"},"query-input":"required name=search_term_string"}],"inLanguage":"en-US"},{"@type":"ImageObject","inLanguage":"en-US","@id":"https:\/\/familywines.cetrexmarketing.com\/producto\/donzell-2019-3\/#primaryimage","url":"https:\/\/familywines.cetrexmarketing.com\/wp-content\/uploads\/2022\/01\/283-thickbox_default-Donzell-2019.jpg","contentUrl":"https:\/\/familywines.cetrexmarketing.com\/wp-content\/uploads\/2022\/01\/283-thickbox_default-Donzell-2019.jpg","width":700,"height":800},{"@type":"WebPage","@id":"https:\/\/familywines.cetrexmarketing.com\/producto\/donzell-2019-3\/#webpage","url":"https:\/\/familywines.cetrexmarketing.com\/producto\/donzell-2019-3\/","name":"Donzell 2019 - Family Wines","isPartOf":{"@id":"https:\/\/familywines.cetrexmarketing.com\/#website"},"primaryImageOfPage":{"@id":"https:\/\/familywines.cetrexmarketing.com\/producto\/donzell-2019-3\/#primaryimage"},"datePublished":"2022-01-19T10:25:52+00:00","dateModified":"2022-01-19T10:25:52+00:00","breadcrumb":{"@id":"https:\/\/familywines.cetrexmarketing.com\/producto\/donzell-2019-3\/#breadcrumb"},"inLanguage":"en-US","potentialAction":[{"@type":"ReadAction","target":["https:\/\/familywines.cetrexmarketing.com\/producto\/donzell-2019-3\/"]}]},{"@type":"BreadcrumbList","@id":"https:\/\/familywines.cetrexmarketing.com\/producto\/donzell-2019-3\/#breadcrumb","itemListElement":[{"@type":"ListItem","position":1,"name":"Home","item":"https:\/\/familywines.cetrexmarketing.com\/en\/test\/"},{"@type":"ListItem","position":2,"name":"Tienda","item":"https:\/\/familywines.cetrexmarketing.com\/tienda\/"},{"@type":"ListItem","position":3,"name":"Donzell 2019"}]}]}},"_links":{"self":[{"href":"https:\/\/familywines.cetrexmarketing.com\/en\/wp-json\/wp\/v2\/product\/1370"}],"collection":[{"href":"https:\/\/familywines.cetrexmarketing.com\/en\/wp-json\/wp\/v2\/product"}],"about":[{"href":"https:\/\/familywines.cetrexmarketing.com\/en\/wp-json\/wp\/v2\/types\/product"}],"replies":[{"embeddable":true,"href":"https:\/\/familywines.cetrexmarketing.com\/en\/wp-json\/wp\/v2\/comments?post=1370"}],"wp:featuredmedia":[{"embeddable":true,"href":"https:\/\/familywines.cetrexmarketing.com\/en\/wp-json\/wp\/v2\/media\/918"}],"wp:attachment":[{"href":"https:\/\/familywines.cetrexmarketing.com\/en\/wp-json\/wp\/v2\/media?parent=1370"}],"wp:term":[{"taxonomy":"product_cat","embeddable":true,"href":"https:\/\/familywines.cetrexmarketing.com\/en\/wp-json\/wp\/v2\/product_cat?post=1370"},{"taxonomy":"product_tag","embeddable":true,"href":"https:\/\/familywines.cetrexmarketing.com\/en\/wp-json\/wp\/v2\/product_tag?post=1370"}],"curies":[{"name":"wp","href":"https:\/\/api.w.org\/{rel}","templated":true}]}}