{"id":998,"date":"2016-03-18T10:42:31","date_gmt":"2016-03-18T10:42:31","guid":{"rendered":"https:\/\/familywines.cetrexmarketing.com\/producto\/venus-2005-15-lit-2\/"},"modified":"2016-03-18T10:42:31","modified_gmt":"2016-03-18T10:42:31","slug":"venus-2005-15-lit-2","status":"publish","type":"product","link":"https:\/\/familywines.cetrexmarketing.com\/en\/producto\/venus-2005-15-lit-2\/","title":{"rendered":"Venus 2005 1,5 lit."},"content":{"rendered":"<p style=\"text-align:left;\"><span>Un intento de interpretar la feminidad, la tierra, a trav\u00e9s de una botella de vino: Cari\u00f1ena y Syrah, misterio y seducci\u00f3n, discurso y voluptuosidad, paz, paciencia, equilibrio y pasi\u00f3n.\u00a0<\/span>Un vino jugoso, pensado para acompa\u00f1ar la comida, especialmente la cocina mediterr\u00e1nea.\u00a0Venus \u00e9s el resultado de nuestra b\u00fasqueda por la belleza.<\/p>\n<p><span>Trabajamos 4 parcelas de cari\u00f1ena de vi\u00f1as viejas situadas entre Pi\u00f1ana y Crossos. Un vi\u00f1edo situado en la cima que cuenta con ambas caras Norte y Sur de suelos arcillo-calc\u00e1reos profundos y h\u00famedos que permiten maduraciones largas y lentas. El Syrah proviene de nuestra finca de Venus La Universal con suelos gran\u00edticos que le aportan la frescura y fruta.<\/span><\/p>\n<p><span><span>El 2005 fue una a\u00f1ada caliente y muy robusta.<\/span><\/span><\/p>\n","protected":false},"excerpt":{"rendered":"<p>Un intento de interpretar la feminidad, la tierra, a trav\u00e9s de una botella de vino: Cari\u00f1ena y Syrah, misterio y seducci\u00f3n, discurso y voluptuosidad, paz, paciencia, equilibrio y pasi\u00f3n.\u00a0Un vino jugoso, pensado para acompa\u00f1ar la comida, especialmente la cocina mediterr\u00e1nea.\u00a0Venus \u00e9s el resultado de nuestra b\u00fasqueda por la belleza. Trabajamos 4 parcelas de cari\u00f1ena de&hellip;<\/p>\n","protected":false},"featured_media":736,"comment_status":"open","ping_status":"closed","template":"","meta":[],"product_cat":[224,218,182,188,164,215,200],"product_tag":[],"yoast_head":"<!-- This site is optimized with the Yoast SEO plugin v19.1 - https:\/\/yoast.com\/wordpress\/plugins\/seo\/ -->\n<title>Venus 2005 1,5 lit. - Family Wines<\/title>\n<meta name=\"robots\" content=\"noindex, follow, max-snippet:-1, max-image-preview:large, max-video-preview:-1\" \/>\n<meta property=\"og:locale\" content=\"en_US\" \/>\n<meta property=\"og:type\" content=\"article\" \/>\n<meta property=\"og:title\" content=\"Venus 2005 1,5 lit. - Family Wines\" \/>\n<meta property=\"og:description\" content=\"Un intento de interpretar la feminidad, la tierra, a trav\u00e9s de una botella de vino: Cari\u00f1ena y Syrah, misterio y seducci\u00f3n, discurso y voluptuosidad, paz, paciencia, equilibrio y pasi\u00f3n.\u00a0Un vino jugoso, pensado para acompa\u00f1ar la comida, especialmente la cocina mediterr\u00e1nea.\u00a0Venus \u00e9s el resultado de nuestra b\u00fasqueda por la belleza. Trabajamos 4 parcelas de cari\u00f1ena de&hellip;\" \/>\n<meta property=\"og:url\" content=\"https:\/\/familywines.cetrexmarketing.com\/producto\/venus-2005-15-lit-2\/\" \/>\n<meta property=\"og:site_name\" content=\"Family Wines\" \/>\n<meta name=\"twitter:card\" content=\"summary_large_image\" \/>\n<meta name=\"twitter:label1\" content=\"Est. reading time\" \/>\n\t<meta name=\"twitter:data1\" content=\"1 minute\" \/>\n<script type=\"application\/ld+json\" class=\"yoast-schema-graph\">{\"@context\":\"https:\/\/schema.org\",\"@graph\":[{\"@type\":\"WebSite\",\"@id\":\"https:\/\/familywines.cetrexmarketing.com\/#website\",\"url\":\"https:\/\/familywines.cetrexmarketing.com\/\",\"name\":\"Family Wines\",\"description\":\"\",\"potentialAction\":[{\"@type\":\"SearchAction\",\"target\":{\"@type\":\"EntryPoint\",\"urlTemplate\":\"https:\/\/familywines.cetrexmarketing.com\/?s={search_term_string}\"},\"query-input\":\"required name=search_term_string\"}],\"inLanguage\":\"en-US\"},{\"@type\":\"ImageObject\",\"inLanguage\":\"en-US\",\"@id\":\"https:\/\/familywines.cetrexmarketing.com\/producto\/venus-2005-15-lit-2\/#primaryimage\",\"url\":\"https:\/\/familywines.cetrexmarketing.com\/wp-content\/uploads\/2016\/03\/60-thickbox_default-Venus-2005-15-lit.jpg\",\"contentUrl\":\"https:\/\/familywines.cetrexmarketing.com\/wp-content\/uploads\/2016\/03\/60-thickbox_default-Venus-2005-15-lit.jpg\",\"width\":700,\"height\":800},{\"@type\":\"WebPage\",\"@id\":\"https:\/\/familywines.cetrexmarketing.com\/producto\/venus-2005-15-lit-2\/#webpage\",\"url\":\"https:\/\/familywines.cetrexmarketing.com\/producto\/venus-2005-15-lit-2\/\",\"name\":\"Venus 2005 1,5 lit. - Family Wines\",\"isPartOf\":{\"@id\":\"https:\/\/familywines.cetrexmarketing.com\/#website\"},\"primaryImageOfPage\":{\"@id\":\"https:\/\/familywines.cetrexmarketing.com\/producto\/venus-2005-15-lit-2\/#primaryimage\"},\"datePublished\":\"2016-03-18T10:42:31+00:00\",\"dateModified\":\"2016-03-18T10:42:31+00:00\",\"breadcrumb\":{\"@id\":\"https:\/\/familywines.cetrexmarketing.com\/producto\/venus-2005-15-lit-2\/#breadcrumb\"},\"inLanguage\":\"en-US\",\"potentialAction\":[{\"@type\":\"ReadAction\",\"target\":[\"https:\/\/familywines.cetrexmarketing.com\/producto\/venus-2005-15-lit-2\/\"]}]},{\"@type\":\"BreadcrumbList\",\"@id\":\"https:\/\/familywines.cetrexmarketing.com\/producto\/venus-2005-15-lit-2\/#breadcrumb\",\"itemListElement\":[{\"@type\":\"ListItem\",\"position\":1,\"name\":\"Home\",\"item\":\"https:\/\/familywines.cetrexmarketing.com\/en\/test\/\"},{\"@type\":\"ListItem\",\"position\":2,\"name\":\"Tienda\",\"item\":\"https:\/\/familywines.cetrexmarketing.com\/tienda\/\"},{\"@type\":\"ListItem\",\"position\":3,\"name\":\"Venus 2005 1,5 lit.\"}]}]}<\/script>\n<!-- \/ Yoast SEO plugin. -->","yoast_head_json":{"title":"Venus 2005 1,5 lit. - Family Wines","robots":{"index":"noindex","follow":"follow","max-snippet":"max-snippet:-1","max-image-preview":"max-image-preview:large","max-video-preview":"max-video-preview:-1"},"og_locale":"en_US","og_type":"article","og_title":"Venus 2005 1,5 lit. - Family Wines","og_description":"Un intento de interpretar la feminidad, la tierra, a trav\u00e9s de una botella de vino: Cari\u00f1ena y Syrah, misterio y seducci\u00f3n, discurso y voluptuosidad, paz, paciencia, equilibrio y pasi\u00f3n.\u00a0Un vino jugoso, pensado para acompa\u00f1ar la comida, especialmente la cocina mediterr\u00e1nea.\u00a0Venus \u00e9s el resultado de nuestra b\u00fasqueda por la belleza. Trabajamos 4 parcelas de cari\u00f1ena de&hellip;","og_url":"https:\/\/familywines.cetrexmarketing.com\/producto\/venus-2005-15-lit-2\/","og_site_name":"Family Wines","twitter_card":"summary_large_image","twitter_misc":{"Est. reading time":"1 minute"},"schema":{"@context":"https:\/\/schema.org","@graph":[{"@type":"WebSite","@id":"https:\/\/familywines.cetrexmarketing.com\/#website","url":"https:\/\/familywines.cetrexmarketing.com\/","name":"Family Wines","description":"","potentialAction":[{"@type":"SearchAction","target":{"@type":"EntryPoint","urlTemplate":"https:\/\/familywines.cetrexmarketing.com\/?s={search_term_string}"},"query-input":"required name=search_term_string"}],"inLanguage":"en-US"},{"@type":"ImageObject","inLanguage":"en-US","@id":"https:\/\/familywines.cetrexmarketing.com\/producto\/venus-2005-15-lit-2\/#primaryimage","url":"https:\/\/familywines.cetrexmarketing.com\/wp-content\/uploads\/2016\/03\/60-thickbox_default-Venus-2005-15-lit.jpg","contentUrl":"https:\/\/familywines.cetrexmarketing.com\/wp-content\/uploads\/2016\/03\/60-thickbox_default-Venus-2005-15-lit.jpg","width":700,"height":800},{"@type":"WebPage","@id":"https:\/\/familywines.cetrexmarketing.com\/producto\/venus-2005-15-lit-2\/#webpage","url":"https:\/\/familywines.cetrexmarketing.com\/producto\/venus-2005-15-lit-2\/","name":"Venus 2005 1,5 lit. - Family Wines","isPartOf":{"@id":"https:\/\/familywines.cetrexmarketing.com\/#website"},"primaryImageOfPage":{"@id":"https:\/\/familywines.cetrexmarketing.com\/producto\/venus-2005-15-lit-2\/#primaryimage"},"datePublished":"2016-03-18T10:42:31+00:00","dateModified":"2016-03-18T10:42:31+00:00","breadcrumb":{"@id":"https:\/\/familywines.cetrexmarketing.com\/producto\/venus-2005-15-lit-2\/#breadcrumb"},"inLanguage":"en-US","potentialAction":[{"@type":"ReadAction","target":["https:\/\/familywines.cetrexmarketing.com\/producto\/venus-2005-15-lit-2\/"]}]},{"@type":"BreadcrumbList","@id":"https:\/\/familywines.cetrexmarketing.com\/producto\/venus-2005-15-lit-2\/#breadcrumb","itemListElement":[{"@type":"ListItem","position":1,"name":"Home","item":"https:\/\/familywines.cetrexmarketing.com\/en\/test\/"},{"@type":"ListItem","position":2,"name":"Tienda","item":"https:\/\/familywines.cetrexmarketing.com\/tienda\/"},{"@type":"ListItem","position":3,"name":"Venus 2005 1,5 lit."}]}]}},"_links":{"self":[{"href":"https:\/\/familywines.cetrexmarketing.com\/en\/wp-json\/wp\/v2\/product\/998"}],"collection":[{"href":"https:\/\/familywines.cetrexmarketing.com\/en\/wp-json\/wp\/v2\/product"}],"about":[{"href":"https:\/\/familywines.cetrexmarketing.com\/en\/wp-json\/wp\/v2\/types\/product"}],"replies":[{"embeddable":true,"href":"https:\/\/familywines.cetrexmarketing.com\/en\/wp-json\/wp\/v2\/comments?post=998"}],"wp:featuredmedia":[{"embeddable":true,"href":"https:\/\/familywines.cetrexmarketing.com\/en\/wp-json\/wp\/v2\/media\/736"}],"wp:attachment":[{"href":"https:\/\/familywines.cetrexmarketing.com\/en\/wp-json\/wp\/v2\/media?parent=998"}],"wp:term":[{"taxonomy":"product_cat","embeddable":true,"href":"https:\/\/familywines.cetrexmarketing.com\/en\/wp-json\/wp\/v2\/product_cat?post=998"},{"taxonomy":"product_tag","embeddable":true,"href":"https:\/\/familywines.cetrexmarketing.com\/en\/wp-json\/wp\/v2\/product_tag?post=998"}],"curies":[{"name":"wp","href":"https:\/\/api.w.org\/{rel}","templated":true}]}}